{"id":32675,"date":"2025-09-26T23:35:26","date_gmt":"2025-09-26T23:35:26","guid":{"rendered":"https:\/\/as-schwabe.de\/?post_type=product&#038;p=32675"},"modified":"2025-10-23T00:18:43","modified_gmt":"2025-10-23T00:18:43","slug":"lacznik-podwojny-230-v-10-a-ip54-62451","status":"publish","type":"product","link":"https:\/\/as-schwabe.de\/pl\/produkt\/lacznik-podwojny-230-v-10-a-ip54-62451\/","title":{"rendered":"\u0141\u0105cznik podw\u00f3jny 230 V, 10 A IP54 | 62451"},"content":{"rendered":"<p>\u0141\u0105cznik podw\u00f3jny 230 V, 10 A IP54 to solidne rozwi\u0105zanie, idealne do zastosowa\u0144 w \u015brodowiskach wymagaj\u0105cych podwy\u017cszonej ochrony. Oferuje odporno\u015b\u0107 na py\u0142 i wilgo\u0107, co czyni go doskona\u0142ym wyborem do u\u017cytku w pomieszczeniach przemys\u0142owych oraz na zewn\u0105trz budynk\u00f3w. Dzi\u0119ki mo\u017cliwo\u015bci pod\u0142\u0105czenia do dw\u00f3ch obwod\u00f3w elektrcznych, zapewnia wygod\u0119 i oszcz\u0119dno\u015b\u0107 miejsca w instalacjach. Jego wysoka jako\u015b\u0107 wykonania oraz parametr 10 A gwarantuj\u0105 niezawodno\u015b\u0107 i trwa\u0142o\u015b\u0107 w codziennym u\u017cytkowaniu. Wybieraj\u0105c \u0142\u0105cznik podw\u00f3jny IP54, zyskujesz nie tylko funkcjonalno\u015b\u0107, ale r\u00f3wnie\u017c bezpiecze\u0144stwo w eksploatacji.<\/p>","protected":false},"excerpt":{"rendered":"<div class=\"icons\" style=\"display: flex; flex-wrap: wrap; gap: 5px; align-items: center; margin-top: 10px;\"><img decoding=\"async\" src=\"https:\/\/as-schwabe.de\/wp-content\/uploads\/ikony\/znak_CE.png\" alt=\"\" width=\"50\" height=\"50\" \/><img decoding=\"async\" src=\"https:\/\/as-schwabe.de\/wp-content\/uploads\/ikony\/znak_IP54.png\" alt=\"\" width=\"50\" height=\"50\" \/><img decoding=\"async\" src=\"https:\/\/as-schwabe.de\/wp-content\/uploads\/ikony\/znak_Z.png\" alt=\"\" width=\"50\" height=\"50\" \/><img loading=\"lazy\" decoding=\"async\" src=\"https:\/\/as-schwabe.de\/wp-content\/uploads\/ikony\/znak_D.png\" alt=\"\" width=\"50\" height=\"50\" \/><img loading=\"lazy\" decoding=\"async\" src=\"https:\/\/as-schwabe.de\/wp-content\/uploads\/ikony\/znak_DE.png\" alt=\"\" width=\"50\" height=\"40\" \/><\/div>\n<ul>\n<li>\u0142\u0105cznik podw\u00f3jny <\/li>\n<li>wytrzyma\u0142a obudowa z tworzywa termoplastycznego <\/li>\n<li>du\u017ca odporno\u015b\u0107 na promieniowanie UV <\/li>\n<li>z zaciskami spr\u0119\u017cynowymi <\/li>\n<li>du\u017ca przestrze\u0144 na rozbudowane okablowanie <\/li>\n<li>do pod\u0142\u0105czenia przewod\u00f3w o \u015brednicy maks. 2,5 mm2 <\/li>\n<li>kolor: jasnoszary\/stalowoszary <\/li>\n<li>IP54: odporny na kurz i zachlapania, odpowiedni do wilgotnych pomieszcze\u0144 i u\u017cytku na zewn\u0105trz<\/li>\n<\/ul>","protected":false},"featured_media":31780,"template":"","meta":{"inline_featured_image":false},"genre":[509],"product_cat":[523,594],"product_tag":[],"class_list":{"0":"post-32675","1":"product","2":"type-product","3":"status-publish","4":"has-post-thumbnail","6":"product_brand-as-schwabe-pl","7":"product_cat-produkty-do-samodzielnego-montazu-pl","8":"product_cat-przelaczniki-i-gniazda-natynkowe-pl","10":"first","11":"instock","12":"shipping-taxable","13":"product-type-simple"},"aioseo_notices":[],"_links":{"self":[{"href":"https:\/\/as-schwabe.de\/pl\/wp-json\/wp\/v2\/product\/32675","targetHints":{"allow":["GET"]}}],"collection":[{"href":"https:\/\/as-schwabe.de\/pl\/wp-json\/wp\/v2\/product"}],"about":[{"href":"https:\/\/as-schwabe.de\/pl\/wp-json\/wp\/v2\/types\/product"}],"version-history":[{"count":0,"href":"https:\/\/as-schwabe.de\/pl\/wp-json\/wp\/v2\/product\/32675\/revisions"}],"wp:featuredmedia":[{"embeddable":true,"href":"https:\/\/as-schwabe.de\/pl\/wp-json\/wp\/v2\/media\/31780"}],"wp:attachment":[{"href":"https:\/\/as-schwabe.de\/pl\/wp-json\/wp\/v2\/media?parent=32675"}],"wp:term":[{"taxonomy":"product_brand","embeddable":true,"href":"https:\/\/as-schwabe.de\/pl\/wp-json\/wp\/v2\/genre?post=32675"},{"taxonomy":"product_cat","embeddable":true,"href":"https:\/\/as-schwabe.de\/pl\/wp-json\/wp\/v2\/product_cat?post=32675"},{"taxonomy":"product_tag","embeddable":true,"href":"https:\/\/as-schwabe.de\/pl\/wp-json\/wp\/v2\/product_tag?post=32675"}],"curies":[{"name":"wp","href":"https:\/\/api.w.org\/{rel}","templated":true}]}}