{"id":32674,"date":"2025-09-26T23:35:26","date_gmt":"2025-09-26T23:35:26","guid":{"rendered":"https:\/\/as-schwabe.de\/?post_type=product&#038;p=32674"},"modified":"2025-10-23T00:18:43","modified_gmt":"2025-10-23T00:18:43","slug":"lacznik-pojedynczy-230-v-10-a-ip54-62450","status":"publish","type":"product","link":"https:\/\/as-schwabe.de\/pl\/produkt\/lacznik-pojedynczy-230-v-10-a-ip54-62450\/","title":{"rendered":"\u0141\u0105cznik pojedynczy 230 V, 10 A IP54 | 62450"},"content":{"rendered":"<p>\u0141\u0105cznik pojedynczy 230 V, 10 A IP54 to niezawodne rozwi\u0105zanie do zarz\u0105dzania energi\u0105 elektryczn\u0105 w r\u00f3\u017cnych aplikacjach. Dzi\u0119ki stopniowi ochrony IP54, produkt jest odporny na kurz oraz zachlapania wodne, co czyni go idealnym wyborem do u\u017cytku zar\u00f3wno w pomieszczeniach, jak i na zewn\u0105trz. Maksymalne obci\u0105\u017cenie 10 A pozwala na bezpieczne w\u0142\u0105czanie oraz wy\u0142\u0105czanie urz\u0105dze\u0144 elektrycznych, zapewniaj\u0105c jednocze\u015bnie u\u017cytkownikom wygod\u0119 i prostot\u0119 obs\u0142ugi. \u0141\u0105cznik wykonany jest z wysokiej jako\u015bci materia\u0142\u00f3w, co gwarantuje d\u0142ugowieczno\u015b\u0107 oraz niezawodno\u015b\u0107 w codziennym u\u017cytkowaniu.<\/p>","protected":false},"excerpt":{"rendered":"<div class=\"icons\" style=\"display: flex; flex-wrap: wrap; gap: 5px; align-items: center; margin-top: 10px;\"><img decoding=\"async\" src=\"https:\/\/as-schwabe.de\/wp-content\/uploads\/ikony\/znak_CE.png\" alt=\"\" width=\"50\" height=\"50\" \/><img decoding=\"async\" src=\"https:\/\/as-schwabe.de\/wp-content\/uploads\/ikony\/znak_IP54.png\" alt=\"\" width=\"50\" height=\"50\" \/><img decoding=\"async\" src=\"https:\/\/as-schwabe.de\/wp-content\/uploads\/ikony\/znak_Z.png\" alt=\"\" width=\"50\" height=\"50\" \/><img loading=\"lazy\" decoding=\"async\" src=\"https:\/\/as-schwabe.de\/wp-content\/uploads\/ikony\/znak_D.png\" alt=\"\" width=\"50\" height=\"50\" \/><img loading=\"lazy\" decoding=\"async\" src=\"https:\/\/as-schwabe.de\/wp-content\/uploads\/ikony\/znak_DE.png\" alt=\"\" width=\"50\" height=\"40\" \/><\/div>\n<ul>\n<li>\u0142\u0105cznik pojedynczy <\/li>\n<li>wytrzyma\u0142a obudowa z tworzywa termoplastycznego <\/li>\n<li>du\u017ca odporno\u015b\u0107 na promieniowanie UV <\/li>\n<li>z zaciskami spr\u0119\u017cynowymi <\/li>\n<li>du\u017ca przestrze\u0144 na rozbudowane okablowanie <\/li>\n<li>do pod\u0142\u0105czenia przewod\u00f3w o \u015brednicy maks. 2,5 mm2 <\/li>\n<li>kolor: jasnoszary\/stalowoszary <\/li>\n<li>IP54: odporny na kurz i zachlapania, odpowiedni do wilgotnych pomieszcze\u0144 i u\u017cytku na zewn\u0105trz<\/li>\n<\/ul>","protected":false},"featured_media":31778,"template":"","meta":{"inline_featured_image":false},"genre":[509],"product_cat":[523,594],"product_tag":[],"class_list":{"0":"post-32674","1":"product","2":"type-product","3":"status-publish","4":"has-post-thumbnail","6":"product_brand-as-schwabe-pl","7":"product_cat-produkty-do-samodzielnego-montazu-pl","8":"product_cat-przelaczniki-i-gniazda-natynkowe-pl","10":"first","11":"instock","12":"shipping-taxable","13":"product-type-simple"},"aioseo_notices":[],"_links":{"self":[{"href":"https:\/\/as-schwabe.de\/pl\/wp-json\/wp\/v2\/product\/32674","targetHints":{"allow":["GET"]}}],"collection":[{"href":"https:\/\/as-schwabe.de\/pl\/wp-json\/wp\/v2\/product"}],"about":[{"href":"https:\/\/as-schwabe.de\/pl\/wp-json\/wp\/v2\/types\/product"}],"version-history":[{"count":0,"href":"https:\/\/as-schwabe.de\/pl\/wp-json\/wp\/v2\/product\/32674\/revisions"}],"wp:featuredmedia":[{"embeddable":true,"href":"https:\/\/as-schwabe.de\/pl\/wp-json\/wp\/v2\/media\/31778"}],"wp:attachment":[{"href":"https:\/\/as-schwabe.de\/pl\/wp-json\/wp\/v2\/media?parent=32674"}],"wp:term":[{"taxonomy":"product_brand","embeddable":true,"href":"https:\/\/as-schwabe.de\/pl\/wp-json\/wp\/v2\/genre?post=32674"},{"taxonomy":"product_cat","embeddable":true,"href":"https:\/\/as-schwabe.de\/pl\/wp-json\/wp\/v2\/product_cat?post=32674"},{"taxonomy":"product_tag","embeddable":true,"href":"https:\/\/as-schwabe.de\/pl\/wp-json\/wp\/v2\/product_tag?post=32674"}],"curies":[{"name":"wp","href":"https:\/\/api.w.org\/{rel}","templated":true}]}}