{"id":32673,"date":"2025-09-26T23:35:25","date_gmt":"2025-09-26T23:35:25","guid":{"rendered":"https:\/\/as-schwabe.de\/?post_type=product&#038;p=32673"},"modified":"2025-10-23T00:18:42","modified_gmt":"2025-10-23T00:18:42","slug":"adapter-cee-wtyk-ip44-na-gniazdo-cee-3p-z-dodatkowym-gniazdem-ip44-230-v-16-a-3p-h07bq-f-3g25-15-m-62436","status":"publish","type":"product","link":"https:\/\/as-schwabe.de\/pl\/produkt\/adapter-cee-wtyk-ip44-na-gniazdo-cee-3p-z-dodatkowym-gniazdem-ip44-230-v-16-a-3p-h07bq-f-3g25-15-m-62436\/","title":{"rendered":"Przed\u0142u\u017cacz adapter CEE 230 V, 16 A, 3P, wtyczka z uziemieniem na gniazdo k\u0105towe CEE 3P z dodatkowym gniazdem 230 V, 16 A 1,5 m H07BQ-F 3G2,5 POM IP44 | 62436"},"content":{"rendered":"<p>Przed\u0142u\u017cacz adapter CEE 230 V, 16 A, o d\u0142ugo\u015bci 1,5 m, to niezawodne rozwi\u0105zanie do zasilania urz\u0105dze\u0144 elektrycznych w warunkach zewn\u0119trznych. Wyposa\u017cony w wej\u015bcie H07BQ-F 3G2,5 oraz wtyczk\u0119 IP44, zapewnia bezpieczne po\u0142\u0105czenie w trudnych warunkach atmosferycznych. Dzi\u0119ki gniazdu k\u0105towemu CEE oraz dodatkowym gniazdom IP44 z klapk\u0105 i uziemieniem, umo\u017cliwia pod\u0142\u0105czenie r\u00f3\u017cnorodnych urz\u0105dze\u0144, osi\u0105gaj\u0105c maksymalne obci\u0105\u017cenie 3500 W. W zestawie znajduje si\u0119 ta\u015bma Velcro z metalowym uszkiem, co pozwala na wygodne zawieszanie adaptera. Wysokiej jako\u015bci materia\u0142y oraz klasa ochrony IP44 gwarantuj\u0105 d\u0142ugoterminowe u\u017cytkowanie i niezawodno\u015b\u0107 w ka\u017cdych warunkach.<\/p>","protected":false},"excerpt":{"rendered":"<div class=\"icons\" style=\"display: flex; flex-wrap: wrap; gap: 5px; align-items: center; margin-top: 10px;\"><img decoding=\"async\" src=\"https:\/\/as-schwabe.de\/wp-content\/uploads\/ikony\/znak_CE.png\" alt=\"\" width=\"50\" height=\"50\" \/><img decoding=\"async\" src=\"https:\/\/as-schwabe.de\/wp-content\/uploads\/ikony\/znak_IP44.png\" alt=\"\" width=\"50\" height=\"50\" \/><img decoding=\"async\" src=\"https:\/\/as-schwabe.de\/wp-content\/uploads\/ikony\/znak_Z.png\" alt=\"\" width=\"50\" height=\"50\" \/><img loading=\"lazy\" decoding=\"async\" src=\"https:\/\/as-schwabe.de\/wp-content\/uploads\/ikony\/znak_D.png\" alt=\"\" width=\"50\" height=\"50\" \/><img loading=\"lazy\" decoding=\"async\" src=\"https:\/\/as-schwabe.de\/wp-content\/uploads\/ikony\/znak_DE.png\" alt=\"\" width=\"50\" height=\"40\" \/><\/div>\n<ul>\n<li>z bardzo wytrzyma\u0142ym przewodem BQ-F z poliuretanu w pomara\u0144czowym kolorze ostrzegawczym <\/li>\n<li>zawiera opaski kablowe Velcro na rzepy z metalowym uszkiem do zawieszania <\/li>\n<li>IP44: chroniony przed cia\u0142ami obcymi i bryzgami wody <\/li>\n<li>1x wtyczka z uziemieniem 230 V, 16 A <\/li>\n<li>1x gniazdo k\u0105towe CEE z klapk\u0105 uchyln\u0105 230 V, 16 A, 3P i dodatkowo 1x gniazdo z uziemieniem i z klapk\u0105 uchyln\u0105 230 V, 16 A <\/li>\n<li>zawiera opaski kablowe Velcro na rzepy z metalowym uszkiem do zawieszania<\/li>\n<\/ul>","protected":false},"featured_media":31772,"template":"","meta":{"inline_featured_image":false},"genre":[509],"product_cat":[515,576],"product_tag":[],"class_list":{"0":"post-32673","1":"product","2":"type-product","3":"status-publish","4":"has-post-thumbnail","6":"product_brand-as-schwabe-pl","7":"product_cat-kemping-i-caravaning-pl","8":"product_cat-adaptery-pl","10":"first","11":"instock","12":"shipping-taxable","13":"product-type-simple"},"aioseo_notices":[],"_links":{"self":[{"href":"https:\/\/as-schwabe.de\/pl\/wp-json\/wp\/v2\/product\/32673","targetHints":{"allow":["GET"]}}],"collection":[{"href":"https:\/\/as-schwabe.de\/pl\/wp-json\/wp\/v2\/product"}],"about":[{"href":"https:\/\/as-schwabe.de\/pl\/wp-json\/wp\/v2\/types\/product"}],"version-history":[{"count":0,"href":"https:\/\/as-schwabe.de\/pl\/wp-json\/wp\/v2\/product\/32673\/revisions"}],"wp:featuredmedia":[{"embeddable":true,"href":"https:\/\/as-schwabe.de\/pl\/wp-json\/wp\/v2\/media\/31772"}],"wp:attachment":[{"href":"https:\/\/as-schwabe.de\/pl\/wp-json\/wp\/v2\/media?parent=32673"}],"wp:term":[{"taxonomy":"product_brand","embeddable":true,"href":"https:\/\/as-schwabe.de\/pl\/wp-json\/wp\/v2\/genre?post=32673"},{"taxonomy":"product_cat","embeddable":true,"href":"https:\/\/as-schwabe.de\/pl\/wp-json\/wp\/v2\/product_cat?post=32673"},{"taxonomy":"product_tag","embeddable":true,"href":"https:\/\/as-schwabe.de\/pl\/wp-json\/wp\/v2\/product_tag?post=32673"}],"curies":[{"name":"wp","href":"https:\/\/api.w.org\/{rel}","templated":true}]}}