{"id":32672,"date":"2025-09-26T23:35:25","date_gmt":"2025-09-26T23:35:25","guid":{"rendered":"https:\/\/as-schwabe.de\/?post_type=product&#038;p=32672"},"modified":"2025-10-23T00:18:42","modified_gmt":"2025-10-23T00:18:42","slug":"adapter-cee-powerlight-wtyk-cee-3p-na-gniazdo-ip44-230-v-16-a-3p-h07bq-f-3g25-15-m-62435","status":"publish","type":"product","link":"https:\/\/as-schwabe.de\/pl\/produkt\/adapter-cee-powerlight-wtyk-cee-3p-na-gniazdo-ip44-230-v-16-a-3p-h07bq-f-3g25-15-m-62435\/","title":{"rendered":"Przed\u0142u\u017cacz adapter CEE 230 V, 16 A, 3P, wtyczka CEE 3P PowerLight na gniazdo z uziemieniem 1,5 m H07BQ-F 3G2,5 POM IP44 | 62435"},"content":{"rendered":"<p>Przed\u0142u\u017cacz adapter CEE 230 V, 16 A, 3P o d\u0142ugo\u015bci 1,5 m to niezawodne rozwi\u0105zanie dla os\u00f3b poszukuj\u0105cych wydajnego zasilania w warunkach zewn\u0119trznych. Wyposa\u017cony w wtyczk\u0119 CEE 230 V, 16 A, 3P oraz jedn\u0105 gniazdo IP44 z klapk\u0105 i uziemieniem, produkt ten zapewnia bezpieczne i komfortowe korzystanie z urz\u0105dze\u0144 o maksymalnej mocy 3500 W. Dodatkowo, system Powerlight sygnalizuj\u0105cy napi\u0119cie pozwala na bie\u017c\u0105co monitorowanie stanu zasilania. W zestawie znajduje si\u0119 ta\u015bma Velcro z metalowym uszkiem, co u\u0142atwia zawieszanie adaptora w dogodnym miejscu. Dzi\u0119ki stopniowi ochrony IP44, produkt jest idealny do u\u017cycia na zewn\u0105trz, gwarantuj\u0105c trwa\u0142o\u015b\u0107 i niezawodno\u015b\u0107 nawet w trudnych warunkach atmosferycznych.<\/p>","protected":false},"excerpt":{"rendered":"<div class=\"icons\" style=\"display: flex; flex-wrap: wrap; gap: 5px; align-items: center; margin-top: 10px;\"><img decoding=\"async\" src=\"https:\/\/as-schwabe.de\/wp-content\/uploads\/ikony\/znak_CE.png\" alt=\"\" width=\"50\" height=\"50\" \/><img decoding=\"async\" src=\"https:\/\/as-schwabe.de\/wp-content\/uploads\/ikony\/znak_IP44.png\" alt=\"\" width=\"50\" height=\"50\" \/><img decoding=\"async\" src=\"https:\/\/as-schwabe.de\/wp-content\/uploads\/ikony\/znak_POWERLIGHT.png\" alt=\"\" width=\"90\" height=\"50\" \/><img loading=\"lazy\" decoding=\"async\" src=\"https:\/\/as-schwabe.de\/wp-content\/uploads\/ikony\/znak_Z.png\" alt=\"\" width=\"50\" height=\"50\" \/><img loading=\"lazy\" decoding=\"async\" src=\"https:\/\/as-schwabe.de\/wp-content\/uploads\/ikony\/znak_D.png\" alt=\"\" width=\"50\" height=\"50\" \/><img loading=\"lazy\" decoding=\"async\" src=\"https:\/\/as-schwabe.de\/wp-content\/uploads\/ikony\/znak_DE.png\" alt=\"\" width=\"50\" height=\"40\" \/><\/div>\n<ul>\n<li>z bardzo wytrzyma\u0142ym przewodem BQ-F z poliuretanu w pomara\u0144czowym kolorze ostrzegawczym <\/li>\n<li>zawiera opaski kablowe Velcro na rzepy z metalowym uszkiem do zawieszania <\/li>\n<li>IP44: chroniony przed cia\u0142ami obcymi i bryzgami wody <\/li>\n<li>1x wtyczka CEE 230 V, 16 A, 3P z sygnalizacj\u0105 napi\u0119cia \u201ePowerlight\u201d <\/li>\n<li>1x gniazdo z uziemieniem 230 V, 16 A <\/li>\n<li>zawiera opaski kablowe Velcro na rzepy z metalowym uszkiem do zawieszania<\/li>\n<\/ul>","protected":false},"featured_media":31770,"template":"","meta":{"inline_featured_image":false},"genre":[509],"product_cat":[515,576],"product_tag":[],"class_list":{"0":"post-32672","1":"product","2":"type-product","3":"status-publish","4":"has-post-thumbnail","6":"product_brand-as-schwabe-pl","7":"product_cat-kemping-i-caravaning-pl","8":"product_cat-adaptery-pl","10":"first","11":"instock","12":"shipping-taxable","13":"product-type-simple"},"aioseo_notices":[],"_links":{"self":[{"href":"https:\/\/as-schwabe.de\/pl\/wp-json\/wp\/v2\/product\/32672","targetHints":{"allow":["GET"]}}],"collection":[{"href":"https:\/\/as-schwabe.de\/pl\/wp-json\/wp\/v2\/product"}],"about":[{"href":"https:\/\/as-schwabe.de\/pl\/wp-json\/wp\/v2\/types\/product"}],"version-history":[{"count":0,"href":"https:\/\/as-schwabe.de\/pl\/wp-json\/wp\/v2\/product\/32672\/revisions"}],"wp:featuredmedia":[{"embeddable":true,"href":"https:\/\/as-schwabe.de\/pl\/wp-json\/wp\/v2\/media\/31770"}],"wp:attachment":[{"href":"https:\/\/as-schwabe.de\/pl\/wp-json\/wp\/v2\/media?parent=32672"}],"wp:term":[{"taxonomy":"product_brand","embeddable":true,"href":"https:\/\/as-schwabe.de\/pl\/wp-json\/wp\/v2\/genre?post=32672"},{"taxonomy":"product_cat","embeddable":true,"href":"https:\/\/as-schwabe.de\/pl\/wp-json\/wp\/v2\/product_cat?post=32672"},{"taxonomy":"product_tag","embeddable":true,"href":"https:\/\/as-schwabe.de\/pl\/wp-json\/wp\/v2\/product_tag?post=32672"}],"curies":[{"name":"wp","href":"https:\/\/api.w.org\/{rel}","templated":true}]}}