{"id":32671,"date":"2025-09-26T23:35:25","date_gmt":"2025-09-26T23:35:25","guid":{"rendered":"https:\/\/as-schwabe.de\/?post_type=product&#038;p=32671"},"modified":"2025-10-23T00:18:41","modified_gmt":"2025-10-23T00:18:41","slug":"adapter-cee-powerlight-wtyk-ip44-na-gniazdo-cee-3p-230-v-16-a-3p-h07bq-f-3g25-15-m-62434","status":"publish","type":"product","link":"https:\/\/as-schwabe.de\/pl\/produkt\/adapter-cee-powerlight-wtyk-ip44-na-gniazdo-cee-3p-230-v-16-a-3p-h07bq-f-3g25-15-m-62434\/","title":{"rendered":"Przed\u0142u\u017cacz adapter CEE 230 V, 16 A, 3P, wtyczka z uziemieniem na gniazdo CEE 3P PowerLight 1,5 m H07BQ-F 3G2,5 POM IP44 | 62434"},"content":{"rendered":"<p>Przed\u0142u\u017cacz adapter CEE 230 V, 16 A, 3P o d\u0142ugo\u015bci 1,5 m to doskona\u0142e rozwi\u0105zanie do u\u017cytku na zewn\u0105trz, idealne dla profesjonalnych aplikacji oraz amator\u00f3w wszelkich prac zwi\u0105zanych z elektryczno\u015bci\u0105. Posiada wej\u015bcie H07BQ-F 3G2,5 oraz wyj\u015bcie 1x gniazdo CEE 230 V, 16 A, 3P, co zapewnia wysok\u0105 wydajno\u015b\u0107 i bezpiecze\u0144stwo u\u017cytkowania. Zintegrowana sygnalizacja napi\u0119cia Powerlight pozwala na bie\u017c\u0105c\u0105 kontrol\u0119 stanu zasilania, a klasa IP44 gwarantuje ochron\u0119 przed wilgoci\u0105 i kurzem. W zestawie znajduje si\u0119 praktyczna ta\u015bma Velcro z metalowym uszkiem do zawieszania, co u\u0142atwia organizacj\u0119 miejsca pracy. Dzi\u0119ki maksymalnej mocy 3500 W, adapter staje si\u0119 niezast\u0105pionym narz\u0119dziem w ka\u017cdej sytuacji wymagaj\u0105cej zasilania urz\u0105dze\u0144 elektrycznych na \u015bwie\u017cym powietrzu.<\/p>","protected":false},"excerpt":{"rendered":"<div class=\"icons\" style=\"display: flex; flex-wrap: wrap; gap: 5px; align-items: center; margin-top: 10px;\"><img decoding=\"async\" src=\"https:\/\/as-schwabe.de\/wp-content\/uploads\/ikony\/znak_CE.png\" alt=\"\" width=\"50\" height=\"50\" \/><img decoding=\"async\" src=\"https:\/\/as-schwabe.de\/wp-content\/uploads\/ikony\/znak_IP44.png\" alt=\"\" width=\"50\" height=\"50\" \/><img decoding=\"async\" src=\"https:\/\/as-schwabe.de\/wp-content\/uploads\/ikony\/znak_POWERLIGHT.png\" alt=\"\" width=\"90\" height=\"50\" \/><img loading=\"lazy\" decoding=\"async\" src=\"https:\/\/as-schwabe.de\/wp-content\/uploads\/ikony\/znak_Z.png\" alt=\"\" width=\"50\" height=\"50\" \/><img loading=\"lazy\" decoding=\"async\" src=\"https:\/\/as-schwabe.de\/wp-content\/uploads\/ikony\/znak_D.png\" alt=\"\" width=\"50\" height=\"50\" \/><img loading=\"lazy\" decoding=\"async\" src=\"https:\/\/as-schwabe.de\/wp-content\/uploads\/ikony\/znak_DE.png\" alt=\"\" width=\"50\" height=\"40\" \/><\/div>\n<ul>\n<li>z bardzo wytrzyma\u0142ym przewodem BQ-F z poliuretanu w pomara\u0144czowym kolorze ostrzegawczym <\/li>\n<li>zawiera opaski kablowe Velcro na rzepy z metalowym uszkiem do zawieszania <\/li>\n<li>IP44: chroniony przed cia\u0142ami obcymi i bryzgami wody <\/li>\n<li>1x wtyczka z uziemieniem 230 V, 16 A <\/li>\n<li>1x gniazdo CEE z klapk\u0105 uchyln\u0105 230 V, 16 A, 3P z sygnalizacj\u0105 napi\u0119cia \u201ePowerlight\u201c <\/li>\n<li>zawiera opaski kablowe Velcro na rzepy z metalowym uszkiem do zawieszania<\/li>\n<\/ul>","protected":false},"featured_media":31767,"template":"","meta":{"inline_featured_image":false},"genre":[509],"product_cat":[515,576],"product_tag":[],"class_list":{"0":"post-32671","1":"product","2":"type-product","3":"status-publish","4":"has-post-thumbnail","6":"product_brand-as-schwabe-pl","7":"product_cat-kemping-i-caravaning-pl","8":"product_cat-adaptery-pl","10":"first","11":"instock","12":"shipping-taxable","13":"product-type-simple"},"aioseo_notices":[],"_links":{"self":[{"href":"https:\/\/as-schwabe.de\/pl\/wp-json\/wp\/v2\/product\/32671","targetHints":{"allow":["GET"]}}],"collection":[{"href":"https:\/\/as-schwabe.de\/pl\/wp-json\/wp\/v2\/product"}],"about":[{"href":"https:\/\/as-schwabe.de\/pl\/wp-json\/wp\/v2\/types\/product"}],"version-history":[{"count":0,"href":"https:\/\/as-schwabe.de\/pl\/wp-json\/wp\/v2\/product\/32671\/revisions"}],"wp:featuredmedia":[{"embeddable":true,"href":"https:\/\/as-schwabe.de\/pl\/wp-json\/wp\/v2\/media\/31767"}],"wp:attachment":[{"href":"https:\/\/as-schwabe.de\/pl\/wp-json\/wp\/v2\/media?parent=32671"}],"wp:term":[{"taxonomy":"product_brand","embeddable":true,"href":"https:\/\/as-schwabe.de\/pl\/wp-json\/wp\/v2\/genre?post=32671"},{"taxonomy":"product_cat","embeddable":true,"href":"https:\/\/as-schwabe.de\/pl\/wp-json\/wp\/v2\/product_cat?post=32671"},{"taxonomy":"product_tag","embeddable":true,"href":"https:\/\/as-schwabe.de\/pl\/wp-json\/wp\/v2\/product_tag?post=32671"}],"curies":[{"name":"wp","href":"https:\/\/api.w.org\/{rel}","templated":true}]}}