{"id":32669,"date":"2025-09-26T23:35:25","date_gmt":"2025-09-26T23:35:25","guid":{"rendered":"https:\/\/as-schwabe.de\/?post_type=product&#038;p=32669"},"modified":"2025-10-23T00:18:41","modified_gmt":"2025-10-23T00:18:41","slug":"przedluzacz-cee-powerlight-230-v-16-a-3p-h07bq-f-3g25-10-m-62432","status":"publish","type":"product","link":"https:\/\/as-schwabe.de\/pl\/produkt\/przedluzacz-cee-powerlight-230-v-16-a-3p-h07bq-f-3g25-10-m-62432\/","title":{"rendered":"Przed\u0142u\u017cacz CEE 230 V, 16 A, 3P 10 m H07BQ-F 3G2,5 | 62432"},"content":{"rendered":"<p>Przed\u0142u\u017cacz CEE 230 V, 16 A, 3P o d\u0142ugo\u015bci 10 m to idealne rozwi\u0105zanie do zasilania urz\u0105dze\u0144 elektrycznych w trudnych warunkach zewn\u0119trznych. Wyposa\u017cony w wtyczk\u0119 H07BQ-F 3G2,5 o d\u0142ugo\u015bci 1,5 m, oferuje niezawodne po\u0142\u0105czenie zasilania oraz sygnalizacj\u0119 napi\u0119cia dzi\u0119ki technologii Powerlight. Posiada jedno gniazdo CEE 230 V, 16 A, 3P, co umo\u017cliwia obs\u0142ug\u0119 obci\u0105\u017cenia do 3500 W. Dzi\u0119ki klasie ochrony IP44 jest odporny na warunki atmosferyczne, co czyni go odpowiednim do u\u017cytku na zewn\u0105trz. W zestawie znajduje si\u0119 ta\u015bma Velcro z metalowym uszkiem, co u\u0142atwia monta\u017c i przechowywanie. Produkt doskonale sprawdzi si\u0119 w zastosowaniach budowlanych, podczas imprez plenerowych oraz w warsztatach.<\/p>","protected":false},"excerpt":{"rendered":"<div class=\"icons\" style=\"display: flex; flex-wrap: wrap; gap: 5px; align-items: center; margin-top: 10px;\"><img decoding=\"async\" src=\"https:\/\/as-schwabe.de\/wp-content\/uploads\/ikony\/znak_CE.png\" alt=\"\" width=\"50\" height=\"50\" \/><img decoding=\"async\" src=\"https:\/\/as-schwabe.de\/wp-content\/uploads\/ikony\/znak_IP44.png\" alt=\"\" width=\"50\" height=\"50\" \/><img decoding=\"async\" src=\"https:\/\/as-schwabe.de\/wp-content\/uploads\/ikony\/znak_POWERLIGHT.png\" alt=\"\" width=\"90\" height=\"50\" \/><img loading=\"lazy\" decoding=\"async\" src=\"https:\/\/as-schwabe.de\/wp-content\/uploads\/ikony\/znak_Z.png\" alt=\"\" width=\"50\" height=\"50\" \/><img loading=\"lazy\" decoding=\"async\" src=\"https:\/\/as-schwabe.de\/wp-content\/uploads\/ikony\/znak_D.png\" alt=\"\" width=\"50\" height=\"50\" \/><img loading=\"lazy\" decoding=\"async\" src=\"https:\/\/as-schwabe.de\/wp-content\/uploads\/ikony\/znak_DE.png\" alt=\"\" width=\"50\" height=\"40\" \/><\/div>\n<ul>\n<li>z bardzo wytrzyma\u0142ym przewodem BQ-F z poliuretanu w pomara\u0144czowym kolorze ostrzegawczym. <\/li>\n<li>zawiera opaski kablowe Velcro na rzepy z metalowym uszkiem do zawieszania <\/li>\n<li>IP44: chroniony przed cia\u0142ami obcymi i bryzgami wody <\/li>\n<li>1x wtyczka CEE 230 V, 16 A, 3P z sygnalizacj\u0105 napi\u0119cia \u201ePowerlight\u201d <\/li>\n<li>1x gniazdo CEE z klapk\u0105 uchyln\u0105 230 V, 16 A, 3P z sygnalizacj\u0105 napi\u0119cia \u201ePowerlight\u201c <\/li>\n<li>zawiera opaski kablowe Velcro na rzepy z metalowym uszkiem do zawieszania<\/li>\n<\/ul>","protected":false},"featured_media":31761,"template":"","meta":{"inline_featured_image":false},"genre":[509],"product_cat":[515,527],"product_tag":[],"class_list":{"0":"post-32669","1":"product","2":"type-product","3":"status-publish","4":"has-post-thumbnail","6":"product_brand-as-schwabe-pl","7":"product_cat-kemping-i-caravaning-pl","8":"product_cat-przedluzacze-cee-pl","10":"first","11":"instock","12":"shipping-taxable","13":"product-type-simple"},"aioseo_notices":[],"_links":{"self":[{"href":"https:\/\/as-schwabe.de\/pl\/wp-json\/wp\/v2\/product\/32669","targetHints":{"allow":["GET"]}}],"collection":[{"href":"https:\/\/as-schwabe.de\/pl\/wp-json\/wp\/v2\/product"}],"about":[{"href":"https:\/\/as-schwabe.de\/pl\/wp-json\/wp\/v2\/types\/product"}],"version-history":[{"count":0,"href":"https:\/\/as-schwabe.de\/pl\/wp-json\/wp\/v2\/product\/32669\/revisions"}],"wp:featuredmedia":[{"embeddable":true,"href":"https:\/\/as-schwabe.de\/pl\/wp-json\/wp\/v2\/media\/31761"}],"wp:attachment":[{"href":"https:\/\/as-schwabe.de\/pl\/wp-json\/wp\/v2\/media?parent=32669"}],"wp:term":[{"taxonomy":"product_brand","embeddable":true,"href":"https:\/\/as-schwabe.de\/pl\/wp-json\/wp\/v2\/genre?post=32669"},{"taxonomy":"product_cat","embeddable":true,"href":"https:\/\/as-schwabe.de\/pl\/wp-json\/wp\/v2\/product_cat?post=32669"},{"taxonomy":"product_tag","embeddable":true,"href":"https:\/\/as-schwabe.de\/pl\/wp-json\/wp\/v2\/product_tag?post=32669"}],"curies":[{"name":"wp","href":"https:\/\/api.w.org\/{rel}","templated":true}]}}