{"id":32668,"date":"2025-09-26T23:35:24","date_gmt":"2025-09-26T23:35:24","guid":{"rendered":"https:\/\/as-schwabe.de\/?post_type=product&#038;p=32668"},"modified":"2025-10-23T00:18:40","modified_gmt":"2025-10-23T00:18:40","slug":"przedluzacz-cee-powerlight-230-v-16-a-3p-h07bq-f-3g25-5-m-62431","status":"publish","type":"product","link":"https:\/\/as-schwabe.de\/pl\/produkt\/przedluzacz-cee-powerlight-230-v-16-a-3p-h07bq-f-3g25-5-m-62431\/","title":{"rendered":"Przed\u0142u\u017cacz CEE 230 V, 16 A, 3P 5 m H07BQ-F 3G2,5 | 62431"},"content":{"rendered":"<p>Przed\u0142u\u017cacz CEE 230 V, 16 A, 3P o d\u0142ugo\u015bci 5 m to niezawodne rozwi\u0105zanie do zasilania urz\u0105dze\u0144 elektrycznych w trudnych warunkach, dzi\u0119ki wodoszczelnej konstrukcji IP44, przeznaczonej do zastosowania na zewn\u0105trz. Wyposa\u017cony w pomara\u0144czowy kabel H07BQ-F 3G2,5 o d\u0142ugo\u015bci 1,5 m z wtyczk\u0105 CEE, a tak\u017ce gniazdo o tych samych parametrach, oferuje maksymalne obci\u0105\u017cenie do 3500 W. Innowacyjny system Powerlight zapewnia bie\u017c\u0105c\u0105 sygnalizacj\u0119 napi\u0119cia, co zwi\u0119ksza bezpiecze\u0144stwo u\u017cytkowania. Dodatkowo, w zestawie znajduje si\u0119 ta\u015bma Velcro z metalowym uszkiem do zawieszania, co umo\u017cliwia \u0142atw\u0105 organizacj\u0119 oraz zwi\u0119ksza komfort pracy. Idealny do u\u017cycia w przemy\u015ble, na budowach oraz podczas wydarze\u0144 plenerowych.<\/p>","protected":false},"excerpt":{"rendered":"<div class=\"icons\" style=\"display: flex; flex-wrap: wrap; gap: 5px; align-items: center; margin-top: 10px;\"><img decoding=\"async\" src=\"https:\/\/as-schwabe.de\/wp-content\/uploads\/ikony\/znak_CE.png\" alt=\"\" width=\"50\" height=\"50\" \/><img decoding=\"async\" src=\"https:\/\/as-schwabe.de\/wp-content\/uploads\/ikony\/znak_IP44.png\" alt=\"\" width=\"50\" height=\"50\" \/><img decoding=\"async\" src=\"https:\/\/as-schwabe.de\/wp-content\/uploads\/ikony\/znak_POWERLIGHT.png\" alt=\"\" width=\"90\" height=\"50\" \/><img loading=\"lazy\" decoding=\"async\" src=\"https:\/\/as-schwabe.de\/wp-content\/uploads\/ikony\/znak_Z.png\" alt=\"\" width=\"50\" height=\"50\" \/><img loading=\"lazy\" decoding=\"async\" src=\"https:\/\/as-schwabe.de\/wp-content\/uploads\/ikony\/znak_D.png\" alt=\"\" width=\"50\" height=\"50\" \/><img loading=\"lazy\" decoding=\"async\" src=\"https:\/\/as-schwabe.de\/wp-content\/uploads\/ikony\/znak_DE.png\" alt=\"\" width=\"50\" height=\"40\" \/><\/div>\n<ul>\n<li>z bardzo wytrzyma\u0142ym przewodem BQ-F z poliuretanu w pomara\u0144czowym kolorze ostrzegawczym. <\/li>\n<li>zawiera opaski kablowe Velcro na rzepy z metalowym uszkiem do zawieszania <\/li>\n<li>IP44: chroniony przed cia\u0142ami obcymi i bryzgami wody <\/li>\n<li>1x wtyczka CEE 230 V, 16 A, 3P z sygnalizacj\u0105 napi\u0119cia \u201ePowerlight\u201d <\/li>\n<li>1x gniazdo CEE z klapk\u0105 uchyln\u0105 230 V, 16 A, 3P z sygnalizacj\u0105 napi\u0119cia \u201ePowerlight\u201c <\/li>\n<li>zawiera opaski kablowe Velcro na rzepy z metalowym uszkiem do zawieszania<\/li>\n<\/ul>","protected":false},"featured_media":31757,"template":"","meta":{"inline_featured_image":false},"genre":[509],"product_cat":[515,527],"product_tag":[],"class_list":{"0":"post-32668","1":"product","2":"type-product","3":"status-publish","4":"has-post-thumbnail","6":"product_brand-as-schwabe-pl","7":"product_cat-kemping-i-caravaning-pl","8":"product_cat-przedluzacze-cee-pl","10":"first","11":"instock","12":"shipping-taxable","13":"product-type-simple"},"aioseo_notices":[],"_links":{"self":[{"href":"https:\/\/as-schwabe.de\/pl\/wp-json\/wp\/v2\/product\/32668","targetHints":{"allow":["GET"]}}],"collection":[{"href":"https:\/\/as-schwabe.de\/pl\/wp-json\/wp\/v2\/product"}],"about":[{"href":"https:\/\/as-schwabe.de\/pl\/wp-json\/wp\/v2\/types\/product"}],"version-history":[{"count":0,"href":"https:\/\/as-schwabe.de\/pl\/wp-json\/wp\/v2\/product\/32668\/revisions"}],"wp:featuredmedia":[{"embeddable":true,"href":"https:\/\/as-schwabe.de\/pl\/wp-json\/wp\/v2\/media\/31757"}],"wp:attachment":[{"href":"https:\/\/as-schwabe.de\/pl\/wp-json\/wp\/v2\/media?parent=32668"}],"wp:term":[{"taxonomy":"product_brand","embeddable":true,"href":"https:\/\/as-schwabe.de\/pl\/wp-json\/wp\/v2\/genre?post=32668"},{"taxonomy":"product_cat","embeddable":true,"href":"https:\/\/as-schwabe.de\/pl\/wp-json\/wp\/v2\/product_cat?post=32668"},{"taxonomy":"product_tag","embeddable":true,"href":"https:\/\/as-schwabe.de\/pl\/wp-json\/wp\/v2\/product_tag?post=32668"}],"curies":[{"name":"wp","href":"https:\/\/api.w.org\/{rel}","templated":true}]}}