{"id":32666,"date":"2025-09-26T23:35:24","date_gmt":"2025-09-26T23:35:24","guid":{"rendered":"https:\/\/as-schwabe.de\/?post_type=product&#038;p=32666"},"modified":"2025-10-23T00:18:39","modified_gmt":"2025-10-23T00:18:39","slug":"gniazdo-gumowe-z-uziemieniem-basic-230-v-16-a-zolte-62413","status":"publish","type":"product","link":"https:\/\/as-schwabe.de\/pl\/produkt\/gniazdo-gumowe-z-uziemieniem-basic-230-v-16-a-zolte-62413\/","title":{"rendered":"Gniazdo gumowe z uziemieniem 230 V, 16 A 2P+Z \u017b\u00d3\u0141 IP44 | 62413"},"content":{"rendered":"<p>Gniazdo gumowe z uziemieniem 230 V, 16 A, 2P+Z w kolorze \u017c\u00f3\u0142tym to doskona\u0142e rozwi\u0105zanie dla u\u017cytkownik\u00f3w poszukuj\u0105cych bezpiecznego i funkcjonalnego akcesorium elektrycznego do u\u017cytku na zewn\u0105trz. Z maksymalnym przekrojem przewodu do 2,5 mm\u00b2, gwarantuje stabilne po\u0142\u0105czenie elektryczne nawet w trudnych warunkach. Posiada stopie\u0144 ochrony IP44, co sprawia, \u017ce jest odporne na wod\u0119 i py\u0142, idealnie nadaj\u0105c si\u0119 do instalacji w ogrodach, na tarasach czy podczas r\u00f3\u017cnego rodzaju prac plenerowych. Uziemienie zapewnia dodatkowe bezpiecze\u0144stwo, chroni\u0105c u\u017cytkownik\u00f3w przed pora\u017ceniem pr\u0105dem. Dzi\u0119ki solidnej konstrukcji z gumy, gniazdo jest odporne na uszkodzenia mechaniczne oraz dzia\u0142anie niekorzystnych czynnik\u00f3w atmosferycznych.<\/p>","protected":false},"excerpt":{"rendered":"<div class=\"icons\" style=\"display: flex; flex-wrap: wrap; gap: 5px; align-items: center; margin-top: 10px;\"><img decoding=\"async\" src=\"https:\/\/as-schwabe.de\/wp-content\/uploads\/ikony\/znak_IP44.png\" alt=\"\" width=\"50\" height=\"50\" \/><img decoding=\"async\" src=\"https:\/\/as-schwabe.de\/wp-content\/uploads\/ikony\/znak_Z.png\" alt=\"\" width=\"50\" height=\"50\" \/><img decoding=\"async\" src=\"https:\/\/as-schwabe.de\/wp-content\/uploads\/ikony\/znak_D.png\" alt=\"\" width=\"50\" height=\"50\" \/><img loading=\"lazy\" decoding=\"async\" src=\"https:\/\/as-schwabe.de\/wp-content\/uploads\/ikony\/znak_DE.png\" alt=\"\" width=\"50\" height=\"40\" \/><\/div>\n<ul>\n<li>gniazdo gumowe do zastosowa\u0144 zewn\u0119trznych <\/li>\n<li>wersje odpowiednie do u\u017cytku zewn\u0119trznego i wewn\u0119trznego <\/li>\n<li>do pod\u0142\u0105czenia przewod\u00f3w o \u015brednicy maks. 2,5 mm2 <\/li>\n<li>IP44: chroniony przed cia\u0142ami obcymi i bryzgami wody <\/li>\n<li>230 V, 16 A<\/li>\n<\/ul>","protected":false},"featured_media":31749,"template":"","meta":{"inline_featured_image":false},"genre":[509],"product_cat":[523,524],"product_tag":[],"class_list":{"0":"post-32666","1":"product","2":"type-product","3":"status-publish","4":"has-post-thumbnail","6":"product_brand-as-schwabe-pl","7":"product_cat-produkty-do-samodzielnego-montazu-pl","8":"product_cat-wtyczki-i-gniazda-z-uziemieniem-pl","10":"first","11":"instock","12":"shipping-taxable","13":"product-type-simple"},"aioseo_notices":[],"_links":{"self":[{"href":"https:\/\/as-schwabe.de\/pl\/wp-json\/wp\/v2\/product\/32666","targetHints":{"allow":["GET"]}}],"collection":[{"href":"https:\/\/as-schwabe.de\/pl\/wp-json\/wp\/v2\/product"}],"about":[{"href":"https:\/\/as-schwabe.de\/pl\/wp-json\/wp\/v2\/types\/product"}],"version-history":[{"count":0,"href":"https:\/\/as-schwabe.de\/pl\/wp-json\/wp\/v2\/product\/32666\/revisions"}],"wp:featuredmedia":[{"embeddable":true,"href":"https:\/\/as-schwabe.de\/pl\/wp-json\/wp\/v2\/media\/31749"}],"wp:attachment":[{"href":"https:\/\/as-schwabe.de\/pl\/wp-json\/wp\/v2\/media?parent=32666"}],"wp:term":[{"taxonomy":"product_brand","embeddable":true,"href":"https:\/\/as-schwabe.de\/pl\/wp-json\/wp\/v2\/genre?post=32666"},{"taxonomy":"product_cat","embeddable":true,"href":"https:\/\/as-schwabe.de\/pl\/wp-json\/wp\/v2\/product_cat?post=32666"},{"taxonomy":"product_tag","embeddable":true,"href":"https:\/\/as-schwabe.de\/pl\/wp-json\/wp\/v2\/product_tag?post=32666"}],"curies":[{"name":"wp","href":"https:\/\/api.w.org\/{rel}","templated":true}]}}