{"id":32664,"date":"2025-09-26T23:35:23","date_gmt":"2025-09-26T23:35:23","guid":{"rendered":"https:\/\/as-schwabe.de\/?post_type=product&#038;p=32664"},"modified":"2025-10-23T00:18:39","modified_gmt":"2025-10-23T00:18:39","slug":"wtyczka-gumowa-z-uziemieniem-basic-230-v-16-a-2pz-zolta-62403","status":"publish","type":"product","link":"https:\/\/as-schwabe.de\/pl\/produkt\/wtyczka-gumowa-z-uziemieniem-basic-230-v-16-a-2pz-zolta-62403\/","title":{"rendered":"Wtyczka gumowa z uziemieniem 230 V, 16 A, 2P+Z \u017b\u00d3\u0141 IP44 | 62403"},"content":{"rendered":"<p>Wtyczka gumowa z uziemieniem 230 V, 16 A, 2P+Z w kolorze \u017c\u00f3\u0142tym to doskona\u0142e rozwi\u0105zanie dla zastosowa\u0144 na zewn\u0105trz, dzi\u0119ki wysokiemu stopniowi ochrony IP44. Przeznaczona do przewod\u00f3w o maksymalnym przekroju 2,5 mm\u00b2, zapewnia niezawodne i bezpieczne po\u0142\u0105czenie elektryczne w trudnych warunkach atmosferycznych. Wysokiej jako\u015bci materia\u0142 gumowy gwarantuje odporno\u015b\u0107 na dzia\u0142anie wilgoci i uszkodzenia mechaniczne, co czyni j\u0105 idealnym wyborem do zastosowa\u0144 budowlanych oraz ogrodowych. Dzi\u0119ki solidnej konstrukcji i uziemieniu, wtyczka zapewnia dodatkowe bezpiecze\u0144stwo u\u017cytkowania, minimalizuj\u0105c ryzyko pora\u017cenia pr\u0105dem. Wybieraj\u0105c nasz\u0105 wtyczk\u0119 gumow\u0105, zyskujesz pewno\u015b\u0107 niezawodno\u015bci i d\u0142ugotrwa\u0142o\u015bci u\u017cytkowania w ka\u017cdym \u015brodowisku.<\/p>","protected":false},"excerpt":{"rendered":"<div class=\"icons\" style=\"display: flex; flex-wrap: wrap; gap: 5px; align-items: center; margin-top: 10px;\"><img decoding=\"async\" src=\"https:\/\/as-schwabe.de\/wp-content\/uploads\/ikony\/znak_IP44.png\" alt=\"\" width=\"50\" height=\"50\" \/><img decoding=\"async\" src=\"https:\/\/as-schwabe.de\/wp-content\/uploads\/ikony\/znak_Z.png\" alt=\"\" width=\"50\" height=\"50\" \/><img decoding=\"async\" src=\"https:\/\/as-schwabe.de\/wp-content\/uploads\/ikony\/znak_D.png\" alt=\"\" width=\"50\" height=\"50\" \/><img loading=\"lazy\" decoding=\"async\" src=\"https:\/\/as-schwabe.de\/wp-content\/uploads\/ikony\/znak_DE.png\" alt=\"\" width=\"50\" height=\"40\" \/><\/div>\n<ul>\n<li>wtyczka gumowa do zastosowa\u0144 zewn\u0119trznych <\/li>\n<li>wersje odpowiednie do u\u017cytku zewn\u0119trznego i wewn\u0119trznego <\/li>\n<li>do pod\u0142\u0105czenia przewod\u00f3w o \u015brednicy maks. 2,5 mm2 <\/li>\n<li>IP44: chroniony przed cia\u0142ami obcymi i bryzgami wody <\/li>\n<li>230 V, 16 A<\/li>\n<\/ul>","protected":false},"featured_media":31737,"template":"","meta":{"inline_featured_image":false},"genre":[509],"product_cat":[523,524],"product_tag":[],"class_list":{"0":"post-32664","1":"product","2":"type-product","3":"status-publish","4":"has-post-thumbnail","6":"product_brand-as-schwabe-pl","7":"product_cat-produkty-do-samodzielnego-montazu-pl","8":"product_cat-wtyczki-i-gniazda-z-uziemieniem-pl","10":"first","11":"instock","12":"shipping-taxable","13":"product-type-simple"},"aioseo_notices":[],"_links":{"self":[{"href":"https:\/\/as-schwabe.de\/pl\/wp-json\/wp\/v2\/product\/32664","targetHints":{"allow":["GET"]}}],"collection":[{"href":"https:\/\/as-schwabe.de\/pl\/wp-json\/wp\/v2\/product"}],"about":[{"href":"https:\/\/as-schwabe.de\/pl\/wp-json\/wp\/v2\/types\/product"}],"version-history":[{"count":0,"href":"https:\/\/as-schwabe.de\/pl\/wp-json\/wp\/v2\/product\/32664\/revisions"}],"wp:featuredmedia":[{"embeddable":true,"href":"https:\/\/as-schwabe.de\/pl\/wp-json\/wp\/v2\/media\/31737"}],"wp:attachment":[{"href":"https:\/\/as-schwabe.de\/pl\/wp-json\/wp\/v2\/media?parent=32664"}],"wp:term":[{"taxonomy":"product_brand","embeddable":true,"href":"https:\/\/as-schwabe.de\/pl\/wp-json\/wp\/v2\/genre?post=32664"},{"taxonomy":"product_cat","embeddable":true,"href":"https:\/\/as-schwabe.de\/pl\/wp-json\/wp\/v2\/product_cat?post=32664"},{"taxonomy":"product_tag","embeddable":true,"href":"https:\/\/as-schwabe.de\/pl\/wp-json\/wp\/v2\/product_tag?post=32664"}],"curies":[{"name":"wp","href":"https:\/\/api.w.org\/{rel}","templated":true}]}}