{"id":32662,"date":"2025-09-26T23:35:23","date_gmt":"2025-09-26T23:35:23","guid":{"rendered":"https:\/\/as-schwabe.de\/?post_type=product&#038;p=32662"},"modified":"2025-10-23T00:18:38","modified_gmt":"2025-10-23T00:18:38","slug":"przedluzacz-1-gniazdowy-schukoultra-pro-n07v3v3-f-3g25-25-m-62273","status":"publish","type":"product","link":"https:\/\/as-schwabe.de\/pl\/produkt\/przedluzacz-1-gniazdowy-schukoultra-pro-n07v3v3-f-3g25-25-m-62273\/","title":{"rendered":"Przed\u0142u\u017cacz 1-gniazdowy SCHUKOultra Pro 25 m AT-N07V3V3-F 3G2,5 \u017b\u00d3\u0141 IP54 | 62273"},"content":{"rendered":"<p>Przed\u0142u\u017cacz 1-gniazdowy SCHUKOultra Pro AT-N07V3V3-F to niezawodne rozwi\u0105zanie do zasilania urz\u0105dze\u0144 elektrycznych w trudnych warunkach, dzi\u0119ki wysokiej klasie szczelno\u015bci IP54. Posiada wej\u015bcie wtyczk\u0105 SCHUKOultra Pro o napi\u0119ciu 230 V i nat\u0119\u017ceniu 16 A, co zapewnia maksymaln\u0105 moc 3500 W. Wykonany z materia\u0142\u00f3w odpornych na warunki atmosferyczne, idealnie sprawdzi si\u0119 zar\u00f3wno w zastosowaniach domowych, jak i profesjonalnych na zewn\u0105trz. D\u0142ugi kabel o d\u0142ugo\u015bci 25 m oraz solidne gniazdo SCHUKOultra Pro u\u0142atwiaj\u0105 pod\u0142\u0105czenie sprz\u0119tu w trudno dost\u0119pnych miejscach, daj\u0105c u\u017cytkownikowi wygod\u0119 i elastyczno\u015b\u0107 w korzystaniu z energii elektrycznej.<\/p>","protected":false},"excerpt":{"rendered":"<div class=\"icons\" style=\"display: flex; flex-wrap: wrap; gap: 5px; align-items: center; margin-top: 10px;\"><img decoding=\"async\" src=\"https:\/\/as-schwabe.de\/wp-content\/uploads\/ikony\/znak_CE.png\" alt=\"\" width=\"50\" height=\"50\" \/><img decoding=\"async\" src=\"https:\/\/as-schwabe.de\/wp-content\/uploads\/ikony\/znak_IP54.png\" alt=\"\" width=\"50\" height=\"50\" \/><img decoding=\"async\" src=\"https:\/\/as-schwabe.de\/wp-content\/uploads\/ikony\/znak_PB.png\" alt=\"\" width=\"50\" height=\"50\" \/><img loading=\"lazy\" decoding=\"async\" src=\"https:\/\/as-schwabe.de\/wp-content\/uploads\/ikony\/znak_Z.png\" alt=\"\" width=\"50\" height=\"50\" \/><img loading=\"lazy\" decoding=\"async\" src=\"https:\/\/as-schwabe.de\/wp-content\/uploads\/ikony\/znak_D.png\" alt=\"\" width=\"50\" height=\"50\" \/><img loading=\"lazy\" decoding=\"async\" src=\"https:\/\/as-schwabe.de\/wp-content\/uploads\/ikony\/znak_DG.png\" alt=\"\" width=\"50\" height=\"50\" \/><img loading=\"lazy\" decoding=\"async\" src=\"https:\/\/as-schwabe.de\/wp-content\/uploads\/ikony\/znak_DE.png\" alt=\"\" width=\"50\" height=\"40\" \/><\/div>\n<ul>\n<li>dopuszczone do stosowania na budowach i w rolnictwie <\/li>\n<li>230 V, 16 A <\/li>\n<li>IP54: odporny na kurz i bryzgi wody <\/li>\n<li>wtyczka SCHUKOultra Pro <\/li>\n<li>gniazdo SCHUKOultra Pro z klapk\u0105 i kontrolk\u0105 napi\u0119cia<\/li>\n<\/ul>","protected":false},"featured_media":31721,"template":"","meta":{"inline_featured_image":false},"genre":[509],"product_cat":[544,545],"product_tag":[],"class_list":{"0":"post-32662","1":"product","2":"type-product","3":"status-publish","4":"has-post-thumbnail","6":"product_brand-as-schwabe-pl","7":"product_cat-przedluzacze-2-pl","8":"product_cat-do-stosowania-na-budowach-pl","10":"first","11":"instock","12":"shipping-taxable","13":"product-type-simple"},"aioseo_notices":[],"_links":{"self":[{"href":"https:\/\/as-schwabe.de\/pl\/wp-json\/wp\/v2\/product\/32662","targetHints":{"allow":["GET"]}}],"collection":[{"href":"https:\/\/as-schwabe.de\/pl\/wp-json\/wp\/v2\/product"}],"about":[{"href":"https:\/\/as-schwabe.de\/pl\/wp-json\/wp\/v2\/types\/product"}],"version-history":[{"count":0,"href":"https:\/\/as-schwabe.de\/pl\/wp-json\/wp\/v2\/product\/32662\/revisions"}],"wp:featuredmedia":[{"embeddable":true,"href":"https:\/\/as-schwabe.de\/pl\/wp-json\/wp\/v2\/media\/31721"}],"wp:attachment":[{"href":"https:\/\/as-schwabe.de\/pl\/wp-json\/wp\/v2\/media?parent=32662"}],"wp:term":[{"taxonomy":"product_brand","embeddable":true,"href":"https:\/\/as-schwabe.de\/pl\/wp-json\/wp\/v2\/genre?post=32662"},{"taxonomy":"product_cat","embeddable":true,"href":"https:\/\/as-schwabe.de\/pl\/wp-json\/wp\/v2\/product_cat?post=32662"},{"taxonomy":"product_tag","embeddable":true,"href":"https:\/\/as-schwabe.de\/pl\/wp-json\/wp\/v2\/product_tag?post=32662"}],"curies":[{"name":"wp","href":"https:\/\/api.w.org\/{rel}","templated":true}]}}