{"id":32661,"date":"2025-09-26T23:35:23","date_gmt":"2025-09-26T23:35:23","guid":{"rendered":"https:\/\/as-schwabe.de\/?post_type=product&#038;p=32661"},"modified":"2025-10-23T00:18:38","modified_gmt":"2025-10-23T00:18:38","slug":"przedluzacz-1-gniazdowy-schukoultra-pro-n07v3v3-f-3g15-25-m-62271","status":"publish","type":"product","link":"https:\/\/as-schwabe.de\/pl\/produkt\/przedluzacz-1-gniazdowy-schukoultra-pro-n07v3v3-f-3g15-25-m-62271\/","title":{"rendered":"Przed\u0142u\u017cacz 1-gniazdowy SCHUKOultra Pro 25 m AT-N07V3V3-F 3G1,5 \u017b\u00d3\u0141 IP54 | 62271"},"content":{"rendered":"<p>Przed\u0142u\u017cacz 1-gniazdowy SCHUKOultra Pro (AT-N07V3V3-F) o d\u0142ugo\u015bci 25 m to idealne rozwi\u0105zanie dla u\u017cytkownik\u00f3w poszukuj\u0105cych niezawodno\u015bci i bezpiecze\u0144stwa w warunkach zewn\u0119trznych. Wyposa\u017cony w czerwono-czarn\u0105 wtyczk\u0119 SCHUKOultra Pro, zapewnia stabilne zasilanie o napi\u0119ciu 230 V i pr\u0105dzie 16 A, co pozwala na ci\u0105g\u0142e obci\u0105\u017cenie do 3500 W. Oznaczenie IP54 gwarantuje ochron\u0119 przed wilgoci\u0105 i py\u0142em, co czyni go odpowiednim do u\u017cytku w trudnych warunkach atmosferycznych. Dzi\u0119ki jednemu gniazdu SCHUKOultra Pro u\u017cytkownik ma mo\u017cliwo\u015b\u0107 \u0142atwego pod\u0142\u0105czenia r\u00f3\u017cnych urz\u0105dze\u0144 elektrycznych na zewn\u0105trz, co zwi\u0119ksza jego wszechstronno\u015b\u0107 i funkcjonalno\u015b\u0107. Ten produkt \u0142\u0105czy w sobie nowoczesn\u0105 technologi\u0119 z wysok\u0105 jako\u015bci\u0105 wykonania, co sprawia, \u017ce jest niezb\u0119dnym narz\u0119dziem w ka\u017cdej sytuacji wymagaj\u0105cej mobilnego zasilania.<\/p>","protected":false},"excerpt":{"rendered":"<div class=\"icons\" style=\"display: flex; flex-wrap: wrap; gap: 5px; align-items: center; margin-top: 10px;\"><img decoding=\"async\" src=\"https:\/\/as-schwabe.de\/wp-content\/uploads\/ikony\/znak_CE.png\" alt=\"\" width=\"50\" height=\"50\" \/><img decoding=\"async\" src=\"https:\/\/as-schwabe.de\/wp-content\/uploads\/ikony\/znak_IP54.png\" alt=\"\" width=\"50\" height=\"50\" \/><img decoding=\"async\" src=\"https:\/\/as-schwabe.de\/wp-content\/uploads\/ikony\/znak_PB.png\" alt=\"\" width=\"50\" height=\"50\" \/><img loading=\"lazy\" decoding=\"async\" src=\"https:\/\/as-schwabe.de\/wp-content\/uploads\/ikony\/znak_Z.png\" alt=\"\" width=\"50\" height=\"50\" \/><img loading=\"lazy\" decoding=\"async\" src=\"https:\/\/as-schwabe.de\/wp-content\/uploads\/ikony\/znak_D.png\" alt=\"\" width=\"50\" height=\"50\" \/><img loading=\"lazy\" decoding=\"async\" src=\"https:\/\/as-schwabe.de\/wp-content\/uploads\/ikony\/znak_DG.png\" alt=\"\" width=\"50\" height=\"50\" \/><img loading=\"lazy\" decoding=\"async\" src=\"https:\/\/as-schwabe.de\/wp-content\/uploads\/ikony\/znak_DE.png\" alt=\"\" width=\"50\" height=\"40\" \/><\/div>\n<ul>\n<li>dopuszczone do stosowania na budowach i w rolnictwie <\/li>\n<li>230 V, 16 A <\/li>\n<li>IP54: odporny na kurz i bryzgi wody <\/li>\n<li>wtyczka SCHUKOultra Pro <\/li>\n<li>gniazdo SCHUKOultra Pro z klapk\u0105 i kontrolk\u0105 napi\u0119cia<\/li>\n<\/ul>","protected":false},"featured_media":31725,"template":"","meta":{"inline_featured_image":false},"genre":[509],"product_cat":[544,545],"product_tag":[],"class_list":{"0":"post-32661","1":"product","2":"type-product","3":"status-publish","4":"has-post-thumbnail","6":"product_brand-as-schwabe-pl","7":"product_cat-przedluzacze-2-pl","8":"product_cat-do-stosowania-na-budowach-pl","10":"first","11":"instock","12":"shipping-taxable","13":"product-type-simple"},"aioseo_notices":[],"_links":{"self":[{"href":"https:\/\/as-schwabe.de\/pl\/wp-json\/wp\/v2\/product\/32661","targetHints":{"allow":["GET"]}}],"collection":[{"href":"https:\/\/as-schwabe.de\/pl\/wp-json\/wp\/v2\/product"}],"about":[{"href":"https:\/\/as-schwabe.de\/pl\/wp-json\/wp\/v2\/types\/product"}],"version-history":[{"count":0,"href":"https:\/\/as-schwabe.de\/pl\/wp-json\/wp\/v2\/product\/32661\/revisions"}],"wp:featuredmedia":[{"embeddable":true,"href":"https:\/\/as-schwabe.de\/pl\/wp-json\/wp\/v2\/media\/31725"}],"wp:attachment":[{"href":"https:\/\/as-schwabe.de\/pl\/wp-json\/wp\/v2\/media?parent=32661"}],"wp:term":[{"taxonomy":"product_brand","embeddable":true,"href":"https:\/\/as-schwabe.de\/pl\/wp-json\/wp\/v2\/genre?post=32661"},{"taxonomy":"product_cat","embeddable":true,"href":"https:\/\/as-schwabe.de\/pl\/wp-json\/wp\/v2\/product_cat?post=32661"},{"taxonomy":"product_tag","embeddable":true,"href":"https:\/\/as-schwabe.de\/pl\/wp-json\/wp\/v2\/product_tag?post=32661"}],"curies":[{"name":"wp","href":"https:\/\/api.w.org\/{rel}","templated":true}]}}