{"id":32660,"date":"2025-09-26T23:35:23","date_gmt":"2025-09-26T23:35:23","guid":{"rendered":"https:\/\/as-schwabe.de\/?post_type=product&#038;p=32660"},"modified":"2025-10-23T00:18:37","modified_gmt":"2025-10-23T00:18:37","slug":"przedluzacz-1-gniazdowy-schukoultra-pro-h07bq-f-3g25-50-m-62264","status":"publish","type":"product","link":"https:\/\/as-schwabe.de\/pl\/produkt\/przedluzacz-1-gniazdowy-schukoultra-pro-h07bq-f-3g25-50-m-62264\/","title":{"rendered":"Przed\u0142u\u017cacz 1-gniazdowy SCHUKOultra Pro 50 m H07BQ-F 3G2,5 POM IP54 | 62264"},"content":{"rendered":"<p>Przed\u0142u\u017cacz 1-gniazdowy SCHUKOultra Pro to niezawodne rozwi\u0105zanie do zasilania urz\u0105dze\u0144 elektrycznych w trudnych warunkach, idealne do u\u017cytku na zewn\u0105trz i na budowie. Wyposa\u017cony w gniazdo oraz wtyczk\u0119 SCHUKOultra Pro, obs\u0142uguje napi\u0119cie 230 V i maksymalne obci\u0105\u017cenie 16 A, co pozwala na bezpieczne pod\u0142\u0105czenie sprz\u0119tu o mocy do 3500 W. Dzi\u0119ki zastosowaniu kabla H07BQ-F 3G1,5 pomara\u0144czowego o d\u0142ugo\u015bci 50 m, u\u017cytkownik zyskuje du\u017c\u0105 elastyczno\u015b\u0107 w rozmieszczaniu urz\u0105dze\u0144. Dodatkowo, zabezpieczenie IP54 gwarantuje odporno\u015b\u0107 na kurz i wod\u0119, co czyni ten przed\u0142u\u017cacz idealnym do u\u017cytku w trudnych warunkach atmosferycznych. To produkt stworzony z my\u015bl\u0105 o profesjonalistach, kt\u00f3rzy ceni\u0105 sobie jako\u015b\u0107, trwa\u0142o\u015b\u0107 i bezpiecze\u0144stwo.<\/p>","protected":false},"excerpt":{"rendered":"<div class=\"icons\" style=\"display: flex; flex-wrap: wrap; gap: 5px; align-items: center; margin-top: 10px;\"><img decoding=\"async\" src=\"https:\/\/as-schwabe.de\/wp-content\/uploads\/ikony\/znak_CE.png\" alt=\"\" width=\"50\" height=\"50\" \/><img decoding=\"async\" src=\"https:\/\/as-schwabe.de\/wp-content\/uploads\/ikony\/znak_IP54.png\" alt=\"\" width=\"50\" height=\"50\" \/><img decoding=\"async\" src=\"https:\/\/as-schwabe.de\/wp-content\/uploads\/ikony\/znak_PB.png\" alt=\"\" width=\"50\" height=\"50\" \/><img loading=\"lazy\" decoding=\"async\" src=\"https:\/\/as-schwabe.de\/wp-content\/uploads\/ikony\/znak_Z.png\" alt=\"\" width=\"50\" height=\"50\" \/><img loading=\"lazy\" decoding=\"async\" src=\"https:\/\/as-schwabe.de\/wp-content\/uploads\/ikony\/znak_D.png\" alt=\"\" width=\"50\" height=\"50\" \/><img loading=\"lazy\" decoding=\"async\" src=\"https:\/\/as-schwabe.de\/wp-content\/uploads\/ikony\/znak_DG.png\" alt=\"\" width=\"50\" height=\"50\" \/><img loading=\"lazy\" decoding=\"async\" src=\"https:\/\/as-schwabe.de\/wp-content\/uploads\/ikony\/znak_DE.png\" alt=\"\" width=\"50\" height=\"40\" \/><\/div>\n<ul>\n<li>dopuszczone do stosowania na budowach i w rolnictwie <\/li>\n<li>230 V, 16 A <\/li>\n<li>IP54: odporny na kurz i bryzgi wody <\/li>\n<li>wtyczka SCHUKOultra Pro <\/li>\n<li>gniazdo SCHUKOultra Pro z klapk\u0105 i kontrolk\u0105 napi\u0119cia<\/li>\n<\/ul>","protected":false},"featured_media":31720,"template":"","meta":{"inline_featured_image":false},"genre":[509],"product_cat":[544,545],"product_tag":[],"class_list":{"0":"post-32660","1":"product","2":"type-product","3":"status-publish","4":"has-post-thumbnail","6":"product_brand-as-schwabe-pl","7":"product_cat-przedluzacze-2-pl","8":"product_cat-do-stosowania-na-budowach-pl","10":"first","11":"instock","12":"shipping-taxable","13":"product-type-simple"},"aioseo_notices":[],"_links":{"self":[{"href":"https:\/\/as-schwabe.de\/pl\/wp-json\/wp\/v2\/product\/32660","targetHints":{"allow":["GET"]}}],"collection":[{"href":"https:\/\/as-schwabe.de\/pl\/wp-json\/wp\/v2\/product"}],"about":[{"href":"https:\/\/as-schwabe.de\/pl\/wp-json\/wp\/v2\/types\/product"}],"version-history":[{"count":0,"href":"https:\/\/as-schwabe.de\/pl\/wp-json\/wp\/v2\/product\/32660\/revisions"}],"wp:featuredmedia":[{"embeddable":true,"href":"https:\/\/as-schwabe.de\/pl\/wp-json\/wp\/v2\/media\/31720"}],"wp:attachment":[{"href":"https:\/\/as-schwabe.de\/pl\/wp-json\/wp\/v2\/media?parent=32660"}],"wp:term":[{"taxonomy":"product_brand","embeddable":true,"href":"https:\/\/as-schwabe.de\/pl\/wp-json\/wp\/v2\/genre?post=32660"},{"taxonomy":"product_cat","embeddable":true,"href":"https:\/\/as-schwabe.de\/pl\/wp-json\/wp\/v2\/product_cat?post=32660"},{"taxonomy":"product_tag","embeddable":true,"href":"https:\/\/as-schwabe.de\/pl\/wp-json\/wp\/v2\/product_tag?post=32660"}],"curies":[{"name":"wp","href":"https:\/\/api.w.org\/{rel}","templated":true}]}}