{"id":32659,"date":"2025-09-26T23:35:22","date_gmt":"2025-09-26T23:35:22","guid":{"rendered":"https:\/\/as-schwabe.de\/?post_type=product&#038;p=32659"},"modified":"2025-10-23T00:18:37","modified_gmt":"2025-10-23T00:18:37","slug":"przedluzacz-1-gniazdowy-schukoultra-pro-h07bq-f-3g25-25-m-62263","status":"publish","type":"product","link":"https:\/\/as-schwabe.de\/pl\/produkt\/przedluzacz-1-gniazdowy-schukoultra-pro-h07bq-f-3g25-25-m-62263\/","title":{"rendered":"Przed\u0142u\u017cacz 1-gniazdowy SCHUKOultra Pro 25 m H07BQ-F 3G2,5 POM IP54 | 62263"},"content":{"rendered":"<p>Przed\u0142u\u017cacz 1-gniazdowy SCHUKOultra Pro o d\u0142ugo\u015bci 25 m to niezawodne rozwi\u0105zanie dla profesjonalist\u00f3w i majsterkowicz\u00f3w, idealne do u\u017cytku na zewn\u0105trz oraz w trudnych warunkach budowlanych. Wykonany z wysokiej jako\u015bci materia\u0142\u00f3w, posiada wtyczk\u0119 i gniazdo SCHUKOultra Pro szaro-czarne, kt\u00f3re zapewniaj\u0105 bezpieczne po\u0142\u0105czenie o parametrach 230 V, 16 A (3500 W). Klasa ochrony IP54 gwarantuje odporno\u015b\u0107 na py\u0142 i wilgo\u0107, co czyni go doskona\u0142ym wyborem do prac w terenie. Elastyczny przew\u00f3d H07BQ-F 3G1,5 zapewnia nie tylko du\u017c\u0105 mobilno\u015b\u0107, ale tak\u017ce wysok\u0105 wytrzyma\u0142o\u015b\u0107 mechaniczn\u0105, co przek\u0142ada si\u0119 na d\u0142ugotrwa\u0142e u\u017cytkowanie. Dzi\u0119ki przed\u0142u\u017caczowi SCHUKOultra Pro, zyskujesz pewno\u015b\u0107, \u017ce Twoje urz\u0105dzenia elektryczne b\u0119d\u0105 zawsze pod\u0142\u0105czone tam, gdzie ich potrzebujesz.<\/p>","protected":false},"excerpt":{"rendered":"<div class=\"icons\" style=\"display: flex; flex-wrap: wrap; gap: 5px; align-items: center; margin-top: 10px;\"><img decoding=\"async\" src=\"https:\/\/as-schwabe.de\/wp-content\/uploads\/ikony\/znak_CE.png\" alt=\"\" width=\"50\" height=\"50\" \/><img decoding=\"async\" src=\"https:\/\/as-schwabe.de\/wp-content\/uploads\/ikony\/znak_IP54.png\" alt=\"\" width=\"50\" height=\"50\" \/><img decoding=\"async\" src=\"https:\/\/as-schwabe.de\/wp-content\/uploads\/ikony\/znak_PB.png\" alt=\"\" width=\"50\" height=\"50\" \/><img loading=\"lazy\" decoding=\"async\" src=\"https:\/\/as-schwabe.de\/wp-content\/uploads\/ikony\/znak_Z.png\" alt=\"\" width=\"50\" height=\"50\" \/><img loading=\"lazy\" decoding=\"async\" src=\"https:\/\/as-schwabe.de\/wp-content\/uploads\/ikony\/znak_D.png\" alt=\"\" width=\"50\" height=\"50\" \/><img loading=\"lazy\" decoding=\"async\" src=\"https:\/\/as-schwabe.de\/wp-content\/uploads\/ikony\/znak_DG.png\" alt=\"\" width=\"50\" height=\"50\" \/><img loading=\"lazy\" decoding=\"async\" src=\"https:\/\/as-schwabe.de\/wp-content\/uploads\/ikony\/znak_DE.png\" alt=\"\" width=\"50\" height=\"40\" \/><\/div>\n<ul>\n<li>dopuszczone do stosowania na budowach i w rolnictwie <\/li>\n<li>230 V, 16 A <\/li>\n<li>IP54: odporny na kurz i bryzgi wody <\/li>\n<li>wtyczka SCHUKOultra Pro <\/li>\n<li>gniazdo SCHUKOultra Pro z klapk\u0105 i kontrolk\u0105 napi\u0119cia<\/li>\n<\/ul>","protected":false},"featured_media":31722,"template":"","meta":{"inline_featured_image":false},"genre":[509],"product_cat":[544,545],"product_tag":[],"class_list":{"0":"post-32659","1":"product","2":"type-product","3":"status-publish","4":"has-post-thumbnail","6":"product_brand-as-schwabe-pl","7":"product_cat-przedluzacze-2-pl","8":"product_cat-do-stosowania-na-budowach-pl","10":"first","11":"instock","12":"shipping-taxable","13":"product-type-simple"},"aioseo_notices":[],"_links":{"self":[{"href":"https:\/\/as-schwabe.de\/pl\/wp-json\/wp\/v2\/product\/32659","targetHints":{"allow":["GET"]}}],"collection":[{"href":"https:\/\/as-schwabe.de\/pl\/wp-json\/wp\/v2\/product"}],"about":[{"href":"https:\/\/as-schwabe.de\/pl\/wp-json\/wp\/v2\/types\/product"}],"version-history":[{"count":0,"href":"https:\/\/as-schwabe.de\/pl\/wp-json\/wp\/v2\/product\/32659\/revisions"}],"wp:featuredmedia":[{"embeddable":true,"href":"https:\/\/as-schwabe.de\/pl\/wp-json\/wp\/v2\/media\/31722"}],"wp:attachment":[{"href":"https:\/\/as-schwabe.de\/pl\/wp-json\/wp\/v2\/media?parent=32659"}],"wp:term":[{"taxonomy":"product_brand","embeddable":true,"href":"https:\/\/as-schwabe.de\/pl\/wp-json\/wp\/v2\/genre?post=32659"},{"taxonomy":"product_cat","embeddable":true,"href":"https:\/\/as-schwabe.de\/pl\/wp-json\/wp\/v2\/product_cat?post=32659"},{"taxonomy":"product_tag","embeddable":true,"href":"https:\/\/as-schwabe.de\/pl\/wp-json\/wp\/v2\/product_tag?post=32659"}],"curies":[{"name":"wp","href":"https:\/\/api.w.org\/{rel}","templated":true}]}}