{"id":32656,"date":"2025-09-26T23:35:19","date_gmt":"2025-09-26T23:35:19","guid":{"rendered":"https:\/\/as-schwabe.de\/produkt\/gniazdo-schukoultra-pro-230-v-16-a-2pz-szaro-czarne-62242\/"},"modified":"2025-10-23T00:18:33","modified_gmt":"2025-10-23T00:18:33","slug":"gniazdo-schukoultra-pro-230-v-16-a-2pz-szaro-czarne-62242","status":"publish","type":"product","link":"https:\/\/as-schwabe.de\/pl\/produkt\/gniazdo-schukoultra-pro-230-v-16-a-2pz-szaro-czarne-62242\/","title":{"rendered":"Gniazdo SCHUKOultra Pro 230 V, 16 A 2P+Z SZA-CZA IP54 | 62242"},"content":{"rendered":"<p>Gniazdo SCHUKOultra Pro 230 V, 16 A, 2P+Z w kolorze szaro-czarnym to solidne rozwi\u0105zanie zar\u00f3wno do u\u017cytku na \u015bwie\u017cym powietrzu, jak i w warunkach budowlanych. Dzi\u0119ki maksymalnej \u015brednicy przewodu do 2,5 mm\u00b2 oraz dwukomponentowej obudowie, produkt zapewnia wysok\u0105 trwa\u0142o\u015b\u0107 i bezpiecze\u0144stwo u\u017cytkowania. Wbudowana sygnalizacja napi\u0119cia umo\u017cliwia szybkie sprawdzenie stanu zasilania, a klasa ochrony IP54 gwarantuje odporno\u015b\u0107 na kurz i wilgo\u0107. Gniazdo to jest idealnym wyborem dla profesjonalist\u00f3w, kt\u00f3rzy wymagaj\u0105 niezawodnego i wydajnego sprz\u0119tu w trudnych warunkach.<\/p>","protected":false},"excerpt":{"rendered":"<div class=\"icons\" style=\"display: flex; flex-wrap: wrap; gap: 5px; align-items: center; margin-top: 10px;\"><img decoding=\"async\" src=\"https:\/\/as-schwabe.de\/wp-content\/uploads\/ikony\/znak_IP54.png\" alt=\"\" width=\"50\" height=\"50\" \/><img decoding=\"async\" src=\"https:\/\/as-schwabe.de\/wp-content\/uploads\/ikony\/znak_PB.png\" alt=\"\" width=\"50\" height=\"50\" \/><img decoding=\"async\" src=\"https:\/\/as-schwabe.de\/wp-content\/uploads\/ikony\/znak_Z.png\" alt=\"\" width=\"50\" height=\"50\" \/><img loading=\"lazy\" decoding=\"async\" src=\"https:\/\/as-schwabe.de\/wp-content\/uploads\/ikony\/znak_D.png\" alt=\"\" width=\"50\" height=\"50\" \/><img loading=\"lazy\" decoding=\"async\" src=\"https:\/\/as-schwabe.de\/wp-content\/uploads\/ikony\/znak_DE.png\" alt=\"\" width=\"50\" height=\"40\" \/><\/div>\n<ul>\n<li>gniazdo <\/li>\n<li>dzi\u0119ki zastosowaniu wysokowydajnych tworzyw sztucznych, takich jak elamid, seria SCHUKOultra Pro nadaje si\u0119 do trudnych zastosowa\u0144 na placach budowy<\/li>\n<li> technologia dwusk\u0142adnikowa sprawia, \u017ce seria SCHUKOultra Pro jest szczeg\u00f3lnie przyczepna i antypo\u015blizgowa <\/li>\n<li>do pod\u0142\u0105czenia kabli o maksymalnym przekroju 3x 2,5 mm2 <\/li>\n<li>IP54: odporny na kurz i zachlapania <\/li>\n<li>230 V, 16 A<\/li>\n<\/ul>","protected":false},"featured_media":31678,"template":"","meta":{"inline_featured_image":false},"genre":[509],"product_cat":[523,524],"product_tag":[],"class_list":{"0":"post-32656","1":"product","2":"type-product","3":"status-publish","4":"has-post-thumbnail","6":"product_brand-as-schwabe-pl","7":"product_cat-produkty-do-samodzielnego-montazu-pl","8":"product_cat-wtyczki-i-gniazda-z-uziemieniem-pl","10":"first","11":"instock","12":"shipping-taxable","13":"product-type-simple"},"aioseo_notices":[],"_links":{"self":[{"href":"https:\/\/as-schwabe.de\/pl\/wp-json\/wp\/v2\/product\/32656","targetHints":{"allow":["GET"]}}],"collection":[{"href":"https:\/\/as-schwabe.de\/pl\/wp-json\/wp\/v2\/product"}],"about":[{"href":"https:\/\/as-schwabe.de\/pl\/wp-json\/wp\/v2\/types\/product"}],"version-history":[{"count":0,"href":"https:\/\/as-schwabe.de\/pl\/wp-json\/wp\/v2\/product\/32656\/revisions"}],"wp:featuredmedia":[{"embeddable":true,"href":"https:\/\/as-schwabe.de\/pl\/wp-json\/wp\/v2\/media\/31678"}],"wp:attachment":[{"href":"https:\/\/as-schwabe.de\/pl\/wp-json\/wp\/v2\/media?parent=32656"}],"wp:term":[{"taxonomy":"product_brand","embeddable":true,"href":"https:\/\/as-schwabe.de\/pl\/wp-json\/wp\/v2\/genre?post=32656"},{"taxonomy":"product_cat","embeddable":true,"href":"https:\/\/as-schwabe.de\/pl\/wp-json\/wp\/v2\/product_cat?post=32656"},{"taxonomy":"product_tag","embeddable":true,"href":"https:\/\/as-schwabe.de\/pl\/wp-json\/wp\/v2\/product_tag?post=32656"}],"curies":[{"name":"wp","href":"https:\/\/api.w.org\/{rel}","templated":true}]}}