{"id":32651,"date":"2025-09-26T23:35:15","date_gmt":"2025-09-26T23:35:15","guid":{"rendered":"https:\/\/as-schwabe.de\/produkt\/gniazdo-proste-z-tworzywa-230-v-16-a-2pz-szare-62223\/"},"modified":"2025-10-23T00:18:30","modified_gmt":"2025-10-23T00:18:30","slug":"gniazdo-proste-z-tworzywa-230-v-16-a-2pz-szare-62223","status":"publish","type":"product","link":"https:\/\/as-schwabe.de\/pl\/produkt\/gniazdo-proste-z-tworzywa-230-v-16-a-2pz-szare-62223\/","title":{"rendered":"Gniazdo proste z tworzywa 230 V, 16 A 2P+Z szare IP20 | 62223"},"content":{"rendered":"<p>Gniazdo proste z tworzywa o napi\u0119ciu 230 V i pr\u0105dzie 16 A, wyposa\u017cone w dwa bieguny oraz uziemienie (2P+Z), to idealne rozwi\u0105zanie do zastosowania w pomieszczeniach wewn\u0119trznych. Jego maksymalne dopuszczalne przewodniki si\u0119gaj\u0105 1,5 mm\u00b2, co zapewnia odpowiedni\u0105 wydajno\u015b\u0107 oraz bezpiecze\u0144stwo w codziennym u\u017cytkowaniu. Klasa ochrony IP20 sprawia, \u017ce produkt jest odpowiedni do miejsc, gdzie nie wyst\u0119puje wilgo\u0107, co podnosi trwa\u0142o\u015b\u0107 gniazda. Dzi\u0119ki solidnej konstrukcji z tworzywa sztucznego, gniazdo cechuje si\u0119 wysok\u0105 odporno\u015bci\u0105 na uszkodzenia mechaniczne. Wyb\u00f3r tego gniazda to gwarancja niezawodno\u015bci i komfortu korzystania z urz\u0105dze\u0144 elektrycznych w ka\u017cdym wn\u0119trzu.<\/p>","protected":false},"excerpt":{"rendered":"<div class=\"icons\" style=\"display: flex; flex-wrap: wrap; gap: 5px; align-items: center; margin-top: 10px;\"><img decoding=\"async\" src=\"https:\/\/as-schwabe.de\/wp-content\/uploads\/ikony\/znak_IP20.png\" alt=\"\" width=\"50\" height=\"50\" \/><img decoding=\"async\" src=\"https:\/\/as-schwabe.de\/wp-content\/uploads\/ikony\/znak_Z.png\" alt=\"\" width=\"50\" height=\"50\" \/><img decoding=\"async\" src=\"https:\/\/as-schwabe.de\/wp-content\/uploads\/ikony\/znak_D.png\" alt=\"\" width=\"50\" height=\"50\" \/><img loading=\"lazy\" decoding=\"async\" src=\"https:\/\/as-schwabe.de\/wp-content\/uploads\/ikony\/znak_DE.png\" alt=\"\" width=\"50\" height=\"40\" \/><\/div>\n<ul>\n<li>gniazdo z tworzywa sztucznego do zastosowa\u0144 wewn\u0119trznych <\/li>\n<li>wysokiej jako\u015bci produkty \u201eMade in Germany\u201d do u\u017cytku wewn\u0119trznego <\/li>\n<li>do pod\u0142\u0105czenia przewod\u00f3w o \u015brednicy maks. 1,5 mm2 <\/li>\n<li>IP20 <\/li>\n<li>230 V, 16 A<\/li>\n<\/ul>","protected":false},"featured_media":31654,"template":"","meta":{"inline_featured_image":false},"genre":[509],"product_cat":[523,524],"product_tag":[],"class_list":{"0":"post-32651","1":"product","2":"type-product","3":"status-publish","4":"has-post-thumbnail","6":"product_brand-as-schwabe-pl","7":"product_cat-produkty-do-samodzielnego-montazu-pl","8":"product_cat-wtyczki-i-gniazda-z-uziemieniem-pl","10":"first","11":"instock","12":"shipping-taxable","13":"product-type-simple"},"aioseo_notices":[],"_links":{"self":[{"href":"https:\/\/as-schwabe.de\/pl\/wp-json\/wp\/v2\/product\/32651","targetHints":{"allow":["GET"]}}],"collection":[{"href":"https:\/\/as-schwabe.de\/pl\/wp-json\/wp\/v2\/product"}],"about":[{"href":"https:\/\/as-schwabe.de\/pl\/wp-json\/wp\/v2\/types\/product"}],"version-history":[{"count":0,"href":"https:\/\/as-schwabe.de\/pl\/wp-json\/wp\/v2\/product\/32651\/revisions"}],"wp:featuredmedia":[{"embeddable":true,"href":"https:\/\/as-schwabe.de\/pl\/wp-json\/wp\/v2\/media\/31654"}],"wp:attachment":[{"href":"https:\/\/as-schwabe.de\/pl\/wp-json\/wp\/v2\/media?parent=32651"}],"wp:term":[{"taxonomy":"product_brand","embeddable":true,"href":"https:\/\/as-schwabe.de\/pl\/wp-json\/wp\/v2\/genre?post=32651"},{"taxonomy":"product_cat","embeddable":true,"href":"https:\/\/as-schwabe.de\/pl\/wp-json\/wp\/v2\/product_cat?post=32651"},{"taxonomy":"product_tag","embeddable":true,"href":"https:\/\/as-schwabe.de\/pl\/wp-json\/wp\/v2\/product_tag?post=32651"}],"curies":[{"name":"wp","href":"https:\/\/api.w.org\/{rel}","templated":true}]}}