{"id":32648,"date":"2025-09-26T23:35:11","date_gmt":"2025-09-26T23:35:11","guid":{"rendered":"https:\/\/as-schwabe.de\/produkt\/wtyczka-prosta-z-tworzywa-230-v-16-a-2pz-szara-62220\/"},"modified":"2025-10-23T00:18:29","modified_gmt":"2025-10-23T00:18:29","slug":"wtyczka-prosta-z-tworzywa-230-v-16-a-2pz-szara-62220","status":"publish","type":"product","link":"https:\/\/as-schwabe.de\/pl\/produkt\/wtyczka-prosta-z-tworzywa-230-v-16-a-2pz-szara-62220\/","title":{"rendered":"Wtyczka prosta z tworzywa 230 V, 16 A, 2P+Z SZA IP20 | 62220"},"content":{"rendered":"<p>Wtyczka prosta z tworzywa 230 V, 16 A, 2P+Z szara to niezawodne rozwi\u0105zanie do u\u017cytku wewn\u0119trznego, idealne do pod\u0142\u0105czania urz\u0105dze\u0144 elektrycznych w domach i biurach. Oferuje maksymalne obci\u0105\u017cenie do 1,5 mm\u00b2, co sprawia, \u017ce jest odpowiednia dla wi\u0119kszo\u015bci standardowych instalacji. Klasa ochrony IP20 zapewnia wysok\u0105 odporno\u015b\u0107 na kurz, co czyni j\u0105 doskona\u0142ym wyborem do stosowania w pomieszczeniach zamkni\u0119tych. Dzi\u0119ki solidnemu wykonaniu z tworzywa sztucznego, wtyczka charakteryzuje si\u0119 trwa\u0142o\u015bci\u0105 i stabilno\u015bci\u0105. Wybieraj\u0105c ten produkt, u\u017cytkownik zyskuje pewno\u015b\u0107 niezawodno\u015bci oraz bezpiecze\u0144stwa podczas codziennego u\u017cytku.<\/p>","protected":false},"excerpt":{"rendered":"<div class=\"icons\" style=\"display: flex; flex-wrap: wrap; gap: 5px; align-items: center; margin-top: 10px;\"><img decoding=\"async\" src=\"https:\/\/as-schwabe.de\/wp-content\/uploads\/ikony\/znak_IP20.png\" alt=\"\" width=\"50\" height=\"50\" \/><img decoding=\"async\" src=\"https:\/\/as-schwabe.de\/wp-content\/uploads\/ikony\/znak_Z.png\" alt=\"\" width=\"50\" height=\"50\" \/><img decoding=\"async\" src=\"https:\/\/as-schwabe.de\/wp-content\/uploads\/ikony\/znak_D.png\" alt=\"\" width=\"50\" height=\"50\" \/><img loading=\"lazy\" decoding=\"async\" src=\"https:\/\/as-schwabe.de\/wp-content\/uploads\/ikony\/znak_DE.png\" alt=\"\" width=\"50\" height=\"40\" \/><\/div>\n<ul>\n<li>wtyczka z tworzywa sztucznego do zastosowa\u0144 wewn\u0119trznych <\/li>\n<li>wysokiej jako\u015bci produkty \u201eMade in Germany\u201d do u\u017cytku wewn\u0119trznego <\/li>\n<li>do pod\u0142\u0105czenia przewod\u00f3w o \u015brednicy maks. 1,5 mm2 <\/li>\n<li>IP20 <\/li>\n<li>230 V, 16 A<\/li>\n<\/ul>","protected":false},"featured_media":31636,"template":"","meta":{"inline_featured_image":false},"genre":[509],"product_cat":[523,524],"product_tag":[],"class_list":{"0":"post-32648","1":"product","2":"type-product","3":"status-publish","4":"has-post-thumbnail","6":"product_brand-as-schwabe-pl","7":"product_cat-produkty-do-samodzielnego-montazu-pl","8":"product_cat-wtyczki-i-gniazda-z-uziemieniem-pl","10":"first","11":"instock","12":"shipping-taxable","13":"product-type-simple"},"aioseo_notices":[],"_links":{"self":[{"href":"https:\/\/as-schwabe.de\/pl\/wp-json\/wp\/v2\/product\/32648","targetHints":{"allow":["GET"]}}],"collection":[{"href":"https:\/\/as-schwabe.de\/pl\/wp-json\/wp\/v2\/product"}],"about":[{"href":"https:\/\/as-schwabe.de\/pl\/wp-json\/wp\/v2\/types\/product"}],"version-history":[{"count":0,"href":"https:\/\/as-schwabe.de\/pl\/wp-json\/wp\/v2\/product\/32648\/revisions"}],"wp:featuredmedia":[{"embeddable":true,"href":"https:\/\/as-schwabe.de\/pl\/wp-json\/wp\/v2\/media\/31636"}],"wp:attachment":[{"href":"https:\/\/as-schwabe.de\/pl\/wp-json\/wp\/v2\/media?parent=32648"}],"wp:term":[{"taxonomy":"product_brand","embeddable":true,"href":"https:\/\/as-schwabe.de\/pl\/wp-json\/wp\/v2\/genre?post=32648"},{"taxonomy":"product_cat","embeddable":true,"href":"https:\/\/as-schwabe.de\/pl\/wp-json\/wp\/v2\/product_cat?post=32648"},{"taxonomy":"product_tag","embeddable":true,"href":"https:\/\/as-schwabe.de\/pl\/wp-json\/wp\/v2\/product_tag?post=32648"}],"curies":[{"name":"wp","href":"https:\/\/api.w.org\/{rel}","templated":true}]}}