{"id":32647,"date":"2025-09-26T23:35:11","date_gmt":"2025-09-26T23:35:11","guid":{"rendered":"https:\/\/as-schwabe.de\/produkt\/wtyczka-gumowa-katowa-z-uziemieniem-230-v-16-a-2pz-czarna-62207\/"},"modified":"2025-10-23T00:18:28","modified_gmt":"2025-10-23T00:18:28","slug":"wtyczka-gumowa-katowa-z-uziemieniem-230-v-16-a-2pz-czarna-62207","status":"publish","type":"product","link":"https:\/\/as-schwabe.de\/pl\/produkt\/wtyczka-gumowa-katowa-z-uziemieniem-230-v-16-a-2pz-czarna-62207\/","title":{"rendered":"Wtyczka gumowa k\u0105towa z uziemieniem 230 V, 16 A, 2P+Z CZA IP44 | 62207"},"content":{"rendered":"<p>Wtyczka gumowa k\u0105towa z uziemieniem 230 V, 16 A, 2P+Z w kolorze czarnym to niezawodne rozwi\u0105zanie przeznaczone do u\u017cytku na zewn\u0105trz oraz w trudnych warunkach budowlanych. Dzi\u0119ki stopniowi ochrony IP44, produkt zapewnia ochron\u0119 przed wnikaniem wody oraz cia\u0142 sta\u0142ych, co czyni go idealnym do zastosowa\u0144 w \u015brodowiskach nara\u017conych na dzia\u0142anie niekorzystnych warunk\u00f3w atmosferycznych. Wtyczka wyposa\u017cona jest w system uziemiaj\u0105cy, co zwi\u0119ksza bezpiecze\u0144stwo u\u017cytkowania i minimalizuje ryzyko pora\u017cenia pr\u0105dem. Jej k\u0105towa konstrukcja umo\u017cliwia \u0142atwe pod\u0142\u0105czenie w miejscach o ograniczonej przestrzeni. To solidny i funkcjonalny wyb\u00f3r dla profesjonalist\u00f3w oraz amator\u00f3w, kt\u00f3rzy ceni\u0105 sobie wygod\u0119 i bezpiecze\u0144stwo w pracy.<\/p>","protected":false},"excerpt":{"rendered":"<div class=\"icons\" style=\"display: flex; flex-wrap: wrap; gap: 5px; align-items: center; margin-top: 10px;\"><img decoding=\"async\" src=\"https:\/\/as-schwabe.de\/wp-content\/uploads\/ikony\/znak_IP44.png\" alt=\"\" width=\"50\" height=\"50\" \/><img decoding=\"async\" src=\"https:\/\/as-schwabe.de\/wp-content\/uploads\/ikony\/znak_PB.png\" alt=\"\" width=\"50\" height=\"50\" \/><img decoding=\"async\" src=\"https:\/\/as-schwabe.de\/wp-content\/uploads\/ikony\/znak_Z.png\" alt=\"\" width=\"50\" height=\"50\" \/><img loading=\"lazy\" decoding=\"async\" src=\"https:\/\/as-schwabe.de\/wp-content\/uploads\/ikony\/znak_D.png\" alt=\"\" width=\"50\" height=\"50\" \/><img loading=\"lazy\" decoding=\"async\" src=\"https:\/\/as-schwabe.de\/wp-content\/uploads\/ikony\/znak_DE.png\" alt=\"\" width=\"50\" height=\"40\" \/><\/div>\n<ul>\n<li>wtyczka <\/li>\n<li>wersje o du\u017cej wytrzyma\u0142o\u015bci do trudnych zastosowa\u0144 na placach budowy <\/li>\n<li>IP44: chroniony przed cia\u0142ami obcymi i bryzgami wody <\/li>\n<li>230 V, 16 A<\/li>\n<\/ul>","protected":false},"featured_media":31635,"template":"","meta":{"inline_featured_image":false},"genre":[509],"product_cat":[523,524],"product_tag":[],"class_list":{"0":"post-32647","1":"product","2":"type-product","3":"status-publish","4":"has-post-thumbnail","6":"product_brand-as-schwabe-pl","7":"product_cat-produkty-do-samodzielnego-montazu-pl","8":"product_cat-wtyczki-i-gniazda-z-uziemieniem-pl","10":"first","11":"instock","12":"shipping-taxable","13":"product-type-simple"},"aioseo_notices":[],"_links":{"self":[{"href":"https:\/\/as-schwabe.de\/pl\/wp-json\/wp\/v2\/product\/32647","targetHints":{"allow":["GET"]}}],"collection":[{"href":"https:\/\/as-schwabe.de\/pl\/wp-json\/wp\/v2\/product"}],"about":[{"href":"https:\/\/as-schwabe.de\/pl\/wp-json\/wp\/v2\/types\/product"}],"version-history":[{"count":0,"href":"https:\/\/as-schwabe.de\/pl\/wp-json\/wp\/v2\/product\/32647\/revisions"}],"wp:featuredmedia":[{"embeddable":true,"href":"https:\/\/as-schwabe.de\/pl\/wp-json\/wp\/v2\/media\/31635"}],"wp:attachment":[{"href":"https:\/\/as-schwabe.de\/pl\/wp-json\/wp\/v2\/media?parent=32647"}],"wp:term":[{"taxonomy":"product_brand","embeddable":true,"href":"https:\/\/as-schwabe.de\/pl\/wp-json\/wp\/v2\/genre?post=32647"},{"taxonomy":"product_cat","embeddable":true,"href":"https:\/\/as-schwabe.de\/pl\/wp-json\/wp\/v2\/product_cat?post=32647"},{"taxonomy":"product_tag","embeddable":true,"href":"https:\/\/as-schwabe.de\/pl\/wp-json\/wp\/v2\/product_tag?post=32647"}],"curies":[{"name":"wp","href":"https:\/\/api.w.org\/{rel}","templated":true}]}}