{"id":32646,"date":"2025-09-26T23:35:10","date_gmt":"2025-09-26T23:35:10","guid":{"rendered":"https:\/\/as-schwabe.de\/produkt\/gniazdo-montowalne-do-mikro-inwerterow-zlacze-betteri-bc01-62087\/"},"modified":"2025-10-23T00:18:28","modified_gmt":"2025-10-23T00:18:28","slug":"gniazdo-montowalne-do-mikro-inwerterow-zlacze-betteri-bc01-62087","status":"publish","type":"product","link":"https:\/\/as-schwabe.de\/pl\/produkt\/gniazdo-montowalne-do-mikro-inwerterow-zlacze-betteri-bc01-62087\/","title":{"rendered":"Gniazdo montowalne do mikro inwerter\u00f3w Betteri BC01 230 V, 25 A IP68 | 62087"},"content":{"rendered":"<p>Gniazdo montowalne do mikro inwerter\u00f3w Betteri BC01, pracuj\u0105ce pod napi\u0119ciem 230 V i zapewniaj\u0105ce pr\u0105d o nat\u0119\u017ceniu 25 A, jest idealnym rozwi\u0105zaniem dla instalacji fotowoltaicznych. Klasa ochrony IP68 gwarantuje odporno\u015b\u0107 na dzia\u0142anie wody i py\u0142u, co czyni je odpowiednim do u\u017cytku w trudnych warunkach atmosferycznych. Produkt charakteryzuje si\u0119 wysok\u0105 trwa\u0142o\u015bci\u0105 i niezawodno\u015bci\u0105, co przek\u0142ada si\u0119 na d\u0142ugotrwa\u0142\u0105 eksploatacj\u0119. Gniazdo jest \u0142atwe w monta\u017cu, a jego zastosowanie znacz\u0105co zwi\u0119ksza efektywno\u015b\u0107 pracy mikro inwerter\u00f3w, co z kolei przek\u0142ada si\u0119 na wy\u017csze zyski z instalacji solarnych. Dzi\u0119ki innowacyjnej konstrukcji, gniazdo Betteri BC01 jest doskona\u0142ym wyborem dla profesjonalist\u00f3w oraz entuzjast\u00f3w energii odnawialnej.<\/p>","protected":false},"excerpt":{"rendered":"<div class=\"icons\" style=\"display: flex; flex-wrap: wrap; gap: 5px; align-items: center; margin-top: 10px;\"><img decoding=\"async\" src=\"https:\/\/as-schwabe.de\/wp-content\/uploads\/ikony\/znak_IP68.png\" alt=\"\" width=\"50\" height=\"50\" \/><img decoding=\"async\" src=\"https:\/\/as-schwabe.de\/wp-content\/uploads\/ikony\/znak_PB.png\" alt=\"\" width=\"50\" height=\"50\" \/><img decoding=\"async\" src=\"https:\/\/as-schwabe.de\/wp-content\/uploads\/ikony\/znak_Z.png\" alt=\"\" width=\"50\" height=\"50\" \/><img loading=\"lazy\" decoding=\"async\" src=\"https:\/\/as-schwabe.de\/wp-content\/uploads\/ikony\/znak_D.png\" alt=\"\" width=\"50\" height=\"50\" \/><img loading=\"lazy\" decoding=\"async\" src=\"https:\/\/as-schwabe.de\/wp-content\/uploads\/ikony\/znak_DE.png\" alt=\"\" width=\"50\" height=\"40\" \/><\/div>\n<ul>\n<li>Gniazdo Betteri\u00ae BC01 <\/li>\n<li>do jednofazowych mikro inwerter\u00f3w z przy\u0142\u0105czem Betteri\u00ae BC01 <\/li>\n<li>ze z\u0142\u0105czem \u015brubowym dla kabli \u00d8 10-14 mm (do 4mm\u00b2) <\/li>\n<li>3P (L,N+PE) <\/li>\n<li>230 V \/ maks. 25A <\/li>\n<li>-40\u00b0C do +85\u00b0C <\/li>\n<li>IP68: py\u0142oszczelny i wodoodporny pod ci\u015bnieniem  <\/li>\n<\/ul>","protected":false},"featured_media":31626,"template":"","meta":{"inline_featured_image":false},"genre":[509],"product_cat":[523,593],"product_tag":[],"class_list":{"0":"post-32646","1":"product","2":"type-product","3":"status-publish","4":"has-post-thumbnail","6":"product_brand-as-schwabe-pl","7":"product_cat-produkty-do-samodzielnego-montazu-pl","8":"product_cat-wtyczki-i-gniazda-seria-c-pl","10":"first","11":"instock","12":"shipping-taxable","13":"product-type-simple"},"aioseo_notices":[],"_links":{"self":[{"href":"https:\/\/as-schwabe.de\/pl\/wp-json\/wp\/v2\/product\/32646","targetHints":{"allow":["GET"]}}],"collection":[{"href":"https:\/\/as-schwabe.de\/pl\/wp-json\/wp\/v2\/product"}],"about":[{"href":"https:\/\/as-schwabe.de\/pl\/wp-json\/wp\/v2\/types\/product"}],"version-history":[{"count":0,"href":"https:\/\/as-schwabe.de\/pl\/wp-json\/wp\/v2\/product\/32646\/revisions"}],"wp:featuredmedia":[{"embeddable":true,"href":"https:\/\/as-schwabe.de\/pl\/wp-json\/wp\/v2\/media\/31626"}],"wp:attachment":[{"href":"https:\/\/as-schwabe.de\/pl\/wp-json\/wp\/v2\/media?parent=32646"}],"wp:term":[{"taxonomy":"product_brand","embeddable":true,"href":"https:\/\/as-schwabe.de\/pl\/wp-json\/wp\/v2\/genre?post=32646"},{"taxonomy":"product_cat","embeddable":true,"href":"https:\/\/as-schwabe.de\/pl\/wp-json\/wp\/v2\/product_cat?post=32646"},{"taxonomy":"product_tag","embeddable":true,"href":"https:\/\/as-schwabe.de\/pl\/wp-json\/wp\/v2\/product_tag?post=32646"}],"curies":[{"name":"wp","href":"https:\/\/api.w.org\/{rel}","templated":true}]}}