{"id":32645,"date":"2025-09-26T23:35:09","date_gmt":"2025-09-26T23:35:09","guid":{"rendered":"https:\/\/as-schwabe.de\/produkt\/wtyczka-montowalna-iec-c20-do-temperatury-70c-230-v-10-a-62085\/"},"modified":"2025-10-23T00:18:27","modified_gmt":"2025-10-23T00:18:27","slug":"wtyczka-montowalna-iec-c20-do-temperatury-70c-230-v-10-a-62085","status":"publish","type":"product","link":"https:\/\/as-schwabe.de\/pl\/produkt\/wtyczka-montowalna-iec-c20-do-temperatury-70c-230-v-10-a-62085\/","title":{"rendered":"Gniazdo montowalne z tworzywa IEC C20 do temperatury +70\u00b0C 230 V, 10 A | 62085"},"content":{"rendered":"<p>Wtyczka montowalna z tworzywa IEC C20 to wysokiej jako\u015bci komponent elektrotechniczny, przeznaczony do zastosowa\u0144 wewn\u0119trznych. Oferuje maksymalne napi\u0119cie 230 V oraz pr\u0105d znamionowy do 10 A, co sprawia, \u017ce jest idealnym rozwi\u0105zaniem dla r\u00f3\u017cnych zastosowa\u0144 w instalacjach elektrycznych. Dzi\u0119ki klasie szczelno\u015bci IP20, produkt skutecznie chroni przed py\u0142em, co zapewnia d\u0142ugotrwa\u0142e i niezawodne dzia\u0142anie w \u015brodowisku domowym i biurowym. Wtyczka wyr\u00f3\u017cnia si\u0119 r\u00f3wnie\u017c odporno\u015bci\u0105 na temperatury osi\u0105gaj\u0105ce +70\u00b0C, co dodatkowo zwi\u0119ksza jej wszechstronno\u015b\u0107 i bezpiecze\u0144stwo u\u017cytkowania. Inwestuj\u0105c w ten produkt, u\u017cytkownik zyskuje nie tylko solidne po\u0142\u0105czenie elektryczne, ale tak\u017ce komfort i pewno\u015b\u0107 w codziennym u\u017cytkowaniu.<\/p>","protected":false},"excerpt":{"rendered":"<div class=\"icons\" style=\"display: flex; flex-wrap: wrap; gap: 5px; align-items: center; margin-top: 10px;\"><img decoding=\"async\" src=\"https:\/\/as-schwabe.de\/wp-content\/uploads\/ikony\/znak_IP20.png\" alt=\"\" width=\"50\" height=\"50\" \/><img decoding=\"async\" src=\"https:\/\/as-schwabe.de\/wp-content\/uploads\/ikony\/znak_D.png\" alt=\"\" width=\"50\" height=\"50\" \/><img decoding=\"async\" src=\"https:\/\/as-schwabe.de\/wp-content\/uploads\/ikony\/znak_DE.png\" alt=\"\" width=\"50\" height=\"40\" \/><\/div>\n<ul>\n<li>Gniazdo do urz\u0105dze\u0144 zimnych do temperatury 70\u00b0 C C19 <\/li>\n<li>do pod\u0142\u0105czenia kabli do maks. 3G1,5 <\/li>\n<li>2-biegunowe z uziemieniem, skr\u0119cane <\/li>\n<li>kolor czarny <\/li>\n<li>230 V, 10 A <\/li>\n<\/ul>","protected":false},"featured_media":31623,"template":"","meta":{"inline_featured_image":false},"genre":[509],"product_cat":[523,593],"product_tag":[],"class_list":{"0":"post-32645","1":"product","2":"type-product","3":"status-publish","4":"has-post-thumbnail","6":"product_brand-as-schwabe-pl","7":"product_cat-produkty-do-samodzielnego-montazu-pl","8":"product_cat-wtyczki-i-gniazda-seria-c-pl","10":"first","11":"instock","12":"shipping-taxable","13":"product-type-simple"},"aioseo_notices":[],"_links":{"self":[{"href":"https:\/\/as-schwabe.de\/pl\/wp-json\/wp\/v2\/product\/32645","targetHints":{"allow":["GET"]}}],"collection":[{"href":"https:\/\/as-schwabe.de\/pl\/wp-json\/wp\/v2\/product"}],"about":[{"href":"https:\/\/as-schwabe.de\/pl\/wp-json\/wp\/v2\/types\/product"}],"version-history":[{"count":0,"href":"https:\/\/as-schwabe.de\/pl\/wp-json\/wp\/v2\/product\/32645\/revisions"}],"wp:featuredmedia":[{"embeddable":true,"href":"https:\/\/as-schwabe.de\/pl\/wp-json\/wp\/v2\/media\/31623"}],"wp:attachment":[{"href":"https:\/\/as-schwabe.de\/pl\/wp-json\/wp\/v2\/media?parent=32645"}],"wp:term":[{"taxonomy":"product_brand","embeddable":true,"href":"https:\/\/as-schwabe.de\/pl\/wp-json\/wp\/v2\/genre?post=32645"},{"taxonomy":"product_cat","embeddable":true,"href":"https:\/\/as-schwabe.de\/pl\/wp-json\/wp\/v2\/product_cat?post=32645"},{"taxonomy":"product_tag","embeddable":true,"href":"https:\/\/as-schwabe.de\/pl\/wp-json\/wp\/v2\/product_tag?post=32645"}],"curies":[{"name":"wp","href":"https:\/\/api.w.org\/{rel}","templated":true}]}}