{"id":32643,"date":"2025-09-26T23:35:08","date_gmt":"2025-09-26T23:35:08","guid":{"rendered":"https:\/\/as-schwabe.de\/produkt\/gniazdo-montowalne-iec-c15a-230-v-10-a-62083\/"},"modified":"2025-10-23T00:18:26","modified_gmt":"2025-10-23T00:18:26","slug":"gniazdo-montowalne-iec-c15a-230-v-10-a-62083","status":"publish","type":"product","link":"https:\/\/as-schwabe.de\/pl\/produkt\/gniazdo-montowalne-iec-c15a-230-v-10-a-62083\/","title":{"rendered":"Gniazdo montowalne z tworzywa IEC C15A do temperatury +155\u00b0C 230 V, 10 A | 62083"},"content":{"rendered":"<p>Gniazdo montowalne z tworzywa IEC C15A jest dedykowane do zastosowa\u0144 wewn\u0119trznych, charakteryzuj\u0105c si\u0119 maksymaln\u0105 temperatur\u0105 pracy wynosz\u0105c\u0105 +155\u00b0C oraz nominalnym napi\u0119ciem 230 V przy pr\u0105dzie 10 A. Dzi\u0119ki klasie ochrony IP20, produkt zapewnia odpowiedni\u0105 ochron\u0119 przed cia\u0142ami sta\u0142ymi o \u015brednicy wi\u0119kszej ni\u017c 12,5 mm, co czyni go idealnym rozwi\u0105zaniem do u\u017cytku w biurach, laboratoriach oraz innych pomieszczeniach zamkni\u0119tych. Wysoka jako\u015b\u0107 materia\u0142\u00f3w u\u017cytych w produkcie zapewnia d\u0142ugotrwa\u0142e i niezawodne dzia\u0142anie, a tak\u017ce minimalizuje ryzyko uszkodze\u0144. Gniazdo to jest doskona\u0142ym wyborem dla profesjonalist\u00f3w, poszukuj\u0105cych solidnych i bezpiecznych rozwi\u0105za\u0144 elektrycznych.<\/p>","protected":false},"excerpt":{"rendered":"<div class=\"icons\" style=\"display: flex; flex-wrap: wrap; gap: 5px; align-items: center; margin-top: 10px;\"><img decoding=\"async\" src=\"https:\/\/as-schwabe.de\/wp-content\/uploads\/ikony\/znak_IP20.png\" alt=\"\" width=\"50\" height=\"50\" \/><img decoding=\"async\" src=\"https:\/\/as-schwabe.de\/wp-content\/uploads\/ikony\/znak_D.png\" alt=\"\" width=\"50\" height=\"50\" \/><img decoding=\"async\" src=\"https:\/\/as-schwabe.de\/wp-content\/uploads\/ikony\/znak_DE.png\" alt=\"\" width=\"50\" height=\"40\" \/><\/div>\n<ul>\n<li>Gniazdo do urz\u0105dze\u0144 gor\u0105cych do 155\u00b0 C C15A <\/li>\n<li>do pod\u0142\u0105czenia kabli do maks. 3G1,5 <\/li>\n<li>2-biegunowe z uziemieniem, skr\u0119cane <\/li>\n<li>kolor czarny <\/li>\n<li>230 V, 10 A <\/li>\n<\/ul>","protected":false},"featured_media":31621,"template":"","meta":{"inline_featured_image":false},"genre":[509],"product_cat":[523,593],"product_tag":[],"class_list":{"0":"post-32643","1":"product","2":"type-product","3":"status-publish","4":"has-post-thumbnail","6":"product_brand-as-schwabe-pl","7":"product_cat-produkty-do-samodzielnego-montazu-pl","8":"product_cat-wtyczki-i-gniazda-seria-c-pl","10":"first","11":"instock","12":"shipping-taxable","13":"product-type-simple"},"aioseo_notices":[],"_links":{"self":[{"href":"https:\/\/as-schwabe.de\/pl\/wp-json\/wp\/v2\/product\/32643","targetHints":{"allow":["GET"]}}],"collection":[{"href":"https:\/\/as-schwabe.de\/pl\/wp-json\/wp\/v2\/product"}],"about":[{"href":"https:\/\/as-schwabe.de\/pl\/wp-json\/wp\/v2\/types\/product"}],"version-history":[{"count":0,"href":"https:\/\/as-schwabe.de\/pl\/wp-json\/wp\/v2\/product\/32643\/revisions"}],"wp:featuredmedia":[{"embeddable":true,"href":"https:\/\/as-schwabe.de\/pl\/wp-json\/wp\/v2\/media\/31621"}],"wp:attachment":[{"href":"https:\/\/as-schwabe.de\/pl\/wp-json\/wp\/v2\/media?parent=32643"}],"wp:term":[{"taxonomy":"product_brand","embeddable":true,"href":"https:\/\/as-schwabe.de\/pl\/wp-json\/wp\/v2\/genre?post=32643"},{"taxonomy":"product_cat","embeddable":true,"href":"https:\/\/as-schwabe.de\/pl\/wp-json\/wp\/v2\/product_cat?post=32643"},{"taxonomy":"product_tag","embeddable":true,"href":"https:\/\/as-schwabe.de\/pl\/wp-json\/wp\/v2\/product_tag?post=32643"}],"curies":[{"name":"wp","href":"https:\/\/api.w.org\/{rel}","templated":true}]}}