{"id":32642,"date":"2025-09-26T23:35:07","date_gmt":"2025-09-26T23:35:07","guid":{"rendered":"https:\/\/as-schwabe.de\/produkt\/gniazdo-montowalne-iec-c15-do-temperatury-120c-230-v-10-a-62082\/"},"modified":"2025-10-23T00:18:26","modified_gmt":"2025-10-23T00:18:26","slug":"gniazdo-montowalne-iec-c15-do-temperatury-120c-230-v-10-a-62082","status":"publish","type":"product","link":"https:\/\/as-schwabe.de\/pl\/produkt\/gniazdo-montowalne-iec-c15-do-temperatury-120c-230-v-10-a-62082\/","title":{"rendered":"Gniazdo montowalne z tworzywa IEC C15 do temperatury +120\u00b0C 230 V, 10 A | 62082"},"content":{"rendered":"<p>Gniazdo montowalne z tworzywa IEC C15, przeznaczone do pracy w temperaturach do +120\u00b0C, to niezawodne rozwi\u0105zanie dla zastosowa\u0144 wewn\u0119trznych. Oferuje nominalne napi\u0119cie 230 V oraz maksymalne obci\u0105\u017cenie pr\u0105dowe wynosz\u0105ce 10 A, co czyni je idealnym wyborem do r\u00f3\u017cnego rodzaju urz\u0105dze\u0144 elektrycznych. Klasa ochrony IP20 zapewnia skuteczn\u0105 ochron\u0119 przed dost\u0119pem do cz\u0119\u015bci niebezpiecznych, co zwi\u0119ksza bezpiecze\u0144stwo u\u017cytkowania. Wysokiej jako\u015bci materia\u0142y zastosowane w produkcie gwarantuj\u0105 trwa\u0142o\u015b\u0107 oraz d\u0142ugowieczno\u015b\u0107, co przek\u0142ada si\u0119 na zmniejszenie koszt\u00f3w eksploatacji. Gniazdo to jest dedykowane do monta\u017cu w wn\u0119trzach, co sprawia, \u017ce b\u0119dzie doskona\u0142ym rozwi\u0105zaniem w biurach, warsztatach oraz w zastosowaniach przemys\u0142owych.<\/p>","protected":false},"excerpt":{"rendered":"<div class=\"icons\" style=\"display: flex; flex-wrap: wrap; gap: 5px; align-items: center; margin-top: 10px;\"><img decoding=\"async\" src=\"https:\/\/as-schwabe.de\/wp-content\/uploads\/ikony\/znak_IP20.png\" alt=\"\" width=\"50\" height=\"50\" \/><img decoding=\"async\" src=\"https:\/\/as-schwabe.de\/wp-content\/uploads\/ikony\/znak_D.png\" alt=\"\" width=\"50\" height=\"50\" \/><img decoding=\"async\" src=\"https:\/\/as-schwabe.de\/wp-content\/uploads\/ikony\/znak_DE.png\" alt=\"\" width=\"50\" height=\"40\" \/><\/div>\n<ul>\n<li>Gniazdo do urz\u0105dze\u0144 nagrzewaj\u0105cych si\u0119 do 120\u00b0 C C15 <\/li>\n<li>do pod\u0142\u0105czenia kabli do maks. 3G1,5 <\/li>\n<li>2-biegunowe z uziemieniem, skr\u0119cane <\/li>\n<li>kolor czarny <\/li>\n<li>230 V, 10 A <\/li>\n<\/ul>","protected":false},"featured_media":31620,"template":"","meta":{"inline_featured_image":false},"genre":[509],"product_cat":[523,593],"product_tag":[],"class_list":{"0":"post-32642","1":"product","2":"type-product","3":"status-publish","4":"has-post-thumbnail","6":"product_brand-as-schwabe-pl","7":"product_cat-produkty-do-samodzielnego-montazu-pl","8":"product_cat-wtyczki-i-gniazda-seria-c-pl","10":"first","11":"instock","12":"shipping-taxable","13":"product-type-simple"},"aioseo_notices":[],"_links":{"self":[{"href":"https:\/\/as-schwabe.de\/pl\/wp-json\/wp\/v2\/product\/32642","targetHints":{"allow":["GET"]}}],"collection":[{"href":"https:\/\/as-schwabe.de\/pl\/wp-json\/wp\/v2\/product"}],"about":[{"href":"https:\/\/as-schwabe.de\/pl\/wp-json\/wp\/v2\/types\/product"}],"version-history":[{"count":0,"href":"https:\/\/as-schwabe.de\/pl\/wp-json\/wp\/v2\/product\/32642\/revisions"}],"wp:featuredmedia":[{"embeddable":true,"href":"https:\/\/as-schwabe.de\/pl\/wp-json\/wp\/v2\/media\/31620"}],"wp:attachment":[{"href":"https:\/\/as-schwabe.de\/pl\/wp-json\/wp\/v2\/media?parent=32642"}],"wp:term":[{"taxonomy":"product_brand","embeddable":true,"href":"https:\/\/as-schwabe.de\/pl\/wp-json\/wp\/v2\/genre?post=32642"},{"taxonomy":"product_cat","embeddable":true,"href":"https:\/\/as-schwabe.de\/pl\/wp-json\/wp\/v2\/product_cat?post=32642"},{"taxonomy":"product_tag","embeddable":true,"href":"https:\/\/as-schwabe.de\/pl\/wp-json\/wp\/v2\/product_tag?post=32642"}],"curies":[{"name":"wp","href":"https:\/\/api.w.org\/{rel}","templated":true}]}}