{"id":32640,"date":"2025-09-26T23:35:06","date_gmt":"2025-09-26T23:35:06","guid":{"rendered":"https:\/\/as-schwabe.de\/produkt\/przedluzacz-3-gniazdowy-h07rn-f-3g15-10-m-62059\/"},"modified":"2025-10-23T00:18:25","modified_gmt":"2025-10-23T00:18:25","slug":"przedluzacz-3-gniazdowy-h07rn-f-3g15-10-m-62059","status":"publish","type":"product","link":"https:\/\/as-schwabe.de\/pl\/produkt\/przedluzacz-3-gniazdowy-h07rn-f-3g15-10-m-62059\/","title":{"rendered":"Przed\u0142u\u017cacz 3-gniazdowy &#8211; Action 10 m H07RN-F 3G1,5 IP44 | 62059"},"content":{"rendered":"<p>Przed\u0142u\u017cacz 3-gniazdowy &#8211; model promocyjny H07RN-F 3G1,5 to idealne rozwi\u0105zanie dla profesjonalist\u00f3w oraz amator\u00f3w pracuj\u0105cych w trudnych warunkach. Jego d\u0142ugo\u015b\u0107 10 m oraz wysoka odporno\u015b\u0107 na dzia\u0142anie warunk\u00f3w atmosferycznych (klasa ochrony IP44) sprawiaj\u0105, \u017ce doskonale sprawdza si\u0119 zar\u00f3wno na zewn\u0105trz, jak i na placach budowy. Wyposa\u017cony w wtyczk\u0119 IP44 230 V, 16 A oraz trzy gniazda niebiesko-czarne o mocy do 3500 W, zapewnia bezpiecze\u0144stwo i wygod\u0119 u\u017cytkowania. Dzi\u0119ki solidnej konstrukcji, przed\u0142u\u017cacz gwarantuje niezawodn\u0105 prac\u0119 z urz\u0105dzeniami wymagaj\u0105cymi du\u017cych obci\u0105\u017ce\u0144. Wybieraj\u0105c nasz przed\u0142u\u017cacz, inwestujesz w wydajno\u015b\u0107 i trwa\u0142o\u015b\u0107, kt\u00f3re zaspokoj\u0105 Twoje potrzeby elektryczne w ka\u017cdych warunkach.<\/p>","protected":false},"excerpt":{"rendered":"<div class=\"icons\" style=\"display: flex; flex-wrap: wrap; gap: 5px; align-items: center; margin-top: 10px;\"><img decoding=\"async\" src=\"https:\/\/as-schwabe.de\/wp-content\/uploads\/ikony\/znak_SCH.png\" alt=\"\" width=\"45\" height=\"50\" \/><img decoding=\"async\" src=\"https:\/\/as-schwabe.de\/wp-content\/uploads\/ikony\/znak_CE.png\" alt=\"\" width=\"50\" height=\"50\" \/><img decoding=\"async\" src=\"https:\/\/as-schwabe.de\/wp-content\/uploads\/ikony\/znak_IP44.png\" alt=\"\" width=\"50\" height=\"50\" \/><img loading=\"lazy\" decoding=\"async\" src=\"https:\/\/as-schwabe.de\/wp-content\/uploads\/ikony\/znak_PB.png\" alt=\"\" width=\"50\" height=\"50\" \/><img loading=\"lazy\" decoding=\"async\" src=\"https:\/\/as-schwabe.de\/wp-content\/uploads\/ikony\/znak_Z.png\" alt=\"\" width=\"50\" height=\"50\" \/><img loading=\"lazy\" decoding=\"async\" src=\"https:\/\/as-schwabe.de\/wp-content\/uploads\/ikony\/znak_D.png\" alt=\"\" width=\"50\" height=\"50\" \/><img loading=\"lazy\" decoding=\"async\" src=\"https:\/\/as-schwabe.de\/wp-content\/uploads\/ikony\/znak_DG.png\" alt=\"\" width=\"50\" height=\"50\" \/><\/div>\n<ul>\n<li>dopuszczone do stosowania na budowach i w rolnictwie <\/li>\n<li>IP44: chroniony przed cia\u0142ami obcymi i bryzgami wody <\/li>\n<li>produkt promocyjny wykonany z gumy <\/li>\n<li>dopuszczony do stosowania na budowach i w rolnictwie <\/li>\n<li>z oczkiem do zawieszenia gniazda <\/li>\n<li>z wtyczk\u0105 z uziemieniem <\/li>\n<li>3-gniazdowy z uziemieniem i samozamykaj\u0105cymi si\u0119 klapkami gniazd 230 V, 16 A<\/li>\n<\/ul>","protected":false},"featured_media":31616,"template":"","meta":{"inline_featured_image":false},"genre":[509],"product_cat":[544,545],"product_tag":[],"class_list":{"0":"post-32640","1":"product","2":"type-product","3":"status-publish","4":"has-post-thumbnail","6":"product_brand-as-schwabe-pl","7":"product_cat-przedluzacze-2-pl","8":"product_cat-do-stosowania-na-budowach-pl","10":"first","11":"instock","12":"shipping-taxable","13":"product-type-simple"},"aioseo_notices":[],"_links":{"self":[{"href":"https:\/\/as-schwabe.de\/pl\/wp-json\/wp\/v2\/product\/32640","targetHints":{"allow":["GET"]}}],"collection":[{"href":"https:\/\/as-schwabe.de\/pl\/wp-json\/wp\/v2\/product"}],"about":[{"href":"https:\/\/as-schwabe.de\/pl\/wp-json\/wp\/v2\/types\/product"}],"version-history":[{"count":0,"href":"https:\/\/as-schwabe.de\/pl\/wp-json\/wp\/v2\/product\/32640\/revisions"}],"wp:featuredmedia":[{"embeddable":true,"href":"https:\/\/as-schwabe.de\/pl\/wp-json\/wp\/v2\/media\/31616"}],"wp:attachment":[{"href":"https:\/\/as-schwabe.de\/pl\/wp-json\/wp\/v2\/media?parent=32640"}],"wp:term":[{"taxonomy":"product_brand","embeddable":true,"href":"https:\/\/as-schwabe.de\/pl\/wp-json\/wp\/v2\/genre?post=32640"},{"taxonomy":"product_cat","embeddable":true,"href":"https:\/\/as-schwabe.de\/pl\/wp-json\/wp\/v2\/product_cat?post=32640"},{"taxonomy":"product_tag","embeddable":true,"href":"https:\/\/as-schwabe.de\/pl\/wp-json\/wp\/v2\/product_tag?post=32640"}],"curies":[{"name":"wp","href":"https:\/\/api.w.org\/{rel}","templated":true}]}}