{"id":32637,"date":"2025-09-26T23:35:03","date_gmt":"2025-09-26T23:35:03","guid":{"rendered":"https:\/\/as-schwabe.de\/produkt\/budowlana-szafa-rozdzielczo-dystrybucyjna-ve-1-55-kva-61841\/"},"modified":"2025-10-23T00:18:24","modified_gmt":"2025-10-23T00:18:24","slug":"budowlana-szafa-rozdzielczo-dystrybucyjna-ve-1-55-kva-61841","status":"publish","type":"product","link":"https:\/\/as-schwabe.de\/pl\/produkt\/budowlana-szafa-rozdzielczo-dystrybucyjna-ve-1-55-kva-61841\/","title":{"rendered":"Budowlana szafa rozdzielczo-dystrybucyjna VE 1 55 kVA | 61841"},"content":{"rendered":"<p>Szafa rozdzielczo-dystrybucyjna VE 1 55 kVA to zaawansowane rozwi\u0105zanie dedykowane do profesjonalnych zastosowa\u0144 budowlanych i przemys\u0142owych. Wyposa\u017cona w wysokowydajne komponenty, w tym wy\u0142\u0105czniki mocy oraz r\u00f3\u017cne rodzaje RCD, zapewnia pe\u0142ne bezpiecze\u0144stwo oraz niezawodno\u015b\u0107 zasilania. Mo\u017cliwo\u015b\u0107 pod\u0142\u0105czenia do 50 mm\u00b2 oraz r\u00f3\u017cnorodno\u015b\u0107 gniazd CEE (od 16 A do 63 A) pozwala na elastyczne dostosowanie systemu do potrzeb u\u017cytkownika. Klasy ochrony IP44 (zamkni\u0119ta) oraz IP21 (przy drzwiach otwartych) gwarantuj\u0105 odpowiedni\u0105 odporno\u015b\u0107 na warunki atmosferyczne oraz zapewniaj\u0105 bezpieczn\u0105 eksploatacj\u0119 w r\u00f3\u017cnych \u015brodowiskach. Dzi\u0119ki tym cechom, szafa VE 1 55 kVA staje si\u0119 nieocenionym narz\u0119dziem w realizacji projekt\u00f3w budowlanych.<\/p>","protected":false},"excerpt":{"rendered":"<div class=\"icons\" style=\"display: flex; flex-wrap: wrap; gap: 5px; align-items: center; margin-top: 10px;\"><img decoding=\"async\" src=\"https:\/\/as-schwabe.de\/wp-content\/uploads\/ikony\/znak_SCH.png\" alt=\"\" width=\"45\" height=\"50\" \/><img decoding=\"async\" src=\"https:\/\/as-schwabe.de\/wp-content\/uploads\/ikony\/znak_CE.png\" alt=\"\" width=\"50\" height=\"50\" \/><img decoding=\"async\" src=\"https:\/\/as-schwabe.de\/wp-content\/uploads\/ikony\/znak_IP44.png\" alt=\"\" width=\"50\" height=\"50\" \/><img loading=\"lazy\" decoding=\"async\" src=\"https:\/\/as-schwabe.de\/wp-content\/uploads\/ikony\/znak_PB.png\" alt=\"\" width=\"50\" height=\"50\" \/><img loading=\"lazy\" decoding=\"async\" src=\"https:\/\/as-schwabe.de\/wp-content\/uploads\/ikony\/znak_Z.png\" alt=\"\" width=\"50\" height=\"50\" \/><img loading=\"lazy\" decoding=\"async\" src=\"https:\/\/as-schwabe.de\/wp-content\/uploads\/ikony\/znak_D.png\" alt=\"\" width=\"50\" height=\"50\" \/><img loading=\"lazy\" decoding=\"async\" src=\"https:\/\/as-schwabe.de\/wp-content\/uploads\/ikony\/znak_DG.png\" alt=\"\" width=\"50\" height=\"50\" \/><img loading=\"lazy\" decoding=\"async\" src=\"https:\/\/as-schwabe.de\/wp-content\/uploads\/ikony\/znak_DE.png\" alt=\"\" width=\"50\" height=\"40\" \/><\/div>\n<ul>\n<li>V-E 1 55 kVA <\/li>\n<li>Budowlana szafa rozdzielczo \u2013 dystrybucyjna <\/li>\n<li>rozdzielnica budowlana w stabilnej stalowej szafce pokrytej wytrzyma\u0142\u0105 pow\u0142ok\u0105 z tworzywa sztucznego w niebieskim kolorze <\/li>\n<li>zamykane drzwi jednoskrzyd\u0142owe z zasuw\u0105 spr\u0119\u017cynow\u0105 na k\u0142\u00f3dk\u0119 i wpuszczanym uchwytem <\/li>\n<li>z bocznymi uchwytami transportowymi, dwoma uchwytami do podnoszenia u g\u00f3ry, szyn\u0105 odci\u0105\u017caj\u0105c\u0105, uchwytami do mocowania ko\u0142k\u00f3w uziemiaj\u0105cych i \u015brub\u0105 uziemiaj\u0105c\u0105 <\/li>\n<li>dost\u0119pne miejsce na licznik zgodnie z norm\u0105 DIN 43870\/2: brak licznika w zestawie <\/li>\n<li>IP44: przy zamkni\u0119tych drzwiach, IP21: przy otwartych drzwiach<\/li>\n<\/ul>","protected":false},"featured_media":31601,"template":"","meta":{"inline_featured_image":false},"genre":[509],"product_cat":[518,519],"product_tag":[],"class_list":{"0":"post-32637","1":"product","2":"type-product","3":"status-publish","4":"has-post-thumbnail","6":"product_brand-as-schwabe-pl","7":"product_cat-asortyment-produktow-cee-400-v-pl","8":"product_cat-budowlane-szafy-rozdzielcze-cee-i-akcesoria-pl","10":"first","11":"instock","12":"shipping-taxable","13":"product-type-simple"},"aioseo_notices":[],"_links":{"self":[{"href":"https:\/\/as-schwabe.de\/pl\/wp-json\/wp\/v2\/product\/32637","targetHints":{"allow":["GET"]}}],"collection":[{"href":"https:\/\/as-schwabe.de\/pl\/wp-json\/wp\/v2\/product"}],"about":[{"href":"https:\/\/as-schwabe.de\/pl\/wp-json\/wp\/v2\/types\/product"}],"version-history":[{"count":0,"href":"https:\/\/as-schwabe.de\/pl\/wp-json\/wp\/v2\/product\/32637\/revisions"}],"wp:featuredmedia":[{"embeddable":true,"href":"https:\/\/as-schwabe.de\/pl\/wp-json\/wp\/v2\/media\/31601"}],"wp:attachment":[{"href":"https:\/\/as-schwabe.de\/pl\/wp-json\/wp\/v2\/media?parent=32637"}],"wp:term":[{"taxonomy":"product_brand","embeddable":true,"href":"https:\/\/as-schwabe.de\/pl\/wp-json\/wp\/v2\/genre?post=32637"},{"taxonomy":"product_cat","embeddable":true,"href":"https:\/\/as-schwabe.de\/pl\/wp-json\/wp\/v2\/product_cat?post=32637"},{"taxonomy":"product_tag","embeddable":true,"href":"https:\/\/as-schwabe.de\/pl\/wp-json\/wp\/v2\/product_tag?post=32637"}],"curies":[{"name":"wp","href":"https:\/\/api.w.org\/{rel}","templated":true}]}}