{"id":32635,"date":"2025-09-26T23:35:02","date_gmt":"2025-09-26T23:35:02","guid":{"rendered":"https:\/\/as-schwabe.de\/produkt\/budowlana-szafa-rozdzielczo-przylaczeniowa-ave-2-44-kva-61832\/"},"modified":"2025-10-23T00:18:23","modified_gmt":"2025-10-23T00:18:23","slug":"budowlana-szafa-rozdzielczo-przylaczeniowa-ave-2-44-kva-61832","status":"publish","type":"product","link":"https:\/\/as-schwabe.de\/pl\/produkt\/budowlana-szafa-rozdzielczo-przylaczeniowa-ave-2-44-kva-61832\/","title":{"rendered":"Budowlana szafa rozdzielczo-przy\u0142\u0105czeniowa AVE 2 44 kVA | 61832"},"content":{"rendered":"<p>Budowlana szafa rozdzielczo-przy\u0142\u0105czeniowa AVE o mocy 44 kVA to nowoczesne rozwi\u0105zanie, kt\u00f3re zapewnia niezawodne zasilanie w warunkach budowlanych. Wyposa\u017cona w wej\u015bcie M63, umo\u017cliwia pod\u0142\u0105czenie przewod\u00f3w o maksymalnym przekroju 50 mm\u00b2 oraz posiada bezpiecznik NH00 80 A z zaciskami typu &#8222;U&#8220;. Wysoka jako\u015b\u0107 zabezpiecze\u0144, w tym wy\u0142\u0105cznik nadpr\u0105dowy 3P 63 A oraz dwa wy\u0142\u0105czniki RCD (63 A i 30 mA), zapewniaj\u0105 pe\u0142n\u0105 ochron\u0119 przed przeci\u0105\u017ceniem i zwarciem. Szafa oferuje r\u00f3\u017cnorodne wyj\u015bcia, w tym kilka gniazd CEE oraz standardowych 230 V, co czyni j\u0105 wszechstronnym narz\u0119dziem na placu budowy. Dzi\u0119ki klasom szczelno\u015bci IP44 (w zamkni\u0119ciu) i IP21 (przy otwartych drzwiach), stanowi doskona\u0142y wyb\u00f3r do stosowania w trudnych warunkach otoczenia.<\/p>","protected":false},"excerpt":{"rendered":"<div class=\"icons\" style=\"display: flex; flex-wrap: wrap; gap: 5px; align-items: center; margin-top: 10px;\"><img decoding=\"async\" src=\"https:\/\/as-schwabe.de\/wp-content\/uploads\/ikony\/znak_SCH.png\" alt=\"\" width=\"45\" height=\"50\" \/><img decoding=\"async\" src=\"https:\/\/as-schwabe.de\/wp-content\/uploads\/ikony\/znak_CE.png\" alt=\"\" width=\"50\" height=\"50\" \/><img decoding=\"async\" src=\"https:\/\/as-schwabe.de\/wp-content\/uploads\/ikony\/znak_IP44.png\" alt=\"\" width=\"50\" height=\"50\" \/><img loading=\"lazy\" decoding=\"async\" src=\"https:\/\/as-schwabe.de\/wp-content\/uploads\/ikony\/znak_PB.png\" alt=\"\" width=\"50\" height=\"50\" \/><img loading=\"lazy\" decoding=\"async\" src=\"https:\/\/as-schwabe.de\/wp-content\/uploads\/ikony\/znak_Z.png\" alt=\"\" width=\"50\" height=\"50\" \/><img loading=\"lazy\" decoding=\"async\" src=\"https:\/\/as-schwabe.de\/wp-content\/uploads\/ikony\/znak_D.png\" alt=\"\" width=\"50\" height=\"50\" \/><img loading=\"lazy\" decoding=\"async\" src=\"https:\/\/as-schwabe.de\/wp-content\/uploads\/ikony\/znak_DG.png\" alt=\"\" width=\"50\" height=\"50\" \/><img loading=\"lazy\" decoding=\"async\" src=\"https:\/\/as-schwabe.de\/wp-content\/uploads\/ikony\/znak_DE.png\" alt=\"\" width=\"50\" height=\"40\" \/><\/div>\n<ul>\n<li>A-V-E 2 44 kVA <\/li>\n<li>Budowlana szafa rozdzielczo \u2013 przy\u0142\u0105czeniowa <\/li>\n<li>rozdzielnica budowlana w stabilnej stalowej szafce pokrytej wytrzyma\u0142\u0105 pow\u0142ok\u0105 z tworzywa sztucznego w niebieskim kolorze <\/li>\n<li>zamykane drzwi jednoskrzyd\u0142owe z zasuw\u0105 spr\u0119\u017cynow\u0105 na k\u0142\u00f3dk\u0119 i wpuszczanym uchwytem <\/li>\n<li>z bocznymi uchwytami transportowymi, dwoma uchwytami do podnoszenia u g\u00f3ry, szyn\u0105 odci\u0105\u017caj\u0105c\u0105, uchwytami do mocowania ko\u0142k\u00f3w uziemiaj\u0105cych i \u015brub\u0105 uziemiaj\u0105c\u0105 <\/li>\n<li>dost\u0119pne miejsce na licznik zgodnie z norm\u0105 DIN 43870\/2: brak licznika w zestawie <\/li>\n<li>IP44: przy zamkni\u0119tych drzwiach, IP21: przy otwartych drzwiach<\/li>\n<\/ul>","protected":false},"featured_media":31591,"template":"","meta":{"inline_featured_image":false},"genre":[509],"product_cat":[518,519],"product_tag":[],"class_list":{"0":"post-32635","1":"product","2":"type-product","3":"status-publish","4":"has-post-thumbnail","6":"product_brand-as-schwabe-pl","7":"product_cat-asortyment-produktow-cee-400-v-pl","8":"product_cat-budowlane-szafy-rozdzielcze-cee-i-akcesoria-pl","10":"first","11":"instock","12":"shipping-taxable","13":"product-type-simple"},"aioseo_notices":[],"_links":{"self":[{"href":"https:\/\/as-schwabe.de\/pl\/wp-json\/wp\/v2\/product\/32635","targetHints":{"allow":["GET"]}}],"collection":[{"href":"https:\/\/as-schwabe.de\/pl\/wp-json\/wp\/v2\/product"}],"about":[{"href":"https:\/\/as-schwabe.de\/pl\/wp-json\/wp\/v2\/types\/product"}],"version-history":[{"count":0,"href":"https:\/\/as-schwabe.de\/pl\/wp-json\/wp\/v2\/product\/32635\/revisions"}],"wp:featuredmedia":[{"embeddable":true,"href":"https:\/\/as-schwabe.de\/pl\/wp-json\/wp\/v2\/media\/31591"}],"wp:attachment":[{"href":"https:\/\/as-schwabe.de\/pl\/wp-json\/wp\/v2\/media?parent=32635"}],"wp:term":[{"taxonomy":"product_brand","embeddable":true,"href":"https:\/\/as-schwabe.de\/pl\/wp-json\/wp\/v2\/genre?post=32635"},{"taxonomy":"product_cat","embeddable":true,"href":"https:\/\/as-schwabe.de\/pl\/wp-json\/wp\/v2\/product_cat?post=32635"},{"taxonomy":"product_tag","embeddable":true,"href":"https:\/\/as-schwabe.de\/pl\/wp-json\/wp\/v2\/product_tag?post=32635"}],"curies":[{"name":"wp","href":"https:\/\/api.w.org\/{rel}","templated":true}]}}