{"id":32634,"date":"2025-09-26T23:35:01","date_gmt":"2025-09-26T23:35:01","guid":{"rendered":"https:\/\/as-schwabe.de\/produkt\/budowlana-szafa-rozdzielczo-przylaczeniowa-ave-1-55-kva-61831\/"},"modified":"2025-10-23T00:18:22","modified_gmt":"2025-10-23T00:18:22","slug":"budowlana-szafa-rozdzielczo-przylaczeniowa-ave-1-55-kva-61831","status":"publish","type":"product","link":"https:\/\/as-schwabe.de\/pl\/produkt\/budowlana-szafa-rozdzielczo-przylaczeniowa-ave-1-55-kva-61831\/","title":{"rendered":"Budowlana szafa rozdzielczo-przy\u0142\u0105czeniowa AVE 1 55 kVA | 61831"},"content":{"rendered":"<p>Budowlana szafa rozdzielczo-przy\u0142\u0105czeniowa AVE 1 55 kVA to niezawodne rozwi\u0105zanie dla profesjonalnych zastosowa\u0144 w bran\u017cy budowlanej i przemys\u0142owej. Posiada wej\u015bcie M63, kt\u00f3re umo\u017cliwia pod\u0142\u0105czenie przewod\u00f3w o maksymalnym przekroju 50 mm\u00b2 oraz efektywnie zarz\u0105dza zasilaniem dzi\u0119ki bezpiecznikom i wy\u0142\u0105cznikom nadpr\u0105dowym. W sk\u0142ad wyposa\u017cenia wchodzi m.in. wy\u0142\u0105cznik nadpr\u0105dowy 3P 80 A, dwa r\u00f3\u017cnicowopr\u0105dowe (RCD) o r\u00f3\u017cnych pr\u0105dach zwarciowych oraz gniazda CEE w rozmaitych konfiguracjach, co zapewnia elastyczno\u015b\u0107 w pod\u0142\u0105czeniach. Oznaczenie IP44 dla zamkni\u0119tej szafy oraz IP21 przy otwartych drzwiach gwarantuje ochron\u0119 przed niekorzystnymi warunkami atmosferycznymi. Dzi\u0119ki solidnej konstrukcji i wysokiej klasie ochrony, szafa AVE 1 55 kVA zwi\u0119ksza bezpiecze\u0144stwo u\u017cytkownik\u00f3w oraz efektywno\u015b\u0107 pracy na placu budowy.<\/p>","protected":false},"excerpt":{"rendered":"<div class=\"icons\" style=\"display: flex; flex-wrap: wrap; gap: 5px; align-items: center; margin-top: 10px;\"><img decoding=\"async\" src=\"https:\/\/as-schwabe.de\/wp-content\/uploads\/ikony\/znak_SCH.png\" alt=\"\" width=\"45\" height=\"50\" \/><img decoding=\"async\" src=\"https:\/\/as-schwabe.de\/wp-content\/uploads\/ikony\/znak_CE.png\" alt=\"\" width=\"50\" height=\"50\" \/><img decoding=\"async\" src=\"https:\/\/as-schwabe.de\/wp-content\/uploads\/ikony\/znak_IP44.png\" alt=\"\" width=\"50\" height=\"50\" \/><img loading=\"lazy\" decoding=\"async\" src=\"https:\/\/as-schwabe.de\/wp-content\/uploads\/ikony\/znak_PB.png\" alt=\"\" width=\"50\" height=\"50\" \/><img loading=\"lazy\" decoding=\"async\" src=\"https:\/\/as-schwabe.de\/wp-content\/uploads\/ikony\/znak_Z.png\" alt=\"\" width=\"50\" height=\"50\" \/><img loading=\"lazy\" decoding=\"async\" src=\"https:\/\/as-schwabe.de\/wp-content\/uploads\/ikony\/znak_D.png\" alt=\"\" width=\"50\" height=\"50\" \/><img loading=\"lazy\" decoding=\"async\" src=\"https:\/\/as-schwabe.de\/wp-content\/uploads\/ikony\/znak_DG.png\" alt=\"\" width=\"50\" height=\"50\" \/><img loading=\"lazy\" decoding=\"async\" src=\"https:\/\/as-schwabe.de\/wp-content\/uploads\/ikony\/znak_DE.png\" alt=\"\" width=\"50\" height=\"40\" \/><\/div>\n<ul>\n<li>A-V-E 1 55 kVA <\/li>\n<li>Budowlana szafa rozdzielczo \u2013 przy\u0142\u0105czeniowa <\/li>\n<li>rozdzielnica budowlana w stabilnej stalowej szafce pokrytej wytrzyma\u0142\u0105 pow\u0142ok\u0105 z tworzywa sztucznego w niebieskim kolorze <\/li>\n<li>zamykane drzwi jednoskrzyd\u0142owe z zasuw\u0105 spr\u0119\u017cynow\u0105 na k\u0142\u00f3dk\u0119 i wpuszczanym uchwytem <\/li>\n<li>z bocznymi uchwytami transportowymi, dwoma uchwytami do podnoszenia u g\u00f3ry, szyn\u0105 odci\u0105\u017caj\u0105c\u0105, uchwytami do mocowania ko\u0142k\u00f3w uziemiaj\u0105cych i \u015brub\u0105 uziemiaj\u0105c\u0105 <\/li>\n<li>dost\u0119pne miejsce na licznik zgodnie z norm\u0105 DIN 43870\/2: brak licznika w zestawie <\/li>\n<li>IP44: przy zamkni\u0119tych drzwiach, IP21: przy otwartych drzwiach<\/li>\n<\/ul>","protected":false},"featured_media":31584,"template":"","meta":{"inline_featured_image":false},"genre":[509],"product_cat":[518,519],"product_tag":[],"class_list":{"0":"post-32634","1":"product","2":"type-product","3":"status-publish","4":"has-post-thumbnail","6":"product_brand-as-schwabe-pl","7":"product_cat-asortyment-produktow-cee-400-v-pl","8":"product_cat-budowlane-szafy-rozdzielcze-cee-i-akcesoria-pl","10":"first","11":"instock","12":"shipping-taxable","13":"product-type-simple"},"aioseo_notices":[],"_links":{"self":[{"href":"https:\/\/as-schwabe.de\/pl\/wp-json\/wp\/v2\/product\/32634","targetHints":{"allow":["GET"]}}],"collection":[{"href":"https:\/\/as-schwabe.de\/pl\/wp-json\/wp\/v2\/product"}],"about":[{"href":"https:\/\/as-schwabe.de\/pl\/wp-json\/wp\/v2\/types\/product"}],"version-history":[{"count":0,"href":"https:\/\/as-schwabe.de\/pl\/wp-json\/wp\/v2\/product\/32634\/revisions"}],"wp:featuredmedia":[{"embeddable":true,"href":"https:\/\/as-schwabe.de\/pl\/wp-json\/wp\/v2\/media\/31584"}],"wp:attachment":[{"href":"https:\/\/as-schwabe.de\/pl\/wp-json\/wp\/v2\/media?parent=32634"}],"wp:term":[{"taxonomy":"product_brand","embeddable":true,"href":"https:\/\/as-schwabe.de\/pl\/wp-json\/wp\/v2\/genre?post=32634"},{"taxonomy":"product_cat","embeddable":true,"href":"https:\/\/as-schwabe.de\/pl\/wp-json\/wp\/v2\/product_cat?post=32634"},{"taxonomy":"product_tag","embeddable":true,"href":"https:\/\/as-schwabe.de\/pl\/wp-json\/wp\/v2\/product_tag?post=32634"}],"curies":[{"name":"wp","href":"https:\/\/api.w.org\/{rel}","templated":true}]}}