{"id":32633,"date":"2025-09-26T23:34:59","date_gmt":"2025-09-26T23:34:59","guid":{"rendered":"https:\/\/as-schwabe.de\/produkt\/licznik-energii-elektrycznej-1p-roco3-h07bq-f-3g25-3m-61758\/"},"modified":"2025-10-23T00:18:22","modified_gmt":"2025-10-23T00:18:22","slug":"licznik-energii-elektrycznej-1p-roco3-h07bq-f-3g25-3m-61758","status":"publish","type":"product","link":"https:\/\/as-schwabe.de\/pl\/produkt\/licznik-energii-elektrycznej-1p-roco3-h07bq-f-3g25-3m-61758\/","title":{"rendered":"Licznik energii elektrycznej 1-fazowy ROCO3 3 m H07BQ-F 3G2,5 | 61758"},"content":{"rendered":"<p>Licznik energii elektrycznej 1-fazowy ROCO3 to niezawodne urz\u0105dzenie do pomiaru zu\u017cycia energii, idealne do zastosowa\u0144 na budowach oraz w warunkach zewn\u0119trznych. Wyposa\u017cony w wtyczk\u0119 i gniazdo z uziemieniem CEE 16 A (3P), licznik zapewnia \u0142atwe pod\u0142\u0105czenie i wysok\u0105 ochron\u0119 dzi\u0119ki obudowie o stopniu IP68. Z jego pomoc\u0105 mo\u017cna precyzyjnie monitorowa\u0107 zu\u017cycie energii do maksymalnej warto\u015bci 99999,9 kWh przy pr\u0105dzie od 0,25 A do 5 A (maks. 45 A). Analogue licznik z sygnalizacj\u0105 napi\u0119cia oraz 1,5-metrowym przewodem H07BQ-F 3G2,5 w kolorze niebieskim zapewnia wygodn\u0105 i bezpieczn\u0105 eksploatacj\u0119. U\u017cytkownik zyskuje nie tylko dok\u0142adno\u015b\u0107 pomiaru, ale tak\u017ce zgodno\u015b\u0107 z dyrektyw\u0105 MID, co sprawia, \u017ce ROCO3 jest doskona\u0142ym wyborem dla profesjonalist\u00f3w.<\/p>","protected":false},"excerpt":{"rendered":"<div class=\"icons\" style=\"display: flex; flex-wrap: wrap; gap: 5px; align-items: center; margin-top: 10px;\"><img decoding=\"async\" src=\"https:\/\/as-schwabe.de\/wp-content\/uploads\/ikony\/znak_CE.png\" alt=\"\" width=\"50\" height=\"50\" \/><img decoding=\"async\" src=\"https:\/\/as-schwabe.de\/wp-content\/uploads\/ikony\/znak_IP44.png\" alt=\"\" width=\"50\" height=\"50\" \/><img decoding=\"async\" src=\"https:\/\/as-schwabe.de\/wp-content\/uploads\/ikony\/znak_POWERLIGHT.png\" alt=\"\" width=\"90\" height=\"50\" \/><img loading=\"lazy\" decoding=\"async\" src=\"https:\/\/as-schwabe.de\/wp-content\/uploads\/ikony\/znak_PB.png\" alt=\"\" width=\"50\" height=\"50\" \/><img loading=\"lazy\" decoding=\"async\" src=\"https:\/\/as-schwabe.de\/wp-content\/uploads\/ikony\/znak_Z.png\" alt=\"\" width=\"50\" height=\"50\" \/><img loading=\"lazy\" decoding=\"async\" src=\"https:\/\/as-schwabe.de\/wp-content\/uploads\/ikony\/znak_D.png\" alt=\"\" width=\"50\" height=\"50\" \/><img loading=\"lazy\" decoding=\"async\" src=\"https:\/\/as-schwabe.de\/wp-content\/uploads\/ikony\/znak_DE.png\" alt=\"\" width=\"50\" height=\"40\" \/><\/div>\n<ul>\n<li>Licznik energii elektrycznej 1-fazowy z sygnalizacj\u0105 napi\u0119cia ROCO 3 <\/li>\n<li>zintegrowany licznik energii elektrycznej w kompaktowej obudowie wykonanej z wysoce odpornego na uszkodzenia specjalnego tworzywa sztucznego z okienkiem do odczytu stanu licznika <\/li>\n<li>zgodny z MID i odpowiedni do cel\u00f3w rozliczeniowych <\/li>\n<li>licznik pr\u0105du przemiennego, 1-fazowy <\/li>\n<li>klasa dok\u0142adno\u015bci B <\/li>\n<li>licznik analogowy: 5+1 cyfra, mo\u017cliwy do odczytania w dowolnym momencie <\/li>\n<li>odczyt dla maks. 99 999,9 kWh <\/li>\n<li>licznika analogowego nie mo\u017cna zresetowa\u0107 do 0 <\/li>\n<li>230 V, 16 A, maks. 3,5 kW, 50 Hz <\/li>\n<li>pr\u0105d 0,25-5 A (maks. 45 A) <\/li>\n<li>Temperatura pracy od -25\u00b0C do +55\u00b0C <\/li>\n<li>SDM 120 A, 230 V, 50 Hz <\/li>\n<li>IP44: chroniony przed cia\u0142ami obcymi i bryzgami wody <\/li>\n<li>2x 1,5 m niebieski przew\u00f3d poliuretanowy H07BQ-F 3G2,5 <\/li>\n<li>z wtyczk\u0105 i gniazdem CEE 230 V, 16 A, 3P z sygnalizacj\u0105 napi\u0119cia \u201ePowerlight\u201d, gniazdo wyposa\u017cone w uchyln\u0105 klapk\u0119 <\/li>\n<li>zawiera solidny hak do zawieszenia <\/li>\n<li>230 V, 16 A, maks. 3,5 kW<\/li>\n<\/ul>","protected":false},"featured_media":31585,"template":"","meta":{"inline_featured_image":false},"genre":[509],"product_cat":[580,588],"product_tag":[],"class_list":{"0":"post-32633","1":"product","2":"type-product","3":"status-publish","4":"has-post-thumbnail","6":"product_brand-as-schwabe-pl","7":"product_cat-liczniki-energii-elektrycznej-i-ograniczniki-pradu-rozruchowego-pl","8":"product_cat-liczniki-energii-elektrycznej-pl","10":"first","11":"instock","12":"shipping-taxable","13":"product-type-simple"},"aioseo_notices":[],"_links":{"self":[{"href":"https:\/\/as-schwabe.de\/pl\/wp-json\/wp\/v2\/product\/32633","targetHints":{"allow":["GET"]}}],"collection":[{"href":"https:\/\/as-schwabe.de\/pl\/wp-json\/wp\/v2\/product"}],"about":[{"href":"https:\/\/as-schwabe.de\/pl\/wp-json\/wp\/v2\/types\/product"}],"version-history":[{"count":0,"href":"https:\/\/as-schwabe.de\/pl\/wp-json\/wp\/v2\/product\/32633\/revisions"}],"wp:featuredmedia":[{"embeddable":true,"href":"https:\/\/as-schwabe.de\/pl\/wp-json\/wp\/v2\/media\/31585"}],"wp:attachment":[{"href":"https:\/\/as-schwabe.de\/pl\/wp-json\/wp\/v2\/media?parent=32633"}],"wp:term":[{"taxonomy":"product_brand","embeddable":true,"href":"https:\/\/as-schwabe.de\/pl\/wp-json\/wp\/v2\/genre?post=32633"},{"taxonomy":"product_cat","embeddable":true,"href":"https:\/\/as-schwabe.de\/pl\/wp-json\/wp\/v2\/product_cat?post=32633"},{"taxonomy":"product_tag","embeddable":true,"href":"https:\/\/as-schwabe.de\/pl\/wp-json\/wp\/v2\/product_tag?post=32633"}],"curies":[{"name":"wp","href":"https:\/\/api.w.org\/{rel}","templated":true}]}}