{"id":32632,"date":"2025-09-26T23:34:58","date_gmt":"2025-09-26T23:34:58","guid":{"rendered":"https:\/\/as-schwabe.de\/produkt\/licznik-energii-elektrycznej-1p-roco1-h07bq-f-3g25-3m-61757\/"},"modified":"2025-10-23T00:18:21","modified_gmt":"2025-10-23T00:18:21","slug":"licznik-energii-elektrycznej-1p-roco1-h07bq-f-3g25-3m-61757","status":"publish","type":"product","link":"https:\/\/as-schwabe.de\/pl\/produkt\/licznik-energii-elektrycznej-1p-roco1-h07bq-f-3g25-3m-61757\/","title":{"rendered":"Licznik energii elektrycznej 1-fazowy ROCO1 3 m H07BQ-F 3G2,5 | 61757"},"content":{"rendered":"<p>Licznik energii elektrycznej 1-fazowy ROCO1 to niezawodne urz\u0105dzenie, idealne do monitorowania zu\u017cycia energii w aplikacjach budowlanych oraz na zewn\u0105trz. Dzi\u0119ki solidnej obudowie IP68, licznik zapewnia wysok\u0105 odporno\u015b\u0107 na czynniki atmosferyczne, co sprawia, \u017ce jest doskona\u0142ym wyborem do pracy w trudnych warunkach. Umo\u017cliwia pomiar pr\u0105du w zakresie od 0,25 do 5 A (maks. 45 A) oraz oferuje dok\u0142adno\u015b\u0107 1000 impuls\u00f3w na kWh, co pozwala na precyzyjne \u015bledzenie zu\u017cycia energii elektrycznej. Licznik wyposa\u017cony jest w wygodny przew\u00f3d H07BQ-F o d\u0142ugo\u015bci 1,5 m z wtyczk\u0105 i gniazdem z uziemieniem, a jego maksymalne obci\u0105\u017cenie wynosi 3500 W przy napi\u0119ciu 230 V. Dodatkowo, urz\u0105dzenie zgodne jest z dyrektyw\u0105 MID, co zapewnia jego wysok\u0105 jako\u015b\u0107 i wiarygodno\u015b\u0107 pomiar\u00f3w.<\/p>","protected":false},"excerpt":{"rendered":"<div class=\"icons\" style=\"display: flex; flex-wrap: wrap; gap: 5px; align-items: center; margin-top: 10px;\"><img decoding=\"async\" src=\"https:\/\/as-schwabe.de\/wp-content\/uploads\/ikony\/znak_CE.png\" alt=\"\" width=\"50\" height=\"50\" \/><img decoding=\"async\" src=\"https:\/\/as-schwabe.de\/wp-content\/uploads\/ikony\/znak_IP44.png\" alt=\"\" width=\"50\" height=\"50\" \/><img decoding=\"async\" src=\"https:\/\/as-schwabe.de\/wp-content\/uploads\/ikony\/znak_PB.png\" alt=\"\" width=\"50\" height=\"50\" \/><img loading=\"lazy\" decoding=\"async\" src=\"https:\/\/as-schwabe.de\/wp-content\/uploads\/ikony\/znak_Z.png\" alt=\"\" width=\"50\" height=\"50\" \/><img loading=\"lazy\" decoding=\"async\" src=\"https:\/\/as-schwabe.de\/wp-content\/uploads\/ikony\/znak_D.png\" alt=\"\" width=\"50\" height=\"50\" \/><img loading=\"lazy\" decoding=\"async\" src=\"https:\/\/as-schwabe.de\/wp-content\/uploads\/ikony\/znak_DE.png\" alt=\"\" width=\"50\" height=\"40\" \/><\/div>\n<ul>\n<li>Licznik energii elektrycznej 1-fazowy ROCO 1 <\/li>\n<li>zintegrowany licznik energii elektrycznej w kompaktowej obudowie wykonanej z wysoce odpornego na uszkodzenia specjalnego tworzywa sztucznego z okienkiem do odczytu stanu licznika<\/li>\n<li> zgodny z MID i odpowiedni do cel\u00f3w rozliczeniowych <\/li>\n<li>licznik pr\u0105du przemiennego, 1-fazowy <\/li>\n<li>klasa dok\u0142adno\u015bci B <\/li>\n<li>licznik analogowy: 5+1 cyfra, mo\u017cliwy do odczytania w dowolnym momencie <\/li>\n<li>odczyt dla maks. 99 999,9 kWh <\/li>\n<li>licznika analogowego nie mo\u017cna zresetowa\u0107 do 0 <\/li>\n<li>230 V, 16 A, maks. 3,5 kW, 50 Hz <\/li>\n<li>pr\u0105d 0,25-5 A (maks. 45 A) <\/li>\n<li>Temperatura pracy od -25\u00b0C do +55\u00b0C<\/li>\n<li> SDM 120 A, 230 V, 50 Hz <\/li>\n<li>IP44: chroniony przed cia\u0142ami obcymi i bryzgami wody <\/li>\n<li>obie strony po 1,5 m niebieski przew\u00f3d poliuretanowy H07BQ-F 3G2,5 <\/li>\n<li>wtyczka i gniazdo z uziemieniem, gniazdo wyposa\u017cone w klapk\u0119 ochronn\u0105 <\/li>\n<li>zawiera solidny hak do zawieszenia <\/li>\n<li>230 V, 16 A, maks. 3,5 kW <\/li>\n<li>1,5 m niebieski przew\u00f3d poliuretanowy H07BQ-F 3G2,5 z wtyczk\u0105 z uziemieniem i wy\u0142\u0105cznikiem ochrony osobistej 30 mA (ok. 30 cm od wtyczki) <\/li>\n<li>wy\u0142\u0105cznik ochrony osobistej PRCD: znamionowy pr\u0105d r\u00f3\u017cnicowy 30 mA, wy\u0142\u0105czenie podnapi\u0119ciowe, czas zadzia\u0142ania poni\u017cej 30 ms, ze wska\u017anikiem funkcji <\/li>\n<li>1,5 m niebieski przew\u00f3d poliuretanowy H07BQ-F 3G2,5 z gniazdem z uziemieniem z klapk\u0105 ochronn\u0105 <\/li>\n<li>zawiera solidny hak do zawieszenia <\/li>\n<li>230 V, 16 A, maks. 3,5 kW<\/li>\n<\/ul>","protected":false},"featured_media":31588,"template":"","meta":{"inline_featured_image":false},"genre":[509],"product_cat":[580,588],"product_tag":[],"class_list":{"0":"post-32632","1":"product","2":"type-product","3":"status-publish","4":"has-post-thumbnail","6":"product_brand-as-schwabe-pl","7":"product_cat-liczniki-energii-elektrycznej-i-ograniczniki-pradu-rozruchowego-pl","8":"product_cat-liczniki-energii-elektrycznej-pl","10":"first","11":"instock","12":"shipping-taxable","13":"product-type-simple"},"aioseo_notices":[],"_links":{"self":[{"href":"https:\/\/as-schwabe.de\/pl\/wp-json\/wp\/v2\/product\/32632","targetHints":{"allow":["GET"]}}],"collection":[{"href":"https:\/\/as-schwabe.de\/pl\/wp-json\/wp\/v2\/product"}],"about":[{"href":"https:\/\/as-schwabe.de\/pl\/wp-json\/wp\/v2\/types\/product"}],"version-history":[{"count":0,"href":"https:\/\/as-schwabe.de\/pl\/wp-json\/wp\/v2\/product\/32632\/revisions"}],"wp:featuredmedia":[{"embeddable":true,"href":"https:\/\/as-schwabe.de\/pl\/wp-json\/wp\/v2\/media\/31588"}],"wp:attachment":[{"href":"https:\/\/as-schwabe.de\/pl\/wp-json\/wp\/v2\/media?parent=32632"}],"wp:term":[{"taxonomy":"product_brand","embeddable":true,"href":"https:\/\/as-schwabe.de\/pl\/wp-json\/wp\/v2\/genre?post=32632"},{"taxonomy":"product_cat","embeddable":true,"href":"https:\/\/as-schwabe.de\/pl\/wp-json\/wp\/v2\/product_cat?post=32632"},{"taxonomy":"product_tag","embeddable":true,"href":"https:\/\/as-schwabe.de\/pl\/wp-json\/wp\/v2\/product_tag?post=32632"}],"curies":[{"name":"wp","href":"https:\/\/api.w.org\/{rel}","templated":true}]}}