{"id":32631,"date":"2025-09-26T23:34:57","date_gmt":"2025-09-26T23:34:57","guid":{"rendered":"https:\/\/as-schwabe.de\/produkt\/licznik-energii-elektrycznej-1p-roco2-prcd-h07bq-f-3g25-3-m-61754\/"},"modified":"2025-10-23T00:18:21","modified_gmt":"2025-10-23T00:18:21","slug":"licznik-energii-elektrycznej-1p-roco2-prcd-h07bq-f-3g25-3-m-61754","status":"publish","type":"product","link":"https:\/\/as-schwabe.de\/pl\/produkt\/licznik-energii-elektrycznej-1p-roco2-prcd-h07bq-f-3g25-3-m-61754\/","title":{"rendered":"Licznik energii elektrycznej 1-fazowy ROCO2 PRCD 3 m H07BQ-F 3G2,5 | 61754"},"content":{"rendered":"<p>Licznik energii elektrycznej 1-fazowy ROCO2 PRCD to niezawodne urz\u0105dzenie pomiarowe przeznaczone do zastosowa\u0144 zewn\u0119trznych oraz w warunkach budowlanych. Wyposa\u017cony w wtyczk\u0119 z uziemieniem oraz gniazdo z uziemieniem, zapewnia bezpieczne i stabilne po\u0142\u0105czenie w systemach energetycznych do 230 V i 16 A. Jego zaawansowane parametry techniczne obejmuj\u0105 zakres pr\u0105du od 0,25 A do 5 A (maks. 45 A) oraz analogowe wskazanie zu\u017cycia energii na poziomie do 99999,9 kWh, w rozdzielczo\u015bci 1000 impuls\u00f3w na kWh. Zgodno\u015b\u0107 z dyrektyw\u0105 MID oraz wysoka klasa szczelno\u015bci obudowy IP68 zapewniaj\u0105 trwa\u0142o\u015b\u0107 i bezpiecze\u0144stwo u\u017cytkowania w trudnych warunkach. Dodatkowo, przewody H07BQ-F o d\u0142ugo\u015bci 1,5 m w kolorze niebieskim umo\u017cliwiaj\u0105 elastyczne i wygodne pod\u0142\u0105czenie urz\u0105dzenia.<\/p>","protected":false},"excerpt":{"rendered":"<div class=\"icons\" style=\"display: flex; flex-wrap: wrap; gap: 5px; align-items: center; margin-top: 10px;\"><img decoding=\"async\" src=\"https:\/\/as-schwabe.de\/wp-content\/uploads\/ikony\/znak_CE.png\" alt=\"\" width=\"50\" height=\"50\" \/><img decoding=\"async\" src=\"https:\/\/as-schwabe.de\/wp-content\/uploads\/ikony\/znak_IP44.png\" alt=\"\" width=\"50\" height=\"50\" \/><img decoding=\"async\" src=\"https:\/\/as-schwabe.de\/wp-content\/uploads\/ikony\/znak_PB.png\" alt=\"\" width=\"50\" height=\"50\" \/><img loading=\"lazy\" decoding=\"async\" src=\"https:\/\/as-schwabe.de\/wp-content\/uploads\/ikony\/znak_Z.png\" alt=\"\" width=\"50\" height=\"50\" \/><img loading=\"lazy\" decoding=\"async\" src=\"https:\/\/as-schwabe.de\/wp-content\/uploads\/ikony\/znak_D.png\" alt=\"\" width=\"50\" height=\"50\" \/><img loading=\"lazy\" decoding=\"async\" src=\"https:\/\/as-schwabe.de\/wp-content\/uploads\/ikony\/znak_DE.png\" alt=\"\" width=\"50\" height=\"40\" \/><\/div>\n<ul>\n<li>Licznik energii elektrycznej 1-fazowy z PRCD ROCO 2 <\/li>\n<li>zintegrowany licznik energii elektrycznej w kompaktowej obudowie wykonanej z wysoce odpornego na uszkodzenia specjalnego tworzywa sztucznego z okienkiem do odczytu stanu licznika <\/li>\n<li>zgodny z MID i odpowiedni do cel\u00f3w rozliczeniowych <\/li>\n<li>licznik pr\u0105du przemiennego, 1-fazowy <\/li>\n<li>klasa dok\u0142adno\u015bci B <\/li>\n<li>licznik analogowy: 5+1 cyfra, mo\u017cliwy do odczytania w dowolnym momencie <\/li>\n<li>odczyt dla maks. 99 999,9 kWh <\/li>\n<li>licznika analogowego nie mo\u017cna zresetowa\u0107 do 0 <\/li>\n<li>230 V, 16 A, maks. 3,5 kW, 50 Hz <\/li>\n<li>pr\u0105d 0,25-5 A (maks. 45 A) <\/li>\n<li>Temperatura pracy od -25\u00b0C do +55\u00b0C <\/li>\n<li>SDM 120 A, 230 V, 50 Hz <\/li>\n<li>IP44: chroniony przed cia\u0142ami obcymi i bryzgami wody<\/li>\n<\/ul>","protected":false},"featured_media":31578,"template":"","meta":{"inline_featured_image":false},"genre":[509],"product_cat":[580,588],"product_tag":[],"class_list":{"0":"post-32631","1":"product","2":"type-product","3":"status-publish","4":"has-post-thumbnail","6":"product_brand-as-schwabe-pl","7":"product_cat-liczniki-energii-elektrycznej-i-ograniczniki-pradu-rozruchowego-pl","8":"product_cat-liczniki-energii-elektrycznej-pl","10":"first","11":"instock","12":"shipping-taxable","13":"product-type-simple"},"aioseo_notices":[],"_links":{"self":[{"href":"https:\/\/as-schwabe.de\/pl\/wp-json\/wp\/v2\/product\/32631","targetHints":{"allow":["GET"]}}],"collection":[{"href":"https:\/\/as-schwabe.de\/pl\/wp-json\/wp\/v2\/product"}],"about":[{"href":"https:\/\/as-schwabe.de\/pl\/wp-json\/wp\/v2\/types\/product"}],"version-history":[{"count":0,"href":"https:\/\/as-schwabe.de\/pl\/wp-json\/wp\/v2\/product\/32631\/revisions"}],"wp:featuredmedia":[{"embeddable":true,"href":"https:\/\/as-schwabe.de\/pl\/wp-json\/wp\/v2\/media\/31578"}],"wp:attachment":[{"href":"https:\/\/as-schwabe.de\/pl\/wp-json\/wp\/v2\/media?parent=32631"}],"wp:term":[{"taxonomy":"product_brand","embeddable":true,"href":"https:\/\/as-schwabe.de\/pl\/wp-json\/wp\/v2\/genre?post=32631"},{"taxonomy":"product_cat","embeddable":true,"href":"https:\/\/as-schwabe.de\/pl\/wp-json\/wp\/v2\/product_cat?post=32631"},{"taxonomy":"product_tag","embeddable":true,"href":"https:\/\/as-schwabe.de\/pl\/wp-json\/wp\/v2\/product_tag?post=32631"}],"curies":[{"name":"wp","href":"https:\/\/api.w.org\/{rel}","templated":true}]}}