{"id":32630,"date":"2025-09-26T23:34:56","date_gmt":"2025-09-26T23:34:56","guid":{"rendered":"https:\/\/as-schwabe.de\/produkt\/licznik-energii-elektrycznej-3p-mixo-h07rn-f-5g6-3-m-61746\/"},"modified":"2025-10-23T00:18:20","modified_gmt":"2025-10-23T00:18:20","slug":"licznik-energii-elektrycznej-3p-mixo-h07rn-f-5g6-3-m-61746","status":"publish","type":"product","link":"https:\/\/as-schwabe.de\/pl\/produkt\/licznik-energii-elektrycznej-3p-mixo-h07rn-f-5g6-3-m-61746\/","title":{"rendered":"Licznik energii elektrycznej 3-fazowy MIXO 3 m H07RN-F 5G6 | 61746"},"content":{"rendered":"<p>Licznik energii elektrycznej 3-fazowy MIXO to wydajne i niezawodne rozwi\u0105zanie dla profesjonalnych zastosowa\u0144 w obszarze monitorowania zu\u017cycia energii. Wyposa\u017cony w wtyczk\u0119 z uziemieniem CEE 32 A oraz gniazdo CEE 32 A, oferuje doskona\u0142\u0105 kompatybilno\u015b\u0107 z instalacjami elektrycznymi. Przew\u00f3d H07RN-F o d\u0142ugo\u015bci 1,5 m po obu stronach, o wysokiej odporno\u015bci na uszkodzenia, zapewnia wygod\u0119 u\u017cytkowania. Urz\u0105dzenie dzia\u0142a w zakresie pr\u0105du od 0,25 do 5 A, z maksymalnym obci\u0105\u017ceniem do 80 A, a jego analogowy wska\u017anik umo\u017cliwia precyzyjne pomiary energii do 999999,9 kWh. Obudowa licznika klasy IP68 oraz zabezpieczenie IP44 dla po\u0142\u0105cze\u0144 gwarantuj\u0105 wysok\u0105 odporno\u015b\u0107 na dzia\u0142anie czynnik\u00f3w zewn\u0119trznych, co czyni go idealnym wyborem do zastosowa\u0144 zar\u00f3wno wewn\u0119trznych, jak i zewn\u0119trznych, w pe\u0142ni zgodnym z norm\u0105 MID.<\/p>","protected":false},"excerpt":{"rendered":"<div class=\"icons\" style=\"display: flex; flex-wrap: wrap; gap: 5px; align-items: center; margin-top: 10px;\"><img decoding=\"async\" src=\"https:\/\/as-schwabe.de\/wp-content\/uploads\/ikony\/znak_CE.png\" alt=\"\" width=\"50\" height=\"50\" \/><img decoding=\"async\" src=\"https:\/\/as-schwabe.de\/wp-content\/uploads\/ikony\/znak_IP44.png\" alt=\"\" width=\"50\" height=\"50\" \/><img decoding=\"async\" src=\"https:\/\/as-schwabe.de\/wp-content\/uploads\/ikony\/znak_PB.png\" alt=\"\" width=\"50\" height=\"50\" \/><img loading=\"lazy\" decoding=\"async\" src=\"https:\/\/as-schwabe.de\/wp-content\/uploads\/ikony\/znak_Z.png\" alt=\"\" width=\"50\" height=\"50\" \/><img loading=\"lazy\" decoding=\"async\" src=\"https:\/\/as-schwabe.de\/wp-content\/uploads\/ikony\/znak_D.png\" alt=\"\" width=\"50\" height=\"50\" \/><img loading=\"lazy\" decoding=\"async\" src=\"https:\/\/as-schwabe.de\/wp-content\/uploads\/ikony\/znak_DE.png\" alt=\"\" width=\"50\" height=\"40\" \/><\/div>\n<ul>\n<li>Licznik pr\u0105du przemiennego, 3-fazowy 400 V, 32 A, 5P \/ maks. 22 kW <\/li>\n<li>IP44: chroniony przed cia\u0142ami obcymi i bryzgami wody <\/li>\n<li>zintegrowany licznik energii elektrycznej w obudowie wykonanej ze specjalnego tworzywa sztucznego o wysokiej odporno\u015bci na p\u0119kni\u0119cia, z okienkiem do odczytu stanu licznika <\/li>\n<li>zgodny z MID i odpowiedni do cel\u00f3w rozliczeniowych <\/li>\n<li>licznik pr\u0105du przemiennego, 3-fazowy <\/li>\n<li>klasa dok\u0142adno\u015bci B <\/li>\n<li>licznik analogowy: 6+1 cyfra, mo\u017cliwy do odczytania w dowolnym momencie <\/li>\n<li>odczyt dla maks. 999 999,9 kWh <\/li>\n<li>licznika analogowego nie mo\u017cna zresetowa\u0107 do 0<\/li>\n<li> pr\u0105d 0,25-5 A (maks. 80 A) <\/li>\n<li>Temperatura pracy od -25\u00b0C do +55\u00b0C <\/li>\n<li>2x 1,5 m bardzo wytrzyma\u0142y neoprenowy przew\u00f3d H07RN-F <\/li>\n<li>z wtyczk\u0105 CEE i gniazdem CEE z klapk\u0105 ochronn\u0105<\/li>\n<\/ul>","protected":false},"featured_media":31577,"template":"","meta":{"inline_featured_image":false},"genre":[509],"product_cat":[580,588],"product_tag":[],"class_list":{"0":"post-32630","1":"product","2":"type-product","3":"status-publish","4":"has-post-thumbnail","6":"product_brand-as-schwabe-pl","7":"product_cat-liczniki-energii-elektrycznej-i-ograniczniki-pradu-rozruchowego-pl","8":"product_cat-liczniki-energii-elektrycznej-pl","10":"first","11":"instock","12":"shipping-taxable","13":"product-type-simple"},"aioseo_notices":[],"_links":{"self":[{"href":"https:\/\/as-schwabe.de\/pl\/wp-json\/wp\/v2\/product\/32630","targetHints":{"allow":["GET"]}}],"collection":[{"href":"https:\/\/as-schwabe.de\/pl\/wp-json\/wp\/v2\/product"}],"about":[{"href":"https:\/\/as-schwabe.de\/pl\/wp-json\/wp\/v2\/types\/product"}],"version-history":[{"count":0,"href":"https:\/\/as-schwabe.de\/pl\/wp-json\/wp\/v2\/product\/32630\/revisions"}],"wp:featuredmedia":[{"embeddable":true,"href":"https:\/\/as-schwabe.de\/pl\/wp-json\/wp\/v2\/media\/31577"}],"wp:attachment":[{"href":"https:\/\/as-schwabe.de\/pl\/wp-json\/wp\/v2\/media?parent=32630"}],"wp:term":[{"taxonomy":"product_brand","embeddable":true,"href":"https:\/\/as-schwabe.de\/pl\/wp-json\/wp\/v2\/genre?post=32630"},{"taxonomy":"product_cat","embeddable":true,"href":"https:\/\/as-schwabe.de\/pl\/wp-json\/wp\/v2\/product_cat?post=32630"},{"taxonomy":"product_tag","embeddable":true,"href":"https:\/\/as-schwabe.de\/pl\/wp-json\/wp\/v2\/product_tag?post=32630"}],"curies":[{"name":"wp","href":"https:\/\/api.w.org\/{rel}","templated":true}]}}