{"id":32629,"date":"2025-09-26T23:34:55","date_gmt":"2025-09-26T23:34:55","guid":{"rendered":"https:\/\/as-schwabe.de\/produkt\/licznik-energii-elektrycznej-3p-mixo-h07rn-f-5g25-3-m-61745\/"},"modified":"2025-10-23T00:18:20","modified_gmt":"2025-10-23T00:18:20","slug":"licznik-energii-elektrycznej-3p-mixo-h07rn-f-5g25-3-m-61745","status":"publish","type":"product","link":"https:\/\/as-schwabe.de\/pl\/produkt\/licznik-energii-elektrycznej-3p-mixo-h07rn-f-5g25-3-m-61745\/","title":{"rendered":"Licznik energii elektrycznej 3-fazowy MIXO 3 m H07RN-F 5G2,5 | 61745"},"content":{"rendered":"<p>Licznik energii elektrycznej 3-fazowy MIXO to solidne rozwi\u0105zanie do monitorowania zu\u017cycia energii w aplikacjach przemys\u0142owych oraz komercyjnych. Wyposa\u017cony w wtyczk\u0119 CEE 16 A oraz gniazdo CEE 16 A, zapewnia wygodne i bezpieczne po\u0142\u0105czenie z sieci\u0105 elektryczn\u0105. Przew\u00f3d H07RN-F o d\u0142ugo\u015bci 1,5 m z 5 \u017cy\u0142ami o przekroju 2,5 mm\u00b2 gwarantuje wysok\u0105 jako\u015b\u0107 przesy\u0142u energii. Licznik charakteryzuje si\u0119 analogowym wskazaniem 1000 impuls\u00f3w\/kWh oraz zakresem pr\u0105dowym od 0,25 A do 5 A (maks. 80 A), a jego obudowa o klasyfikacji IP44 zapewnia odporno\u015b\u0107 na dzia\u0142anie wilgoci i zanieczyszcze\u0144. Dzi\u0119ki mo\u017cliwo\u015bci wskazania zu\u017cycia energii do 999999,9 kWh, licznik MIXO stanowi niezawodne narz\u0119dzie do kontrolowania koszt\u00f3w energii, a jego zgodno\u015b\u0107 z dyrektyw\u0105 MID gwarantuje wysok\u0105 dok\u0142adno\u015b\u0107 pomiar\u00f3w.<\/p>","protected":false},"excerpt":{"rendered":"<div class=\"icons\" style=\"display: flex; flex-wrap: wrap; gap: 5px; align-items: center; margin-top: 10px;\"><img decoding=\"async\" src=\"https:\/\/as-schwabe.de\/wp-content\/uploads\/ikony\/znak_CE.png\" alt=\"\" width=\"50\" height=\"50\" \/><img decoding=\"async\" src=\"https:\/\/as-schwabe.de\/wp-content\/uploads\/ikony\/znak_IP44.png\" alt=\"\" width=\"50\" height=\"50\" \/><img decoding=\"async\" src=\"https:\/\/as-schwabe.de\/wp-content\/uploads\/ikony\/znak_PB.png\" alt=\"\" width=\"50\" height=\"50\" \/><img loading=\"lazy\" decoding=\"async\" src=\"https:\/\/as-schwabe.de\/wp-content\/uploads\/ikony\/znak_Z.png\" alt=\"\" width=\"50\" height=\"50\" \/><img loading=\"lazy\" decoding=\"async\" src=\"https:\/\/as-schwabe.de\/wp-content\/uploads\/ikony\/znak_D.png\" alt=\"\" width=\"50\" height=\"50\" \/><img loading=\"lazy\" decoding=\"async\" src=\"https:\/\/as-schwabe.de\/wp-content\/uploads\/ikony\/znak_DE.png\" alt=\"\" width=\"50\" height=\"40\" \/><\/div>\n<ul>\n<li>Licznik pr\u0105du przemiennego, 3-fazowy 400 V, 16 A, 5P \/ maks. 11 kW <\/li>\n<li>IP44: chroniony przed cia\u0142ami obcymi i bryzgami wody <\/li>\n<li>zintegrowany licznik energii elektrycznej w obudowie wykonanej ze specjalnego tworzywa sztucznego o wysokiej odporno\u015bci na p\u0119kni\u0119cia, z okienkiem do odczytu stanu licznika <\/li>\n<li>zgodny z MID i odpowiedni do cel\u00f3w rozliczeniowych <\/li>\n<li>licznik pr\u0105du przemiennego, 3-fazowy <\/li>\n<li>klasa dok\u0142adno\u015bci B <\/li>\n<li>licznik analogowy: 6+1 cyfra, mo\u017cliwy do odczytania w dowolnym momencie <\/li>\n<li>odczyt dla maks. 999 999,9 kWh <\/li>\n<li>licznika analogowego nie mo\u017cna zresetowa\u0107 do 0<\/li>\n<li> pr\u0105d 0,25-5 A (maks. 80 A) <\/li>\n<li>Temperatura pracy od -25\u00b0C do +55\u00b0C <\/li>\n<li>2x 1,5 m bardzo wytrzyma\u0142y neoprenowy przew\u00f3d H07RN-F <\/li>\n<li>z wtyczk\u0105 CEE i gniazdem CEE z klapk\u0105 ochronn\u0105<\/li>\n<\/ul>","protected":false},"featured_media":31574,"template":"","meta":{"inline_featured_image":false},"genre":[509],"product_cat":[580,588],"product_tag":[],"class_list":{"0":"post-32629","1":"product","2":"type-product","3":"status-publish","4":"has-post-thumbnail","6":"product_brand-as-schwabe-pl","7":"product_cat-liczniki-energii-elektrycznej-i-ograniczniki-pradu-rozruchowego-pl","8":"product_cat-liczniki-energii-elektrycznej-pl","10":"first","11":"instock","12":"shipping-taxable","13":"product-type-simple"},"aioseo_notices":[],"_links":{"self":[{"href":"https:\/\/as-schwabe.de\/pl\/wp-json\/wp\/v2\/product\/32629","targetHints":{"allow":["GET"]}}],"collection":[{"href":"https:\/\/as-schwabe.de\/pl\/wp-json\/wp\/v2\/product"}],"about":[{"href":"https:\/\/as-schwabe.de\/pl\/wp-json\/wp\/v2\/types\/product"}],"version-history":[{"count":0,"href":"https:\/\/as-schwabe.de\/pl\/wp-json\/wp\/v2\/product\/32629\/revisions"}],"wp:featuredmedia":[{"embeddable":true,"href":"https:\/\/as-schwabe.de\/pl\/wp-json\/wp\/v2\/media\/31574"}],"wp:attachment":[{"href":"https:\/\/as-schwabe.de\/pl\/wp-json\/wp\/v2\/media?parent=32629"}],"wp:term":[{"taxonomy":"product_brand","embeddable":true,"href":"https:\/\/as-schwabe.de\/pl\/wp-json\/wp\/v2\/genre?post=32629"},{"taxonomy":"product_cat","embeddable":true,"href":"https:\/\/as-schwabe.de\/pl\/wp-json\/wp\/v2\/product_cat?post=32629"},{"taxonomy":"product_tag","embeddable":true,"href":"https:\/\/as-schwabe.de\/pl\/wp-json\/wp\/v2\/product_tag?post=32629"}],"curies":[{"name":"wp","href":"https:\/\/api.w.org\/{rel}","templated":true}]}}