{"id":32624,"date":"2025-09-26T23:34:52","date_gmt":"2025-09-26T23:34:52","guid":{"rendered":"https:\/\/as-schwabe.de\/produkt\/wylacznik-kombinowany-w-bialej-obudowie-61569\/"},"modified":"2025-10-23T00:18:18","modified_gmt":"2025-10-23T00:18:18","slug":"wylacznik-kombinowany-w-bialej-obudowie-61569","status":"publish","type":"product","link":"https:\/\/as-schwabe.de\/pl\/produkt\/wylacznik-kombinowany-w-bialej-obudowie-61569\/","title":{"rendered":"Wy\u0142\u0105cznik kombinowany w bia\u0142ej obudowie | 61569"},"content":{"rendered":"<p>Wy\u0142\u0105cznik kombinowany w bia\u0142ej obudowie to nowoczesne rozwi\u0105zanie, \u0142\u0105cz\u0105ce funkcje wy\u0142\u0105cznika r\u00f3\u017cnicowopr\u0105dowego (RCD) oraz wy\u0142\u0105cznika nadpr\u0105dowego, przeznaczone do ochrony instalacji elektrycznych. Umo\u017cliwia bezpieczne u\u017cytkowanie urz\u0105dze\u0144 o maksymalnym pr\u0105dzie znamionowym 16 A, a jego pr\u00f3g zadzia\u0142ania wynosz\u0105cy 30 mA zapewnia skuteczn\u0105 ochron\u0119 przed pora\u017ceniem pr\u0105dem elektrycznym. Typ A i charakterystyka C sprawiaj\u0105, \u017ce wy\u0142\u0105cznik jest idealny dla obwod\u00f3w z urz\u0105dzeniami elektronicznymi oraz dla odbiornik\u00f3w o du\u017cym pr\u0105dzie rozruchowym. Dzi\u0119ki zastosowaniu tego wy\u0142\u0105cznika, u\u017cytkownik zyskuje pewno\u015b\u0107 i komfort korzystania z energii elektrycznej, zabezpieczaj\u0105c swoje mienie oraz zdrowie przed skutkami awarii.<\/p>","protected":false},"excerpt":{"rendered":"<div class=\"icons\" style=\"display: flex; flex-wrap: wrap; gap: 5px; align-items: center; margin-top: 10px;\"><img decoding=\"async\" src=\"https:\/\/as-schwabe.de\/wp-content\/uploads\/ikony\/znak_CE.png\" alt=\"\" width=\"50\" height=\"50\" \/><img decoding=\"async\" src=\"https:\/\/as-schwabe.de\/wp-content\/uploads\/ikony\/znak_D.png\" alt=\"\" width=\"50\" height=\"50\" \/><\/div>\n<ul>\n<li>wy\u0142\u0105cznik kombinowany <\/li>\n<li>wy\u0142\u0105cznik RCD r\u00f3\u017cnicowopr\u0105dowy <\/li>\n<li>wy\u0142\u0105cznik nadpr\u0105dowy <\/li>\n<li>w bia\u0142ej obudowie z tworzywa sztucznego <\/li>\n<li>do monta\u017cu w przyczepie kempingowej <\/li>\n<li>wymiary wys. x szer. x d\u0142.: 131 x 50 x 80 mm <\/li>\n<li>230 V, 16 A, 30 mA typ A, 2P, charakterystyka C<\/li>\n<\/ul>","protected":false},"featured_media":31564,"template":"","meta":{"inline_featured_image":false},"genre":[509],"product_cat":[515,543],"product_tag":[],"class_list":{"0":"post-32624","1":"product","2":"type-product","3":"status-publish","4":"has-post-thumbnail","6":"product_brand-as-schwabe-pl","7":"product_cat-kemping-i-caravaning-pl","8":"product_cat-bezpieczniki-pl","10":"first","11":"instock","12":"shipping-taxable","13":"product-type-simple"},"aioseo_notices":[],"_links":{"self":[{"href":"https:\/\/as-schwabe.de\/pl\/wp-json\/wp\/v2\/product\/32624","targetHints":{"allow":["GET"]}}],"collection":[{"href":"https:\/\/as-schwabe.de\/pl\/wp-json\/wp\/v2\/product"}],"about":[{"href":"https:\/\/as-schwabe.de\/pl\/wp-json\/wp\/v2\/types\/product"}],"version-history":[{"count":0,"href":"https:\/\/as-schwabe.de\/pl\/wp-json\/wp\/v2\/product\/32624\/revisions"}],"wp:featuredmedia":[{"embeddable":true,"href":"https:\/\/as-schwabe.de\/pl\/wp-json\/wp\/v2\/media\/31564"}],"wp:attachment":[{"href":"https:\/\/as-schwabe.de\/pl\/wp-json\/wp\/v2\/media?parent=32624"}],"wp:term":[{"taxonomy":"product_brand","embeddable":true,"href":"https:\/\/as-schwabe.de\/pl\/wp-json\/wp\/v2\/genre?post=32624"},{"taxonomy":"product_cat","embeddable":true,"href":"https:\/\/as-schwabe.de\/pl\/wp-json\/wp\/v2\/product_cat?post=32624"},{"taxonomy":"product_tag","embeddable":true,"href":"https:\/\/as-schwabe.de\/pl\/wp-json\/wp\/v2\/product_tag?post=32624"}],"curies":[{"name":"wp","href":"https:\/\/api.w.org\/{rel}","templated":true}]}}