{"id":32623,"date":"2025-09-26T23:34:51","date_gmt":"2025-09-26T23:34:51","guid":{"rendered":"https:\/\/as-schwabe.de\/produkt\/wylacznik-roznicowopradowy-rcd-25-a-30-ma-typ-a-2p-61565\/"},"modified":"2025-10-23T00:18:16","modified_gmt":"2025-10-23T00:18:16","slug":"wylacznik-roznicowopradowy-rcd-25-a-30-ma-typ-a-2p-61565","status":"publish","type":"product","link":"https:\/\/as-schwabe.de\/pl\/produkt\/wylacznik-roznicowopradowy-rcd-25-a-30-ma-typ-a-2p-61565\/","title":{"rendered":"Wy\u0142\u0105cznik r\u00f3\u017cnicowopr\u0105dowy w bia\u0142ej obudowie RCD 25 A, 30 mA, typ A, 2P | 61565"},"content":{"rendered":"<p>Wy\u0142\u0105cznik r\u00f3\u017cnicowopr\u0105dowy RCD 25 A, 30 mA, typ A, 2P to zaawansowane urz\u0105dzenie zabezpieczaj\u0105ce, kt\u00f3re skutecznie chroni przed pora\u017ceniem pr\u0105dem elektrycznym oraz minimalizuje ryzyko po\u017caru spowodowanego przebiciem izolacji. Dzi\u0119ki pr\u0105dowi r\u00f3\u017cnicowemu wynosz\u0105cemu 30 mA, jest idealnym rozwi\u0105zaniem do zastosowa\u0144 w obiektach mieszkalnych oraz komercyjnych, zapewniaj\u0105c wysoki poziom ochrony u\u017cytkownik\u00f3w. Typ A tego wy\u0142\u0105cznika umo\u017cliwia detekcj\u0119 pr\u0105d\u00f3w sta\u0142ych oraz zmiennych, co sprawia, \u017ce jest on wszechstronny i wydajny w r\u00f3\u017cnorodnych instalacjach elektrycznych. Bia\u0142a obudowa nadaje mu estetyczny wygl\u0105d, co sprawia, \u017ce doskonale wkomponowuje si\u0119 w nowoczesne wn\u0119trza. Wyb\u00f3r tego urz\u0105dzenia to gwarancja bezpiecze\u0144stwa oraz niezawodno\u015bci w codziennej eksploatacji.<\/p>","protected":false},"excerpt":{"rendered":"<div class=\"icons\" style=\"display: flex; flex-wrap: wrap; gap: 5px; align-items: center; margin-top: 10px;\"><img decoding=\"async\" src=\"https:\/\/as-schwabe.de\/wp-content\/uploads\/ikony\/znak_CE.png\" alt=\"\" width=\"50\" height=\"50\" \/><img decoding=\"async\" src=\"https:\/\/as-schwabe.de\/wp-content\/uploads\/ikony\/znak_D.png\" alt=\"\" width=\"50\" height=\"50\" \/><\/div>\n<ul>\n<li>wy\u0142\u0105cznik r\u00f3\u017cnicowopr\u0105dowy RCD w bia\u0142ej obudowie z tworzywa sztucznego <\/li>\n<li>do monta\u017cu w przyczepie kempingowej <\/li>\n<li>wymiary wys. x szer. x d\u0142.: 131 x 50 x 80 mm <\/li>\n<li>wy\u0142\u0105cznik RCD 25 A, 30 mA, typ A, 2P<\/li>\n<\/ul>","protected":false},"featured_media":31563,"template":"","meta":{"inline_featured_image":false},"genre":[509],"product_cat":[515,543],"product_tag":[],"class_list":{"0":"post-32623","1":"product","2":"type-product","3":"status-publish","4":"has-post-thumbnail","6":"product_brand-as-schwabe-pl","7":"product_cat-kemping-i-caravaning-pl","8":"product_cat-bezpieczniki-pl","10":"first","11":"instock","12":"shipping-taxable","13":"product-type-simple"},"aioseo_notices":[],"_links":{"self":[{"href":"https:\/\/as-schwabe.de\/pl\/wp-json\/wp\/v2\/product\/32623","targetHints":{"allow":["GET"]}}],"collection":[{"href":"https:\/\/as-schwabe.de\/pl\/wp-json\/wp\/v2\/product"}],"about":[{"href":"https:\/\/as-schwabe.de\/pl\/wp-json\/wp\/v2\/types\/product"}],"version-history":[{"count":0,"href":"https:\/\/as-schwabe.de\/pl\/wp-json\/wp\/v2\/product\/32623\/revisions"}],"wp:featuredmedia":[{"embeddable":true,"href":"https:\/\/as-schwabe.de\/pl\/wp-json\/wp\/v2\/media\/31563"}],"wp:attachment":[{"href":"https:\/\/as-schwabe.de\/pl\/wp-json\/wp\/v2\/media?parent=32623"}],"wp:term":[{"taxonomy":"product_brand","embeddable":true,"href":"https:\/\/as-schwabe.de\/pl\/wp-json\/wp\/v2\/genre?post=32623"},{"taxonomy":"product_cat","embeddable":true,"href":"https:\/\/as-schwabe.de\/pl\/wp-json\/wp\/v2\/product_cat?post=32623"},{"taxonomy":"product_tag","embeddable":true,"href":"https:\/\/as-schwabe.de\/pl\/wp-json\/wp\/v2\/product_tag?post=32623"}],"curies":[{"name":"wp","href":"https:\/\/api.w.org\/{rel}","templated":true}]}}