{"id":32622,"date":"2025-09-26T23:34:50","date_gmt":"2025-09-26T23:34:50","guid":{"rendered":"https:\/\/as-schwabe.de\/produkt\/bezpiecznik-nadpradowy-w-bialej-obudowie-c10-a-2p-61564\/"},"modified":"2025-10-23T00:18:16","modified_gmt":"2025-10-23T00:18:16","slug":"bezpiecznik-nadpradowy-w-bialej-obudowie-c10-a-2p-61564","status":"publish","type":"product","link":"https:\/\/as-schwabe.de\/pl\/produkt\/bezpiecznik-nadpradowy-w-bialej-obudowie-c10-a-2p-61564\/","title":{"rendered":"Bezpiecznik nadpr\u0105dowy w bia\u0142ej obudowie C10 A, 2P | 61564"},"content":{"rendered":"<p>Bezpiecznik nadpr\u0105dowy w bia\u0142ej obudowie C10 A, 2P jest niezawodnym elementem ochrony instalacji elektrycznych, zaprojektowanym z my\u015bl\u0105 o zapewnieniu bezpiecze\u0144stwa oraz stabilno\u015bci pracy. Oferuj\u0105c nominalny pr\u0105d 10 A, jego dwupolowa konstrukcja umo\u017cliwia zastosowanie w jednolitych i z\u0142o\u017conych systemach elektrycznych, co czyni go wszechstronnym rozwi\u0105zaniem dla r\u00f3\u017cnych aplikacji. Dzi\u0119ki szybko dzia\u0142aj\u0105cej funkcji wy\u0142\u0105czania, bezpiecznik skutecznie chroni przed skutkami przeci\u0105\u017ce\u0144 i zwar\u0107, minimalizuj\u0105c ryzyko uszkodze\u0144 urz\u0105dze\u0144 oraz instalacji. Jego estetyczna, bia\u0142a obudowa nie tylko wpisuje si\u0119 w nowoczesny design, ale r\u00f3wnie\u017c u\u0142atwia identyfikacj\u0119 w szafkach elektrycznych. Wybieraj\u0105c ten produkt, zapewniasz sobie nie tylko zwi\u0119kszon\u0105 ochron\u0119, ale tak\u017ce d\u0142ugotrwa\u0142\u0105 efektywno\u015b\u0107 i niezawodno\u015b\u0107 swojej instalacji elektrycznej.<\/p>","protected":false},"excerpt":{"rendered":"<div class=\"icons\" style=\"display: flex; flex-wrap: wrap; gap: 5px; align-items: center; margin-top: 10px;\"><img decoding=\"async\" src=\"https:\/\/as-schwabe.de\/wp-content\/uploads\/ikony\/znak_CE.png\" alt=\"\" width=\"50\" height=\"50\" \/><img decoding=\"async\" src=\"https:\/\/as-schwabe.de\/wp-content\/uploads\/ikony\/znak_IP20.png\" alt=\"\" width=\"50\" height=\"50\" \/><img decoding=\"async\" src=\"https:\/\/as-schwabe.de\/wp-content\/uploads\/ikony\/znak_D.png\" alt=\"\" width=\"50\" height=\"50\" \/><\/div>\n<ul>\n<li>wy\u0142\u0105cznik nadpr\u0105dowy w bia\u0142ej obudowie z tworzywa sztucznego <\/li>\n<li>do monta\u017cu w przyczepie kempingowej <\/li>\n<li>wymiary wys. x szer. x d\u0142.: 131 x 50 x 80 mm <\/li>\n<li>wy\u0142\u0105cznik nadpr\u0105dowy 230 V, 10 A z C10 A, 2P<\/li>\n<\/ul>","protected":false},"featured_media":31557,"template":"","meta":{"inline_featured_image":false},"genre":[509],"product_cat":[515,543],"product_tag":[],"class_list":{"0":"post-32622","1":"product","2":"type-product","3":"status-publish","4":"has-post-thumbnail","6":"product_brand-as-schwabe-pl","7":"product_cat-kemping-i-caravaning-pl","8":"product_cat-bezpieczniki-pl","10":"first","11":"instock","12":"shipping-taxable","13":"product-type-simple"},"aioseo_notices":[],"_links":{"self":[{"href":"https:\/\/as-schwabe.de\/pl\/wp-json\/wp\/v2\/product\/32622","targetHints":{"allow":["GET"]}}],"collection":[{"href":"https:\/\/as-schwabe.de\/pl\/wp-json\/wp\/v2\/product"}],"about":[{"href":"https:\/\/as-schwabe.de\/pl\/wp-json\/wp\/v2\/types\/product"}],"version-history":[{"count":0,"href":"https:\/\/as-schwabe.de\/pl\/wp-json\/wp\/v2\/product\/32622\/revisions"}],"wp:featuredmedia":[{"embeddable":true,"href":"https:\/\/as-schwabe.de\/pl\/wp-json\/wp\/v2\/media\/31557"}],"wp:attachment":[{"href":"https:\/\/as-schwabe.de\/pl\/wp-json\/wp\/v2\/media?parent=32622"}],"wp:term":[{"taxonomy":"product_brand","embeddable":true,"href":"https:\/\/as-schwabe.de\/pl\/wp-json\/wp\/v2\/genre?post=32622"},{"taxonomy":"product_cat","embeddable":true,"href":"https:\/\/as-schwabe.de\/pl\/wp-json\/wp\/v2\/product_cat?post=32622"},{"taxonomy":"product_tag","embeddable":true,"href":"https:\/\/as-schwabe.de\/pl\/wp-json\/wp\/v2\/product_tag?post=32622"}],"curies":[{"name":"wp","href":"https:\/\/api.w.org\/{rel}","templated":true}]}}