{"id":32621,"date":"2025-09-26T23:34:49","date_gmt":"2025-09-26T23:34:49","guid":{"rendered":"https:\/\/as-schwabe.de\/produkt\/rozdzielnica-budowlana-m63-h07rn-f-5g16-2-m-61562\/"},"modified":"2025-10-23T00:18:15","modified_gmt":"2025-10-23T00:18:15","slug":"rozdzielnica-budowlana-m63-h07rn-f-5g16-2-m-61562","status":"publish","type":"product","link":"https:\/\/as-schwabe.de\/pl\/produkt\/rozdzielnica-budowlana-m63-h07rn-f-5g16-2-m-61562\/","title":{"rendered":"Rozdzielnica budowlana M63 z utwardzonej gumy, 43 kW | 61562"},"content":{"rendered":"<p>Rozdzielnica budowlana M63 z utwardzonej gumy to niezawodne rozwi\u0105zanie do zasilania urz\u0105dze\u0144 elektrycznych na placu budowy oraz w trudnych warunkach zewn\u0119trznych. Wyposa\u017cona w wej\u015bcie z przewodem zasilaj\u0105cym CEE 400 V, 63 A, model ten oferuje szeroki zakres wyj\u015b\u0107 \u2013 w tym 3 gniazda 230 V, 16 A z klapk\u0105 i uziemieniem, a tak\u017ce 2 gniazda CEE 400 V, 16 A oraz 32 A. Wbudowane zabezpieczenia, w tym RCD 63 A, zapewniaj\u0105 bezpiecze\u0144stwo u\u017cytkowania, a klasyfikacja IP44 gwarantuje ochron\u0119 przed wilgoci\u0105 i py\u0142em. Idealna do intensywnego u\u017cytku w budownictwie, ta rozdzielnica \u0142\u0105czy w sobie funkcjonalno\u015b\u0107, trwa\u0142o\u015b\u0107 i bezpiecze\u0144stwo, co czyni j\u0105 niezb\u0119dnym elementem na ka\u017cdym placu budowy.<\/p>","protected":false},"excerpt":{"rendered":"<div class=\"icons\" style=\"display: flex; flex-wrap: wrap; gap: 5px; align-items: center; margin-top: 10px;\"><img decoding=\"async\" src=\"https:\/\/as-schwabe.de\/wp-content\/uploads\/ikony\/znak_SCH.png\" alt=\"\" width=\"45\" height=\"50\" \/><img decoding=\"async\" src=\"https:\/\/as-schwabe.de\/wp-content\/uploads\/ikony\/znak_CE.png\" alt=\"\" width=\"50\" height=\"50\" \/><img decoding=\"async\" src=\"https:\/\/as-schwabe.de\/wp-content\/uploads\/ikony\/znak_IP44.png\" alt=\"\" width=\"50\" height=\"50\" \/><img loading=\"lazy\" decoding=\"async\" src=\"https:\/\/as-schwabe.de\/wp-content\/uploads\/ikony\/znak_PB.png\" alt=\"\" width=\"50\" height=\"50\" \/><img loading=\"lazy\" decoding=\"async\" src=\"https:\/\/as-schwabe.de\/wp-content\/uploads\/ikony\/znak_Z.png\" alt=\"\" width=\"50\" height=\"50\" \/><img loading=\"lazy\" decoding=\"async\" src=\"https:\/\/as-schwabe.de\/wp-content\/uploads\/ikony\/znak_D.png\" alt=\"\" width=\"50\" height=\"50\" \/><img loading=\"lazy\" decoding=\"async\" src=\"https:\/\/as-schwabe.de\/wp-content\/uploads\/ikony\/znak_K2.png\" alt=\"\" width=\"50\" height=\"50\" \/><img loading=\"lazy\" decoding=\"async\" src=\"https:\/\/as-schwabe.de\/wp-content\/uploads\/ikony\/znak_DG.png\" alt=\"\" width=\"50\" height=\"50\" \/><img loading=\"lazy\" decoding=\"async\" src=\"https:\/\/as-schwabe.de\/wp-content\/uploads\/ikony\/znak_DE.png\" alt=\"\" width=\"50\" height=\"40\" \/><\/div>\n<ul>\n<li>Budowlane rozdzielnice przeno\u015bne CEE Seria M <\/li>\n<li>obudowa wykonana z niezwykle wytrzyma\u0142ej pe\u0142nej gumy, kt\u00f3r\u0105 mo\u017cna uk\u0142ada\u0107 jedn\u0105 na drugiej, dzi\u0119ki czemu zajmuje bardzo ma\u0142o miejsca podczas przechowywania <\/li>\n<li>zamkni\u0119ta podstawa obudowy z prze\u015bwitem 77 mm zapobiega przedostawaniu si\u0119 wody <\/li>\n<li>\u0142atwa wymiana gniazd dodatkowych <\/li>\n<li>pokrywa obudowy z zamykaczami ze stali nierdzewnej <\/li>\n<li>IP44: chroniony przed cia\u0142ami obcymi i bryzgami wody<\/li>\n<\/ul>","protected":false},"featured_media":31556,"template":"","meta":{"inline_featured_image":false},"genre":[509],"product_cat":[518,582],"product_tag":[],"class_list":{"0":"post-32621","1":"product","2":"type-product","3":"status-publish","4":"has-post-thumbnail","6":"product_brand-as-schwabe-pl","7":"product_cat-asortyment-produktow-cee-400-v-pl","8":"product_cat-budowlane-rozdzielnice-pradu-cee-seria-m-pl","10":"first","11":"instock","12":"shipping-taxable","13":"product-type-simple"},"aioseo_notices":[],"_links":{"self":[{"href":"https:\/\/as-schwabe.de\/pl\/wp-json\/wp\/v2\/product\/32621","targetHints":{"allow":["GET"]}}],"collection":[{"href":"https:\/\/as-schwabe.de\/pl\/wp-json\/wp\/v2\/product"}],"about":[{"href":"https:\/\/as-schwabe.de\/pl\/wp-json\/wp\/v2\/types\/product"}],"version-history":[{"count":0,"href":"https:\/\/as-schwabe.de\/pl\/wp-json\/wp\/v2\/product\/32621\/revisions"}],"wp:featuredmedia":[{"embeddable":true,"href":"https:\/\/as-schwabe.de\/pl\/wp-json\/wp\/v2\/media\/31556"}],"wp:attachment":[{"href":"https:\/\/as-schwabe.de\/pl\/wp-json\/wp\/v2\/media?parent=32621"}],"wp:term":[{"taxonomy":"product_brand","embeddable":true,"href":"https:\/\/as-schwabe.de\/pl\/wp-json\/wp\/v2\/genre?post=32621"},{"taxonomy":"product_cat","embeddable":true,"href":"https:\/\/as-schwabe.de\/pl\/wp-json\/wp\/v2\/product_cat?post=32621"},{"taxonomy":"product_tag","embeddable":true,"href":"https:\/\/as-schwabe.de\/pl\/wp-json\/wp\/v2\/product_tag?post=32621"}],"curies":[{"name":"wp","href":"https:\/\/api.w.org\/{rel}","templated":true}]}}