{"id":32620,"date":"2025-09-26T23:34:48","date_gmt":"2025-09-26T23:34:48","guid":{"rendered":"https:\/\/as-schwabe.de\/produkt\/rozdzielnica-stacjonarna-z-przylaczem-kablowym-fixo-15d-61526\/"},"modified":"2025-10-23T00:18:15","modified_gmt":"2025-10-23T00:18:15","slug":"rozdzielnica-stacjonarna-z-przylaczem-kablowym-fixo-15d-61526","status":"publish","type":"product","link":"https:\/\/as-schwabe.de\/pl\/produkt\/rozdzielnica-stacjonarna-z-przylaczem-kablowym-fixo-15d-61526\/","title":{"rendered":"Rozdzielnica stacjonarna z przy\u0142\u0105czem kablowym FIXO 15D | 61526"},"content":{"rendered":"<p>Rozdzielnica stacjonarna z przy\u0142\u0105czem kablowym FIXO 15D to niezawodne rozwi\u0105zanie dla profesjonalist\u00f3w, kt\u00f3rzy potrzebuj\u0105 efektywnego zasilania w trudnych warunkach. Wyposa\u017cona w terminal do przewodu YDY-\u017co maks. 5G16, oferuje cztery gniazda 230 V (16 A, 2P+Z) z klapk\u0105 i uziemieniem, a tak\u017ce dwa gniazda CEE 400 V (16 A oraz 32 A). Rozdzielnica zapewnia r\u00f3wnie\u017c dwa porty USB 5 V, 2,1 A do \u0142adowania urz\u0105dze\u0144 mobilnych. Zabezpieczenia obejmuj\u0105 RCD 63 A oraz kilka wy\u0142\u0105cznik\u00f3w C, co gwarantuje bezpiecze\u0144stwo u\u017cytkowania. Klasa ochrony IP44 sprawia, \u017ce produkt jest idealny do zastosowania na zewn\u0105trz oraz na budowach, a jego wydajno\u015b\u0107 do 32 kW sprawia, \u017ce sprosta wymaganiom nawet najbardziej wymagaj\u0105cych projekt\u00f3w.<\/p>","protected":false},"excerpt":{"rendered":"<div class=\"icons\" style=\"display: flex; flex-wrap: wrap; gap: 5px; align-items: center; margin-top: 10px;\"><img decoding=\"async\" src=\"https:\/\/as-schwabe.de\/wp-content\/uploads\/ikony\/znak_SCH.png\" alt=\"\" width=\"45\" height=\"50\" \/><img decoding=\"async\" src=\"https:\/\/as-schwabe.de\/wp-content\/uploads\/ikony\/znak_CE.png\" alt=\"\" width=\"50\" height=\"50\" \/><img decoding=\"async\" src=\"https:\/\/as-schwabe.de\/wp-content\/uploads\/ikony\/znak_IP44.png\" alt=\"\" width=\"50\" height=\"50\" \/><img loading=\"lazy\" decoding=\"async\" src=\"https:\/\/as-schwabe.de\/wp-content\/uploads\/ikony\/znak_Z.png\" alt=\"\" width=\"50\" height=\"50\" \/><img loading=\"lazy\" decoding=\"async\" src=\"https:\/\/as-schwabe.de\/wp-content\/uploads\/ikony\/znak_D.png\" alt=\"\" width=\"50\" height=\"50\" \/><\/div>\n<ul>\n<li>Rozdzielnice pr\u0105du FIXO stacjonarne <\/li>\n<li>solidna obudowa wykonana ze specjalnego tworzywa sztucznego o du\u017cej odporno\u015bci na p\u0119kanie, \u0142\u0105cznie z uchwytem do przenoszenia <\/li>\n<li>kompaktowa konstrukcja, idealna do monta\u017cu na \u015bcianie <\/li>\n<li>wymiary obudowy FIXO: 280x280x118 mm, wymiary obudowy FIXO MAX: 370x375x118 mm <\/li>\n<li>IP44: chroniony przed cia\u0142ami obcymi i bryzgami wody <\/li>\n<li>wszystkie modele s\u0105 okablowane i gotowe do pod\u0142\u0105czenia <\/li>\n<li>zawiasy na pokrywie umo\u017cliwiaj\u0105 otwieranie po pod\u0142\u0105czeniu, a sama pokrywa nie zwisa na przewodach po otwarciu.<\/li>\n<\/ul>","protected":false},"featured_media":31553,"template":"","meta":{"inline_featured_image":false},"genre":[509],"product_cat":[518,592],"product_tag":[],"class_list":{"0":"post-32620","1":"product","2":"type-product","3":"status-publish","4":"has-post-thumbnail","6":"product_brand-as-schwabe-pl","7":"product_cat-asortyment-produktow-cee-400-v-pl","8":"product_cat-rozdzielnice-stacjonarne-fixo-pl","10":"first","11":"instock","12":"shipping-taxable","13":"product-type-simple"},"aioseo_notices":[],"_links":{"self":[{"href":"https:\/\/as-schwabe.de\/pl\/wp-json\/wp\/v2\/product\/32620","targetHints":{"allow":["GET"]}}],"collection":[{"href":"https:\/\/as-schwabe.de\/pl\/wp-json\/wp\/v2\/product"}],"about":[{"href":"https:\/\/as-schwabe.de\/pl\/wp-json\/wp\/v2\/types\/product"}],"version-history":[{"count":0,"href":"https:\/\/as-schwabe.de\/pl\/wp-json\/wp\/v2\/product\/32620\/revisions"}],"wp:featuredmedia":[{"embeddable":true,"href":"https:\/\/as-schwabe.de\/pl\/wp-json\/wp\/v2\/media\/31553"}],"wp:attachment":[{"href":"https:\/\/as-schwabe.de\/pl\/wp-json\/wp\/v2\/media?parent=32620"}],"wp:term":[{"taxonomy":"product_brand","embeddable":true,"href":"https:\/\/as-schwabe.de\/pl\/wp-json\/wp\/v2\/genre?post=32620"},{"taxonomy":"product_cat","embeddable":true,"href":"https:\/\/as-schwabe.de\/pl\/wp-json\/wp\/v2\/product_cat?post=32620"},{"taxonomy":"product_tag","embeddable":true,"href":"https:\/\/as-schwabe.de\/pl\/wp-json\/wp\/v2\/product_tag?post=32620"}],"curies":[{"name":"wp","href":"https:\/\/api.w.org\/{rel}","templated":true}]}}