{"id":32619,"date":"2025-09-26T23:34:48","date_gmt":"2025-09-26T23:34:48","guid":{"rendered":"https:\/\/as-schwabe.de\/produkt\/rozdzielnica-stacjonarna-z-przylaczem-kablowym-fixo-14d-61525\/"},"modified":"2025-10-23T00:18:14","modified_gmt":"2025-10-23T00:18:14","slug":"rozdzielnica-stacjonarna-z-przylaczem-kablowym-fixo-14d-61525","status":"publish","type":"product","link":"https:\/\/as-schwabe.de\/pl\/produkt\/rozdzielnica-stacjonarna-z-przylaczem-kablowym-fixo-14d-61525\/","title":{"rendered":"Rozdzielnica stacjonarna z przy\u0142\u0105czem kablowym FIXO 14D | 61525"},"content":{"rendered":"<p>Rozdzielnica stacjonarna FIXO 14D to niezawodne rozwi\u0105zanie dla profesjonalist\u00f3w, idealne do zastosowania na budowach oraz w przestrzeniach zewn\u0119trznych. Posiada wej\u015bcie terminalowe do przewodu YDY-\u017co (maks. 5G10) oraz r\u00f3\u017cnorodne wyj\u015bcia: 4 gniazda z klapk\u0105 i uziemieniem 230 V, 16 A, 3 gniazda CEE 400 V, 16 A, 1 gniazdo CEE 400 V, 32 A, a tak\u017ce 2 gniazda USB 5 V, 2,1 A. Wbudowane zabezpieczenia obejmuj\u0105 RCD 40 A, 4P, 30 mA, typ A oraz wy\u0142\u0105czniki C 16 A i C 32 A, co zapewnia wysoki poziom ochrony u\u017cytkownik\u00f3w. Dzi\u0119ki klasie szczelno\u015bci IP44 rozdzielnica jest odporna na warunki atmosferyczne, gwarantuj\u0105c niezawodno\u015b\u0107 i bezpiecze\u0144stwo w ka\u017cdych warunkach. Maksymalne parametry pracy wynosz\u0105 400 V, 32 A oraz 22 kW, co sprawia, \u017ce produkt sprawdzi si\u0119 w najbardziej wymagaj\u0105cych aplikacjach elektrycznych.<\/p>","protected":false},"excerpt":{"rendered":"<div class=\"icons\" style=\"display: flex; flex-wrap: wrap; gap: 5px; align-items: center; margin-top: 10px;\"><img decoding=\"async\" src=\"https:\/\/as-schwabe.de\/wp-content\/uploads\/ikony\/znak_SCH.png\" alt=\"\" width=\"45\" height=\"50\" \/><img decoding=\"async\" src=\"https:\/\/as-schwabe.de\/wp-content\/uploads\/ikony\/znak_CE.png\" alt=\"\" width=\"50\" height=\"50\" \/><img decoding=\"async\" src=\"https:\/\/as-schwabe.de\/wp-content\/uploads\/ikony\/znak_IP44.png\" alt=\"\" width=\"50\" height=\"50\" \/><img loading=\"lazy\" decoding=\"async\" src=\"https:\/\/as-schwabe.de\/wp-content\/uploads\/ikony\/znak_Z.png\" alt=\"\" width=\"50\" height=\"50\" \/><img loading=\"lazy\" decoding=\"async\" src=\"https:\/\/as-schwabe.de\/wp-content\/uploads\/ikony\/znak_D.png\" alt=\"\" width=\"50\" height=\"50\" \/><\/div>\n<ul>\n<li>Rozdzielnice pr\u0105du FIXO stacjonarne <\/li>\n<li>solidna obudowa wykonana ze specjalnego tworzywa sztucznego o du\u017cej odporno\u015bci na p\u0119kanie, \u0142\u0105cznie z uchwytem do przenoszenia <\/li>\n<li>kompaktowa konstrukcja, idealna do monta\u017cu na \u015bcianie <\/li>\n<li>wymiary obudowy FIXO: 280x280x118 mm, wymiary obudowy FIXO MAX: 370x375x118 mm <\/li>\n<li>IP44: chroniony przed cia\u0142ami obcymi i bryzgami wody <\/li>\n<li>wszystkie modele s\u0105 okablowane i gotowe do pod\u0142\u0105czenia <\/li>\n<li>zawiasy na pokrywie umo\u017cliwiaj\u0105 otwieranie po pod\u0142\u0105czeniu, a sama pokrywa nie zwisa na przewodach po otwarciu.<\/li>\n<\/ul>","protected":false},"featured_media":31552,"template":"","meta":{"inline_featured_image":false},"genre":[509],"product_cat":[518,592],"product_tag":[],"class_list":{"0":"post-32619","1":"product","2":"type-product","3":"status-publish","4":"has-post-thumbnail","6":"product_brand-as-schwabe-pl","7":"product_cat-asortyment-produktow-cee-400-v-pl","8":"product_cat-rozdzielnice-stacjonarne-fixo-pl","10":"first","11":"instock","12":"shipping-taxable","13":"product-type-simple"},"aioseo_notices":[],"_links":{"self":[{"href":"https:\/\/as-schwabe.de\/pl\/wp-json\/wp\/v2\/product\/32619","targetHints":{"allow":["GET"]}}],"collection":[{"href":"https:\/\/as-schwabe.de\/pl\/wp-json\/wp\/v2\/product"}],"about":[{"href":"https:\/\/as-schwabe.de\/pl\/wp-json\/wp\/v2\/types\/product"}],"version-history":[{"count":0,"href":"https:\/\/as-schwabe.de\/pl\/wp-json\/wp\/v2\/product\/32619\/revisions"}],"wp:featuredmedia":[{"embeddable":true,"href":"https:\/\/as-schwabe.de\/pl\/wp-json\/wp\/v2\/media\/31552"}],"wp:attachment":[{"href":"https:\/\/as-schwabe.de\/pl\/wp-json\/wp\/v2\/media?parent=32619"}],"wp:term":[{"taxonomy":"product_brand","embeddable":true,"href":"https:\/\/as-schwabe.de\/pl\/wp-json\/wp\/v2\/genre?post=32619"},{"taxonomy":"product_cat","embeddable":true,"href":"https:\/\/as-schwabe.de\/pl\/wp-json\/wp\/v2\/product_cat?post=32619"},{"taxonomy":"product_tag","embeddable":true,"href":"https:\/\/as-schwabe.de\/pl\/wp-json\/wp\/v2\/product_tag?post=32619"}],"curies":[{"name":"wp","href":"https:\/\/api.w.org\/{rel}","templated":true}]}}