{"id":32618,"date":"2025-09-26T23:34:47","date_gmt":"2025-09-26T23:34:47","guid":{"rendered":"https:\/\/as-schwabe.de\/produkt\/rozdzielnica-stacjonarna-z-wtyczka-fixo-6-max-61524\/"},"modified":"2025-10-23T00:18:14","modified_gmt":"2025-10-23T00:18:14","slug":"rozdzielnica-stacjonarna-z-wtyczka-fixo-6-max-61524","status":"publish","type":"product","link":"https:\/\/as-schwabe.de\/pl\/produkt\/rozdzielnica-stacjonarna-z-wtyczka-fixo-6-max-61524\/","title":{"rendered":"Rozdzielnica stacjonarna z wtyczk\u0105 FIXO 6 MAX | 61524"},"content":{"rendered":"<p>Rozdzielnica stacjonarna z wtyczk\u0105 FIXO 6 MAX to zaawansowane rozwi\u0105zanie dedykowane do zastosowa\u0144 na zewn\u0105trz oraz na budowie, zapewniaj\u0105ce niezawodne zasilanie r\u00f3\u017cnych urz\u0105dze\u0144 elektrycznych. Wyposa\u017cona w wej\u015bcie tablicowe CEE 400 V, 32 A, 5P oraz bogaty zestaw wyj\u015b\u0107, w tym cztery gniazda 230 V z klapk\u0105 i uziemieniem, dwa gniazda CEE 400 V, 16 A oraz jedno gniazdo CEE 400 V, 32 A, gwarantuje elastyczno\u015b\u0107 i komfort u\u017cytkowania. Dodatkowo, dwa porty USB 5 V, 2,1 A umo\u017cliwiaj\u0105 \u0142adowanie urz\u0105dze\u0144 mobilnych. Rozdzielnica jest wyposa\u017cona w skuteczne zabezpieczenia, w tym RCD 40 A, 4P, 30 mA, co zapewnia bezpiecze\u0144stwo u\u017cytkowania. Dzi\u0119ki klasie ochrony IP44, produkt skutecznie chroni przed wilgoci\u0105 i zanieczyszczeniami, co czyni go idealnym rozwi\u0105zaniem w trudnych warunkach budowlanych. Maksymalna moc wynosz\u0105ca 22 kW sprawia, \u017ce jest to doskona\u0142e narz\u0119dzie dla profesjonalist\u00f3w w bran\u017cy elektrotechnicznej.<\/p>","protected":false},"excerpt":{"rendered":"<div class=\"icons\" style=\"display: flex; flex-wrap: wrap; gap: 5px; align-items: center; margin-top: 10px;\"><img decoding=\"async\" src=\"https:\/\/as-schwabe.de\/wp-content\/uploads\/ikony\/znak_SCH.png\" alt=\"\" width=\"45\" height=\"50\" \/><img decoding=\"async\" src=\"https:\/\/as-schwabe.de\/wp-content\/uploads\/ikony\/znak_CE.png\" alt=\"\" width=\"50\" height=\"50\" \/><img decoding=\"async\" src=\"https:\/\/as-schwabe.de\/wp-content\/uploads\/ikony\/znak_IP44.png\" alt=\"\" width=\"50\" height=\"50\" \/><img loading=\"lazy\" decoding=\"async\" src=\"https:\/\/as-schwabe.de\/wp-content\/uploads\/ikony\/znak_Z.png\" alt=\"\" width=\"50\" height=\"50\" \/><img loading=\"lazy\" decoding=\"async\" src=\"https:\/\/as-schwabe.de\/wp-content\/uploads\/ikony\/znak_D.png\" alt=\"\" width=\"50\" height=\"50\" \/><\/div>\n<ul>\n<li>Rozdzielnice pr\u0105du FIXO do monta\u017cu na\u015bciennego <\/li>\n<li>solidna obudowa wykonana ze specjalnego tworzywa sztucznego o du\u017cej odporno\u015bci na p\u0119kanie, \u0142\u0105cznie z uchwytem do przenoszenia <\/li>\n<li>kompaktowa konstrukcja, idealna do monta\u017cu na \u015bcianie <\/li>\n<li>wymiary obudowy FIXO: 280x280x118 mm, wymiary obudowy FIXO MAX: 370x375x118 mm <\/li>\n<li>IP44: chroniony przed cia\u0142ami obcymi i bryzgami wody <\/li>\n<li>wszystkie modele s\u0105 okablowane i gotowe do pod\u0142\u0105czenia <\/li>\n<li>zawiasy na pokrywie umo\u017cliwiaj\u0105 otwieranie po pod\u0142\u0105czeniu, a sama pokrywa nie zwisa na przewodach po otwarciu.<\/li>\n<\/ul>","protected":false},"featured_media":31551,"template":"","meta":{"inline_featured_image":false},"genre":[509],"product_cat":[518,592],"product_tag":[],"class_list":{"0":"post-32618","1":"product","2":"type-product","3":"status-publish","4":"has-post-thumbnail","6":"product_brand-as-schwabe-pl","7":"product_cat-asortyment-produktow-cee-400-v-pl","8":"product_cat-rozdzielnice-stacjonarne-fixo-pl","10":"first","11":"instock","12":"shipping-taxable","13":"product-type-simple"},"aioseo_notices":[],"_links":{"self":[{"href":"https:\/\/as-schwabe.de\/pl\/wp-json\/wp\/v2\/product\/32618","targetHints":{"allow":["GET"]}}],"collection":[{"href":"https:\/\/as-schwabe.de\/pl\/wp-json\/wp\/v2\/product"}],"about":[{"href":"https:\/\/as-schwabe.de\/pl\/wp-json\/wp\/v2\/types\/product"}],"version-history":[{"count":0,"href":"https:\/\/as-schwabe.de\/pl\/wp-json\/wp\/v2\/product\/32618\/revisions"}],"wp:featuredmedia":[{"embeddable":true,"href":"https:\/\/as-schwabe.de\/pl\/wp-json\/wp\/v2\/media\/31551"}],"wp:attachment":[{"href":"https:\/\/as-schwabe.de\/pl\/wp-json\/wp\/v2\/media?parent=32618"}],"wp:term":[{"taxonomy":"product_brand","embeddable":true,"href":"https:\/\/as-schwabe.de\/pl\/wp-json\/wp\/v2\/genre?post=32618"},{"taxonomy":"product_cat","embeddable":true,"href":"https:\/\/as-schwabe.de\/pl\/wp-json\/wp\/v2\/product_cat?post=32618"},{"taxonomy":"product_tag","embeddable":true,"href":"https:\/\/as-schwabe.de\/pl\/wp-json\/wp\/v2\/product_tag?post=32618"}],"curies":[{"name":"wp","href":"https:\/\/api.w.org\/{rel}","templated":true}]}}