{"id":32616,"date":"2025-09-26T23:34:46","date_gmt":"2025-09-26T23:34:46","guid":{"rendered":"https:\/\/as-schwabe.de\/produkt\/rozdzielnica-stacjonarna-z-wtyczka-fixo-1-61522\/"},"modified":"2025-10-23T00:18:13","modified_gmt":"2025-10-23T00:18:13","slug":"rozdzielnica-stacjonarna-z-wtyczka-fixo-1-61522","status":"publish","type":"product","link":"https:\/\/as-schwabe.de\/pl\/produkt\/rozdzielnica-stacjonarna-z-wtyczka-fixo-1-61522\/","title":{"rendered":"Rozdzielnica stacjonarna z wtyczk\u0105 FIXO 1 | 61522"},"content":{"rendered":"<p>Rozdzielnica stacjonarna z wtyczk\u0105 FIXO 1 to niezawodne rozwi\u0105zanie dla potrzeb zasilania na budowach oraz w zastosowaniach zewn\u0119trznych. Wyposa\u017cona w wej\u015bcie w postaci wtyczki tablicowej CEE 400 V, 16 A, 5P, oraz 4 gniazda 230 V z klapk\u0105 i uziemieniem, zapewnia elastyczno\u015b\u0107 i wygod\u0119 w pod\u0142\u0105czeniu r\u00f3\u017cnych urz\u0105dze\u0144 elektrycznych. Dodatkowo, 2 gniazda CEE 400 V, 16 A, 5P umo\u017cliwiaj\u0105 zasilanie sprz\u0119tu o wi\u0119kszej mocy. Bezpiecze\u0144stwo u\u017cytkowania gwarantuje zabezpieczenie w postaci RCD 40 A oraz dw\u00f3ch bezpiecznik\u00f3w B 16 A. Oferuj\u0105c maksymalne obci\u0105\u017cenie do 400 V i 16 A, jednostka ta charakteryzuje si\u0119 klas\u0105 odporno\u015bci IP44, co czyni j\u0105 idealnym wyborem do zastosowa\u0144 na zewn\u0105trz oraz w trudnych warunkach budowlanych.<\/p>","protected":false},"excerpt":{"rendered":"<div class=\"icons\" style=\"display: flex; flex-wrap: wrap; gap: 5px; align-items: center; margin-top: 10px;\"><img decoding=\"async\" src=\"https:\/\/as-schwabe.de\/wp-content\/uploads\/ikony\/znak_SCH.png\" alt=\"\" width=\"45\" height=\"50\" \/><img decoding=\"async\" src=\"https:\/\/as-schwabe.de\/wp-content\/uploads\/ikony\/znak_CE.png\" alt=\"\" width=\"50\" height=\"50\" \/><img decoding=\"async\" src=\"https:\/\/as-schwabe.de\/wp-content\/uploads\/ikony\/znak_IP44.png\" alt=\"\" width=\"50\" height=\"50\" \/><img loading=\"lazy\" decoding=\"async\" src=\"https:\/\/as-schwabe.de\/wp-content\/uploads\/ikony\/znak_Z.png\" alt=\"\" width=\"50\" height=\"50\" \/><img loading=\"lazy\" decoding=\"async\" src=\"https:\/\/as-schwabe.de\/wp-content\/uploads\/ikony\/znak_D.png\" alt=\"\" width=\"50\" height=\"50\" \/><\/div>\n<ul>\n<li>Rozdzielnice pr\u0105du FIXO do monta\u017cu na\u015bciennego <\/li>\n<li>solidna obudowa wykonana ze specjalnego tworzywa sztucznego o du\u017cej odporno\u015bci na p\u0119kanie, \u0142\u0105cznie z uchwytem do przenoszenia <\/li>\n<li>kompaktowa konstrukcja, idealna do monta\u017cu na \u015bcianie <\/li>\n<li>wymiary obudowy FIXO: 280x280x118 mm, wymiary obudowy FIXO MAX: 370x375x118 mm <\/li>\n<li>IP44: chroniony przed cia\u0142ami obcymi i bryzgami wody <\/li>\n<li>wszystkie modele s\u0105 okablowane i gotowe do pod\u0142\u0105czenia <\/li>\n<li>zawiasy na pokrywie umo\u017cliwiaj\u0105 otwieranie po pod\u0142\u0105czeniu, a sama pokrywa nie zwisa na przewodach po otwarciu.<\/li>\n<\/ul>","protected":false},"featured_media":31540,"template":"","meta":{"inline_featured_image":false},"genre":[509],"product_cat":[518,592],"product_tag":[],"class_list":{"0":"post-32616","1":"product","2":"type-product","3":"status-publish","4":"has-post-thumbnail","6":"product_brand-as-schwabe-pl","7":"product_cat-asortyment-produktow-cee-400-v-pl","8":"product_cat-rozdzielnice-stacjonarne-fixo-pl","10":"first","11":"instock","12":"shipping-taxable","13":"product-type-simple"},"aioseo_notices":[],"_links":{"self":[{"href":"https:\/\/as-schwabe.de\/pl\/wp-json\/wp\/v2\/product\/32616","targetHints":{"allow":["GET"]}}],"collection":[{"href":"https:\/\/as-schwabe.de\/pl\/wp-json\/wp\/v2\/product"}],"about":[{"href":"https:\/\/as-schwabe.de\/pl\/wp-json\/wp\/v2\/types\/product"}],"version-history":[{"count":0,"href":"https:\/\/as-schwabe.de\/pl\/wp-json\/wp\/v2\/product\/32616\/revisions"}],"wp:featuredmedia":[{"embeddable":true,"href":"https:\/\/as-schwabe.de\/pl\/wp-json\/wp\/v2\/media\/31540"}],"wp:attachment":[{"href":"https:\/\/as-schwabe.de\/pl\/wp-json\/wp\/v2\/media?parent=32616"}],"wp:term":[{"taxonomy":"product_brand","embeddable":true,"href":"https:\/\/as-schwabe.de\/pl\/wp-json\/wp\/v2\/genre?post=32616"},{"taxonomy":"product_cat","embeddable":true,"href":"https:\/\/as-schwabe.de\/pl\/wp-json\/wp\/v2\/product_cat?post=32616"},{"taxonomy":"product_tag","embeddable":true,"href":"https:\/\/as-schwabe.de\/pl\/wp-json\/wp\/v2\/product_tag?post=32616"}],"curies":[{"name":"wp","href":"https:\/\/api.w.org\/{rel}","templated":true}]}}