{"id":32615,"date":"2025-09-26T23:34:44","date_gmt":"2025-09-26T23:34:44","guid":{"rendered":"https:\/\/as-schwabe.de\/produkt\/rozdzielnica-kompaktowa-mixo-enz-61520\/"},"modified":"2025-10-23T00:18:13","modified_gmt":"2025-10-23T00:18:13","slug":"rozdzielnica-kompaktowa-mixo-enz-61520","status":"publish","type":"product","link":"https:\/\/as-schwabe.de\/pl\/produkt\/rozdzielnica-kompaktowa-mixo-enz-61520\/","title":{"rendered":"Rozdzielnica kompaktowa MIXO &#8211; &#8222;ENZ&#8220; | 61520"},"content":{"rendered":"<p>Rozdzielnica kompaktowa MIXO &#8211; &#8222;ENZ&#8220; to niezawodne rozwi\u0105zanie dla profesjonalnych zastosowa\u0144 w trudnych warunkach, zaprojektowane z my\u015bl\u0105 o u\u017cytkownikach na budowach oraz w przestrzeni zewn\u0119trznej. Wyposa\u017cona w przew\u00f3d zasilaj\u0105cy z wtyczk\u0105 CEE 400 V (16 A, 5P) oraz osiem wyj\u015b\u0107: trzy gniazda 230 V (16 A, 2P+Z) z indywidualnymi fazami oraz jedno gniazdo CEE 400 V (16 A, 5P), zapewnia wszechstronno\u015b\u0107 i mo\u017cliwo\u015b\u0107 jednoczesnego zasilania r\u00f3\u017cnych urz\u0105dze\u0144. Dodatkowo, klapki ochronne gniazd oraz klasyfikacja IP44 gwarantuj\u0105 wysok\u0105 odporno\u015b\u0107 na wilgo\u0107 i py\u0142, co podnosi bezpiecze\u0144stwo u\u017cytkowania na zewn\u0105trz. Przy maksymalnej mocy 11 kW, rozdzielnica sprawdzi si\u0119 w intensywnych zastosowaniach, oferuj\u0105c stabilne i efektywne zasilanie wszelkich narz\u0119dzi elektrycznych.<\/p>","protected":false},"excerpt":{"rendered":"<div class=\"icons\" style=\"display: flex; flex-wrap: wrap; gap: 5px; align-items: center; margin-top: 10px;\"><img decoding=\"async\" src=\"https:\/\/as-schwabe.de\/wp-content\/uploads\/ikony\/znak_SCH.png\" alt=\"\" width=\"45\" height=\"50\" \/><img decoding=\"async\" src=\"https:\/\/as-schwabe.de\/wp-content\/uploads\/ikony\/znak_CE.png\" alt=\"\" width=\"50\" height=\"50\" \/><img decoding=\"async\" src=\"https:\/\/as-schwabe.de\/wp-content\/uploads\/ikony\/znak_IP44.png\" alt=\"\" width=\"50\" height=\"50\" \/><img loading=\"lazy\" decoding=\"async\" src=\"https:\/\/as-schwabe.de\/wp-content\/uploads\/ikony\/znak_PB.png\" alt=\"\" width=\"50\" height=\"50\" \/><img loading=\"lazy\" decoding=\"async\" src=\"https:\/\/as-schwabe.de\/wp-content\/uploads\/ikony\/znak_Z.png\" alt=\"\" width=\"50\" height=\"50\" \/><img loading=\"lazy\" decoding=\"async\" src=\"https:\/\/as-schwabe.de\/wp-content\/uploads\/ikony\/znak_D.png\" alt=\"\" width=\"50\" height=\"50\" \/><img loading=\"lazy\" decoding=\"async\" src=\"https:\/\/as-schwabe.de\/wp-content\/uploads\/ikony\/znak_DE.png\" alt=\"\" width=\"50\" height=\"40\" \/><\/div>\n<ul>\n<li>Rozdzielnice kompaktowe MIXO CEE 16 A <\/li>\n<li>solidna obudowa wykonana z wytrzyma\u0142ego, bardzo odpornego na uszkodzenia specjalnego tworzywa sztucznego i zajmuj\u0105ca niewiele miejsca konstrukcja <\/li>\n<li>r\u00f3\u017cnorodne konstrukcje do r\u00f3\u017cnych zastosowa\u0144 mobilnych na placu budowy <\/li>\n<li>IP44: chroniony przed cia\u0142ami obcymi i bryzgami wody<\/li>\n<\/ul>","protected":false},"featured_media":31539,"template":"","meta":{"inline_featured_image":false},"genre":[509],"product_cat":[518,579],"product_tag":[],"class_list":{"0":"post-32615","1":"product","2":"type-product","3":"status-publish","4":"has-post-thumbnail","6":"product_brand-as-schwabe-pl","7":"product_cat-asortyment-produktow-cee-400-v-pl","8":"product_cat-rozdzielnice-kompaktowe-mixo-cee-pl","10":"first","11":"instock","12":"shipping-taxable","13":"product-type-simple"},"aioseo_notices":[],"_links":{"self":[{"href":"https:\/\/as-schwabe.de\/pl\/wp-json\/wp\/v2\/product\/32615","targetHints":{"allow":["GET"]}}],"collection":[{"href":"https:\/\/as-schwabe.de\/pl\/wp-json\/wp\/v2\/product"}],"about":[{"href":"https:\/\/as-schwabe.de\/pl\/wp-json\/wp\/v2\/types\/product"}],"version-history":[{"count":0,"href":"https:\/\/as-schwabe.de\/pl\/wp-json\/wp\/v2\/product\/32615\/revisions"}],"wp:featuredmedia":[{"embeddable":true,"href":"https:\/\/as-schwabe.de\/pl\/wp-json\/wp\/v2\/media\/31539"}],"wp:attachment":[{"href":"https:\/\/as-schwabe.de\/pl\/wp-json\/wp\/v2\/media?parent=32615"}],"wp:term":[{"taxonomy":"product_brand","embeddable":true,"href":"https:\/\/as-schwabe.de\/pl\/wp-json\/wp\/v2\/genre?post=32615"},{"taxonomy":"product_cat","embeddable":true,"href":"https:\/\/as-schwabe.de\/pl\/wp-json\/wp\/v2\/product_cat?post=32615"},{"taxonomy":"product_tag","embeddable":true,"href":"https:\/\/as-schwabe.de\/pl\/wp-json\/wp\/v2\/product_tag?post=32615"}],"curies":[{"name":"wp","href":"https:\/\/api.w.org\/{rel}","templated":true}]}}