{"id":32614,"date":"2025-09-26T23:34:44","date_gmt":"2025-09-26T23:34:44","guid":{"rendered":"https:\/\/as-schwabe.de\/produkt\/rozdzielnica-stacjonarna-z-przylaczem-kablowym-fixo-12d-61519\/"},"modified":"2025-10-23T00:18:12","modified_gmt":"2025-10-23T00:18:12","slug":"rozdzielnica-stacjonarna-z-przylaczem-kablowym-fixo-12d-61519","status":"publish","type":"product","link":"https:\/\/as-schwabe.de\/pl\/produkt\/rozdzielnica-stacjonarna-z-przylaczem-kablowym-fixo-12d-61519\/","title":{"rendered":"Rozdzielnica stacjonarna z przy\u0142\u0105czem kablowym FIXO 12D | 61519"},"content":{"rendered":"<p>Rozdzielnica stacjonarna FIXO 12D to zaawansowane rozwi\u0105zanie elektryczne, przeznaczone do u\u017cytku na zewn\u0105trz oraz w trudnych warunkach budowlanych. Wyposa\u017cona w przy\u0142\u0105cze kablowe i terminal do przewodu YDY-\u017co maks. 5G10, zapewnia maksymalne bezpiecze\u0144stwo oraz wygod\u0119 u\u017cytkowania. Dzi\u0119ki czterem gniazdom z klapk\u0105 i uziemieniem 230 V (16 A) oraz trzem gniazdom CEE (w tym jedno 400 V, 16 A oraz dwa 400 V, 32 A), umo\u017cliwia zasilanie r\u00f3\u017cnorodnych urz\u0105dze\u0144 o du\u017cym poborze mocy. Zastosowanie zabezpiecze\u0144 w postaci RCD 40 A 4P oraz nadpr\u0105dowych C 16 A i C 32 A gwarantuje ochron\u0119 przed przeci\u0105\u017ceniem oraz pora\u017ceniem pr\u0105dem. Stopie\u0144 ochrony IP44 czyni j\u0105 odporn\u0105 na warunki atmosferyczne, co czyni j\u0105 idealnym wyborem dla profesjonalist\u00f3w pracuj\u0105cych w terenie.<\/p>","protected":false},"excerpt":{"rendered":"<div class=\"icons\" style=\"display: flex; flex-wrap: wrap; gap: 5px; align-items: center; margin-top: 10px;\"><img decoding=\"async\" src=\"https:\/\/as-schwabe.de\/wp-content\/uploads\/ikony\/znak_SCH.png\" alt=\"\" width=\"45\" height=\"50\" \/><img decoding=\"async\" src=\"https:\/\/as-schwabe.de\/wp-content\/uploads\/ikony\/znak_CE.png\" alt=\"\" width=\"50\" height=\"50\" \/><img decoding=\"async\" src=\"https:\/\/as-schwabe.de\/wp-content\/uploads\/ikony\/znak_IP44.png\" alt=\"\" width=\"50\" height=\"50\" \/><img loading=\"lazy\" decoding=\"async\" src=\"https:\/\/as-schwabe.de\/wp-content\/uploads\/ikony\/znak_Z.png\" alt=\"\" width=\"50\" height=\"50\" \/><img loading=\"lazy\" decoding=\"async\" src=\"https:\/\/as-schwabe.de\/wp-content\/uploads\/ikony\/znak_D.png\" alt=\"\" width=\"50\" height=\"50\" \/><\/div>\n<ul>\n<li>Rozdzielnice pr\u0105du FIXO stacjonarne <\/li>\n<li>solidna obudowa wykonana ze specjalnego tworzywa sztucznego o du\u017cej odporno\u015bci na p\u0119kanie, \u0142\u0105cznie z uchwytem do przenoszenia <\/li>\n<li>kompaktowa konstrukcja, idealna do monta\u017cu na \u015bcianie <\/li>\n<li>wymiary obudowy FIXO: 280x280x118 mm, wymiary obudowy FIXO MAX: 370x375x118 mm <\/li>\n<li>IP44: chroniony przed cia\u0142ami obcymi i bryzgami wody <\/li>\n<li>wszystkie modele s\u0105 okablowane i gotowe do pod\u0142\u0105czenia <\/li>\n<li>zawiasy na pokrywie umo\u017cliwiaj\u0105 otwieranie po pod\u0142\u0105czeniu, a sama pokrywa nie zwisa na przewodach po otwarciu.<\/li>\n<\/ul>","protected":false},"featured_media":31538,"template":"","meta":{"inline_featured_image":false},"genre":[509],"product_cat":[518,592],"product_tag":[],"class_list":{"0":"post-32614","1":"product","2":"type-product","3":"status-publish","4":"has-post-thumbnail","6":"product_brand-as-schwabe-pl","7":"product_cat-asortyment-produktow-cee-400-v-pl","8":"product_cat-rozdzielnice-stacjonarne-fixo-pl","10":"first","11":"instock","12":"shipping-taxable","13":"product-type-simple"},"aioseo_notices":[],"_links":{"self":[{"href":"https:\/\/as-schwabe.de\/pl\/wp-json\/wp\/v2\/product\/32614","targetHints":{"allow":["GET"]}}],"collection":[{"href":"https:\/\/as-schwabe.de\/pl\/wp-json\/wp\/v2\/product"}],"about":[{"href":"https:\/\/as-schwabe.de\/pl\/wp-json\/wp\/v2\/types\/product"}],"version-history":[{"count":0,"href":"https:\/\/as-schwabe.de\/pl\/wp-json\/wp\/v2\/product\/32614\/revisions"}],"wp:featuredmedia":[{"embeddable":true,"href":"https:\/\/as-schwabe.de\/pl\/wp-json\/wp\/v2\/media\/31538"}],"wp:attachment":[{"href":"https:\/\/as-schwabe.de\/pl\/wp-json\/wp\/v2\/media?parent=32614"}],"wp:term":[{"taxonomy":"product_brand","embeddable":true,"href":"https:\/\/as-schwabe.de\/pl\/wp-json\/wp\/v2\/genre?post=32614"},{"taxonomy":"product_cat","embeddable":true,"href":"https:\/\/as-schwabe.de\/pl\/wp-json\/wp\/v2\/product_cat?post=32614"},{"taxonomy":"product_tag","embeddable":true,"href":"https:\/\/as-schwabe.de\/pl\/wp-json\/wp\/v2\/product_tag?post=32614"}],"curies":[{"name":"wp","href":"https:\/\/api.w.org\/{rel}","templated":true}]}}