{"id":32612,"date":"2025-09-26T23:34:43","date_gmt":"2025-09-26T23:34:43","guid":{"rendered":"https:\/\/as-schwabe.de\/produkt\/rozdzielnica-stacjonarna-z-wtyczka-fixo-3-61517\/"},"modified":"2025-10-23T00:18:11","modified_gmt":"2025-10-23T00:18:11","slug":"rozdzielnica-stacjonarna-z-wtyczka-fixo-3-61517","status":"publish","type":"product","link":"https:\/\/as-schwabe.de\/pl\/produkt\/rozdzielnica-stacjonarna-z-wtyczka-fixo-3-61517\/","title":{"rendered":"Rozdzielnica stacjonarna z wtyczk\u0105 FIXO 3 | 61517"},"content":{"rendered":"<p>Rozdzielnica stacjonarna z wtyczk\u0105 FIXO 3 to niezawodne rozwi\u0105zanie przeznaczone do zastosowa\u0144 na zewn\u0105trz oraz w trudnych warunkach budowlanych. Wyposa\u017cona w wtyczk\u0119 tablicow\u0105 CEE 400 V\/32 A, 5P, oferuje cztery gniazda 230 V z klapk\u0105, uziemieniem oraz dwa gniazda CEE 400 V, 16 A, 5P, co zapewnia elastyczno\u015b\u0107 w pod\u0142\u0105czaniu r\u00f3\u017cnorodnych urz\u0105dze\u0144. Zintegrowane zabezpieczenia obejmuj\u0105 RCD 40 A, 4P, 30 mA, typ A oraz bezpieczniki C 16 A, co zapewnia wysoki poziom ochrony przed przepi\u0119ciami i zwarciami. Produkt o maksymalnej mocy 22 kW i klasie szczelno\u015bci IP44 jest idealnym rozwi\u0105zaniem dla profesjonalist\u00f3w ceni\u0105cych sobie bezpiecze\u0144stwo oraz wydajno\u015b\u0107 w pracy.<\/p>","protected":false},"excerpt":{"rendered":"<div class=\"icons\" style=\"display: flex; flex-wrap: wrap; gap: 5px; align-items: center; margin-top: 10px;\"><img decoding=\"async\" src=\"https:\/\/as-schwabe.de\/wp-content\/uploads\/ikony\/znak_SCH.png\" alt=\"\" width=\"45\" height=\"50\" \/><img decoding=\"async\" src=\"https:\/\/as-schwabe.de\/wp-content\/uploads\/ikony\/znak_CE.png\" alt=\"\" width=\"50\" height=\"50\" \/><img decoding=\"async\" src=\"https:\/\/as-schwabe.de\/wp-content\/uploads\/ikony\/znak_IP44.png\" alt=\"\" width=\"50\" height=\"50\" \/><img loading=\"lazy\" decoding=\"async\" src=\"https:\/\/as-schwabe.de\/wp-content\/uploads\/ikony\/znak_Z.png\" alt=\"\" width=\"50\" height=\"50\" \/><img loading=\"lazy\" decoding=\"async\" src=\"https:\/\/as-schwabe.de\/wp-content\/uploads\/ikony\/znak_D.png\" alt=\"\" width=\"50\" height=\"50\" \/><\/div>\n<ul>\n<li>Rozdzielnice pr\u0105du FIXO do monta\u017cu na\u015bciennego <\/li>\n<li>solidna obudowa wykonana ze specjalnego tworzywa sztucznego o du\u017cej odporno\u015bci na p\u0119kanie, \u0142\u0105cznie z uchwytem do przenoszenia <\/li>\n<li>kompaktowa konstrukcja, idealna do monta\u017cu na \u015bcianie <\/li>\n<li>wymiary obudowy FIXO: 280x280x118 mm, wymiary obudowy FIXO MAX: 370x375x118 mm <\/li>\n<li>IP44: chroniony przed cia\u0142ami obcymi i bryzgami wody <\/li>\n<li>wszystkie modele s\u0105 okablowane i gotowe do pod\u0142\u0105czenia <\/li>\n<li>zawiasy na pokrywie umo\u017cliwiaj\u0105 otwieranie po pod\u0142\u0105czeniu, a sama pokrywa nie zwisa na przewodach po otwarciu.<\/li>\n<\/ul>","protected":false},"featured_media":31536,"template":"","meta":{"inline_featured_image":false},"genre":[509],"product_cat":[518,592],"product_tag":[],"class_list":{"0":"post-32612","1":"product","2":"type-product","3":"status-publish","4":"has-post-thumbnail","6":"product_brand-as-schwabe-pl","7":"product_cat-asortyment-produktow-cee-400-v-pl","8":"product_cat-rozdzielnice-stacjonarne-fixo-pl","10":"first","11":"instock","12":"shipping-taxable","13":"product-type-simple"},"aioseo_notices":[],"_links":{"self":[{"href":"https:\/\/as-schwabe.de\/pl\/wp-json\/wp\/v2\/product\/32612","targetHints":{"allow":["GET"]}}],"collection":[{"href":"https:\/\/as-schwabe.de\/pl\/wp-json\/wp\/v2\/product"}],"about":[{"href":"https:\/\/as-schwabe.de\/pl\/wp-json\/wp\/v2\/types\/product"}],"version-history":[{"count":0,"href":"https:\/\/as-schwabe.de\/pl\/wp-json\/wp\/v2\/product\/32612\/revisions"}],"wp:featuredmedia":[{"embeddable":true,"href":"https:\/\/as-schwabe.de\/pl\/wp-json\/wp\/v2\/media\/31536"}],"wp:attachment":[{"href":"https:\/\/as-schwabe.de\/pl\/wp-json\/wp\/v2\/media?parent=32612"}],"wp:term":[{"taxonomy":"product_brand","embeddable":true,"href":"https:\/\/as-schwabe.de\/pl\/wp-json\/wp\/v2\/genre?post=32612"},{"taxonomy":"product_cat","embeddable":true,"href":"https:\/\/as-schwabe.de\/pl\/wp-json\/wp\/v2\/product_cat?post=32612"},{"taxonomy":"product_tag","embeddable":true,"href":"https:\/\/as-schwabe.de\/pl\/wp-json\/wp\/v2\/product_tag?post=32612"}],"curies":[{"name":"wp","href":"https:\/\/api.w.org\/{rel}","templated":true}]}}