{"id":32609,"date":"2025-09-26T23:34:40","date_gmt":"2025-09-26T23:34:40","guid":{"rendered":"https:\/\/as-schwabe.de\/produkt\/rozdzielnica-stacjonarna-z-przylaczem-kablowym-fixo-11d-61513\/"},"modified":"2025-10-23T00:18:08","modified_gmt":"2025-10-23T00:18:08","slug":"rozdzielnica-stacjonarna-z-przylaczem-kablowym-fixo-11d-61513","status":"publish","type":"product","link":"https:\/\/as-schwabe.de\/pl\/produkt\/rozdzielnica-stacjonarna-z-przylaczem-kablowym-fixo-11d-61513\/","title":{"rendered":"Rozdzielnica stacjonarna z przy\u0142\u0105czem kablowym FIXO 11D | 61513"},"content":{"rendered":"<p>Rozdzielnica stacjonarna z przy\u0142\u0105czem kablowym FIXO 11D to wszechstronny produkt przeznaczony do zasilania sprz\u0119tu elektrycznego w warunkach zewn\u0119trznych oraz na budowie. Wyposa\u017cona w terminal do przewodu YDY-\u017co maks. 5G10, oferuje cztery gniazda z klapk\u0105 i uziemieniem 230 V, 16 A (2P+Z), a tak\u017ce dwa gniazda CEE 400 V, 16 A oraz jedno gniazdo CEE 400 V, 32 A. Rozdzielnica zapewnia wysoki poziom bezpiecze\u0144stwa dzi\u0119ki zastosowaniu zabezpiecze\u0144 w postaci RCD 40 A, 4P, 30 mA typu A, oraz bezpiecznik\u00f3w C 16 A (1P i 3P) i C 32 A (3P), co gwarantuje ochron\u0119 przed przeci\u0105\u017ceniem i pora\u017ceniem pr\u0105dem. Z maksymalnym obci\u0105\u017ceniem 400 V, 32 A, a tak\u017ce moc\u0105 do 22 kW, doskonale sprawdza si\u0119 w wymagaj\u0105cych aplikacjach. Dzi\u0119ki klasie szczelno\u015bci IP44, rozdzielnica jest odporna na dzia\u0142anie wilgoci i py\u0142\u00f3w, co czyni j\u0105 idealnym rozwi\u0105zaniem do zastosowa\u0144 w trudnych warunkach atmosferycznych.<\/p>","protected":false},"excerpt":{"rendered":"<div class=\"icons\" style=\"display: flex; flex-wrap: wrap; gap: 5px; align-items: center; margin-top: 10px;\"><img decoding=\"async\" src=\"https:\/\/as-schwabe.de\/wp-content\/uploads\/ikony\/znak_SCH.png\" alt=\"\" width=\"45\" height=\"50\" \/><img decoding=\"async\" src=\"https:\/\/as-schwabe.de\/wp-content\/uploads\/ikony\/znak_CE.png\" alt=\"\" width=\"50\" height=\"50\" \/><img decoding=\"async\" src=\"https:\/\/as-schwabe.de\/wp-content\/uploads\/ikony\/znak_IP44.png\" alt=\"\" width=\"50\" height=\"50\" \/><img loading=\"lazy\" decoding=\"async\" src=\"https:\/\/as-schwabe.de\/wp-content\/uploads\/ikony\/znak_Z.png\" alt=\"\" width=\"50\" height=\"50\" \/><img loading=\"lazy\" decoding=\"async\" src=\"https:\/\/as-schwabe.de\/wp-content\/uploads\/ikony\/znak_D.png\" alt=\"\" width=\"50\" height=\"50\" \/><\/div>\n<ul>\n<li>Rozdzielnice pr\u0105du FIXO stacjonarne <\/li>\n<li>solidna obudowa wykonana ze specjalnego tworzywa sztucznego o du\u017cej odporno\u015bci na p\u0119kanie, \u0142\u0105cznie z uchwytem do przenoszenia <\/li>\n<li>kompaktowa konstrukcja, idealna do monta\u017cu na \u015bcianie <\/li>\n<li>wymiary obudowy FIXO: 280x280x118 mm, wymiary obudowy FIXO MAX: 370x375x118 mm <\/li>\n<li>IP44: chroniony przed cia\u0142ami obcymi i bryzgami wody <\/li>\n<li>wszystkie modele s\u0105 okablowane i gotowe do pod\u0142\u0105czenia <\/li>\n<li>zawiasy na pokrywie umo\u017cliwiaj\u0105 otwieranie po pod\u0142\u0105czeniu, a sama pokrywa nie zwisa na przewodach po otwarciu.<\/li>\n<\/ul>","protected":false},"featured_media":31523,"template":"","meta":{"inline_featured_image":false},"genre":[509],"product_cat":[518,592],"product_tag":[],"class_list":{"0":"post-32609","1":"product","2":"type-product","3":"status-publish","4":"has-post-thumbnail","6":"product_brand-as-schwabe-pl","7":"product_cat-asortyment-produktow-cee-400-v-pl","8":"product_cat-rozdzielnice-stacjonarne-fixo-pl","10":"first","11":"instock","12":"shipping-taxable","13":"product-type-simple"},"aioseo_notices":[],"_links":{"self":[{"href":"https:\/\/as-schwabe.de\/pl\/wp-json\/wp\/v2\/product\/32609","targetHints":{"allow":["GET"]}}],"collection":[{"href":"https:\/\/as-schwabe.de\/pl\/wp-json\/wp\/v2\/product"}],"about":[{"href":"https:\/\/as-schwabe.de\/pl\/wp-json\/wp\/v2\/types\/product"}],"version-history":[{"count":0,"href":"https:\/\/as-schwabe.de\/pl\/wp-json\/wp\/v2\/product\/32609\/revisions"}],"wp:featuredmedia":[{"embeddable":true,"href":"https:\/\/as-schwabe.de\/pl\/wp-json\/wp\/v2\/media\/31523"}],"wp:attachment":[{"href":"https:\/\/as-schwabe.de\/pl\/wp-json\/wp\/v2\/media?parent=32609"}],"wp:term":[{"taxonomy":"product_brand","embeddable":true,"href":"https:\/\/as-schwabe.de\/pl\/wp-json\/wp\/v2\/genre?post=32609"},{"taxonomy":"product_cat","embeddable":true,"href":"https:\/\/as-schwabe.de\/pl\/wp-json\/wp\/v2\/product_cat?post=32609"},{"taxonomy":"product_tag","embeddable":true,"href":"https:\/\/as-schwabe.de\/pl\/wp-json\/wp\/v2\/product_tag?post=32609"}],"curies":[{"name":"wp","href":"https:\/\/api.w.org\/{rel}","templated":true}]}}