{"id":32607,"date":"2025-09-26T23:34:37","date_gmt":"2025-09-26T23:34:37","guid":{"rendered":"https:\/\/as-schwabe.de\/produkt\/gniazdo-tablicowe-2x-usb-12-v-dc-cza-61499\/"},"modified":"2025-10-23T00:18:07","modified_gmt":"2025-10-23T00:18:07","slug":"gniazdo-tablicowe-2x-usb-12-v-dc-cza-61499","status":"publish","type":"product","link":"https:\/\/as-schwabe.de\/pl\/produkt\/gniazdo-tablicowe-2x-usb-12-v-dc-cza-61499\/","title":{"rendered":"Gniazdo tablicowe CZA 2x USB 12 V DC IP20 | 61499"},"content":{"rendered":"<p>Gniazdo tablicowe 2x USB 12 V DC w kolorze czarnym to doskona\u0142e rozwi\u0105zanie do \u0142adowania urz\u0105dze\u0144 mobilnych w przestrzeni wewn\u0119trznej. Z wej\u015bciem 12 V DC oraz wyj\u015bciem 2x USB 5 V, 2,1 A DC, zapewnia efektywne i szybkie \u0142adowanie do dw\u00f3ch urz\u0105dze\u0144 jednocze\u015bnie. W komplecie znajduj\u0105 si\u0119 przewody przy\u0142\u0105czeniowe z zarobionymi ko\u0144c\u00f3wkami oraz bezpiecznik na linii &#8222;+&#8220;, co u\u0142atwia instalacj\u0119 i zwi\u0119ksza bezpiecze\u0144stwo u\u017cytkowania. Dzi\u0119ki klasie ochrony IP20, produkt przeznaczony jest do u\u017cytku wewn\u0119trznego, gwarantuj\u0105c niezawodno\u015b\u0107 i wygod\u0119 w codziennym u\u017cytkowaniu. Idealnie sprawdzi si\u0119 w biurach, warsztatach oraz wsz\u0119dzie tam, gdzie niezb\u0119dne jest pod\u0142\u0105czenie dodatkowych \u017ar\u00f3de\u0142 zasilania.<\/p>","protected":false},"excerpt":{"rendered":"<div class=\"icons\" style=\"display: flex; flex-wrap: wrap; gap: 5px; align-items: center; margin-top: 10px;\"><img decoding=\"async\" src=\"https:\/\/as-schwabe.de\/wp-content\/uploads\/ikony\/znak_CE.png\" alt=\"\" width=\"50\" height=\"50\" \/><img decoding=\"async\" src=\"https:\/\/as-schwabe.de\/wp-content\/uploads\/ikony\/znak_IP20.png\" alt=\"\" width=\"50\" height=\"50\" \/><img decoding=\"async\" src=\"https:\/\/as-schwabe.de\/wp-content\/uploads\/ikony\/znak_Z.png\" alt=\"\" width=\"50\" height=\"50\" \/><img loading=\"lazy\" decoding=\"async\" src=\"https:\/\/as-schwabe.de\/wp-content\/uploads\/ikony\/znak_D.png\" alt=\"\" width=\"50\" height=\"50\" \/><\/div>\n<ul>\n<li>2 port USB 1x 5 V, 1 A i 1x 5 V, 2,1 A <\/li>\n<li>wymiary ko\u0142nierza wys. x szer. w mm: 43 x 46 <\/li>\n<li>rozstaw otwor\u00f3w w mm: 34 <\/li>\n<li>g\u0142\u0119boko\u015b\u0107 monta\u017cu w mm: 34 <\/li>\n<li>IP20: nadaje si\u0119 do u\u017cytku w pomieszczeniach zamkni\u0119tych<\/li>\n<\/ul>","protected":false},"featured_media":31515,"template":"","meta":{"inline_featured_image":false},"genre":[509],"product_cat":[515,550],"product_tag":[],"class_list":{"0":"post-32607","1":"product","2":"type-product","3":"status-publish","4":"has-post-thumbnail","6":"product_brand-as-schwabe-pl","7":"product_cat-kemping-i-caravaning-pl","8":"product_cat-gniazda-tablicowe-cee-do-wbudowania-pl","10":"first","11":"instock","12":"shipping-taxable","13":"product-type-simple"},"aioseo_notices":[],"_links":{"self":[{"href":"https:\/\/as-schwabe.de\/pl\/wp-json\/wp\/v2\/product\/32607","targetHints":{"allow":["GET"]}}],"collection":[{"href":"https:\/\/as-schwabe.de\/pl\/wp-json\/wp\/v2\/product"}],"about":[{"href":"https:\/\/as-schwabe.de\/pl\/wp-json\/wp\/v2\/types\/product"}],"version-history":[{"count":0,"href":"https:\/\/as-schwabe.de\/pl\/wp-json\/wp\/v2\/product\/32607\/revisions"}],"wp:featuredmedia":[{"embeddable":true,"href":"https:\/\/as-schwabe.de\/pl\/wp-json\/wp\/v2\/media\/31515"}],"wp:attachment":[{"href":"https:\/\/as-schwabe.de\/pl\/wp-json\/wp\/v2\/media?parent=32607"}],"wp:term":[{"taxonomy":"product_brand","embeddable":true,"href":"https:\/\/as-schwabe.de\/pl\/wp-json\/wp\/v2\/genre?post=32607"},{"taxonomy":"product_cat","embeddable":true,"href":"https:\/\/as-schwabe.de\/pl\/wp-json\/wp\/v2\/product_cat?post=32607"},{"taxonomy":"product_tag","embeddable":true,"href":"https:\/\/as-schwabe.de\/pl\/wp-json\/wp\/v2\/product_tag?post=32607"}],"curies":[{"name":"wp","href":"https:\/\/api.w.org\/{rel}","templated":true}]}}