{"id":32606,"date":"2025-09-26T23:34:36","date_gmt":"2025-09-26T23:34:36","guid":{"rendered":"https:\/\/as-schwabe.de\/produkt\/wtyczka-do-wbudowania-cee-230-v-16-a-3p-cza-61493\/"},"modified":"2025-10-23T00:18:06","modified_gmt":"2025-10-23T00:18:06","slug":"wtyczka-do-wbudowania-cee-230-v-16-a-3p-cza-61493","status":"publish","type":"product","link":"https:\/\/as-schwabe.de\/pl\/produkt\/wtyczka-do-wbudowania-cee-230-v-16-a-3p-cza-61493\/","title":{"rendered":"Wtyczka do wbudowania z uchyln\u0105 pokryw\u0105 CEE 230 V, 16 A, 3P CZA IP44 | 61493"},"content":{"rendered":"<p>Wtyczka do wbudowania CEE 230 V, 16 A, 3P to niezawodne rozwi\u0105zanie do zasilania przyczep kempingowych oraz innych urz\u0105dze\u0144 wymagaj\u0105cych stabilnego \u017ar\u00f3d\u0142a pr\u0105du. Posiada uchyln\u0105 pokryw\u0119, kt\u00f3ra zapewnia ochron\u0119 przed wilgoci\u0105 oraz zanieczyszczeniami, co czyni j\u0105 idealnym wyborem do u\u017cytku na zewn\u0105trz. Dzi\u0119ki klasie ochrony IP44 wtyczka jest odporna na dzia\u0142anie kurzu oraz splunie\u0144 wody, co gwarantuje bezpiecze\u0144stwo i trwa\u0142o\u015b\u0107 w r\u00f3\u017cnych warunkach atmosferycznych. Jej elegancki, czarny kolor sprawia, \u017ce doskonale wkomponowuje si\u0119 w otoczenie. Mo\u017cliwo\u015b\u0107 \u0142atwego monta\u017cu oraz wysoka jako\u015b\u0107 wykonania sprawiaj\u0105, \u017ce jest to produkt, kt\u00f3ry sprosta oczekiwaniom nawet najbardziej wymagaj\u0105cych u\u017cytkownik\u00f3w.<\/p>","protected":false},"excerpt":{"rendered":"<div class=\"icons\" style=\"display: flex; flex-wrap: wrap; gap: 5px; align-items: center; margin-top: 10px;\"><img decoding=\"async\" src=\"https:\/\/as-schwabe.de\/wp-content\/uploads\/ikony\/znak_CE.png\" alt=\"\" width=\"50\" height=\"50\" \/><img decoding=\"async\" src=\"https:\/\/as-schwabe.de\/wp-content\/uploads\/ikony\/znak_IP44.png\" alt=\"\" width=\"50\" height=\"50\" \/><img decoding=\"async\" src=\"https:\/\/as-schwabe.de\/wp-content\/uploads\/ikony\/znak_Z.png\" alt=\"\" width=\"50\" height=\"50\" \/><img loading=\"lazy\" decoding=\"async\" src=\"https:\/\/as-schwabe.de\/wp-content\/uploads\/ikony\/znak_DE.png\" alt=\"\" width=\"50\" height=\"40\" \/><\/div>\n<ul>\n<li>wysokiej jako\u015bci z\u0142\u0105cza zasilaj\u0105ce do samodzielnego monta\u017cu <\/li>\n<li>CEE 230 V, 16 A, 3P <\/li>\n<li>IP44: chroniony przed cia\u0142ami obcymi i bryzgami wody <\/li>\n<li>wymiary ko\u0142nierza wys. x szer. w mm: 110 x 104 <\/li>\n<li>rozstaw otwor\u00f3w wys. x szer. w mm: 90x 77,5 <\/li>\n<li>g\u0142\u0119boko\u015b\u0107 monta\u017cu w mm: 82<\/li>\n<\/ul>","protected":false},"featured_media":31516,"template":"","meta":{"inline_featured_image":false},"genre":[509],"product_cat":[515,577],"product_tag":[],"class_list":{"0":"post-32606","1":"product","2":"type-product","3":"status-publish","4":"has-post-thumbnail","6":"product_brand-as-schwabe-pl","7":"product_cat-kemping-i-caravaning-pl","8":"product_cat-wtyczki-cee-do-wbudowania-pl","10":"first","11":"instock","12":"shipping-taxable","13":"product-type-simple"},"aioseo_notices":[],"_links":{"self":[{"href":"https:\/\/as-schwabe.de\/pl\/wp-json\/wp\/v2\/product\/32606","targetHints":{"allow":["GET"]}}],"collection":[{"href":"https:\/\/as-schwabe.de\/pl\/wp-json\/wp\/v2\/product"}],"about":[{"href":"https:\/\/as-schwabe.de\/pl\/wp-json\/wp\/v2\/types\/product"}],"version-history":[{"count":0,"href":"https:\/\/as-schwabe.de\/pl\/wp-json\/wp\/v2\/product\/32606\/revisions"}],"wp:featuredmedia":[{"embeddable":true,"href":"https:\/\/as-schwabe.de\/pl\/wp-json\/wp\/v2\/media\/31516"}],"wp:attachment":[{"href":"https:\/\/as-schwabe.de\/pl\/wp-json\/wp\/v2\/media?parent=32606"}],"wp:term":[{"taxonomy":"product_brand","embeddable":true,"href":"https:\/\/as-schwabe.de\/pl\/wp-json\/wp\/v2\/genre?post=32606"},{"taxonomy":"product_cat","embeddable":true,"href":"https:\/\/as-schwabe.de\/pl\/wp-json\/wp\/v2\/product_cat?post=32606"},{"taxonomy":"product_tag","embeddable":true,"href":"https:\/\/as-schwabe.de\/pl\/wp-json\/wp\/v2\/product_tag?post=32606"}],"curies":[{"name":"wp","href":"https:\/\/api.w.org\/{rel}","templated":true}]}}