{"id":32603,"date":"2025-09-26T23:34:33","date_gmt":"2025-09-26T23:34:33","guid":{"rendered":"https:\/\/as-schwabe.de\/produkt\/adapter-cee-wtyk-ip44-na-gniazdo-katowe-cee-3p-230-v-16-a-3p-h07rn-f-3g25-15-m-61483\/"},"modified":"2025-10-23T00:18:03","modified_gmt":"2025-10-23T00:18:03","slug":"adapter-cee-wtyk-ip44-na-gniazdo-katowe-cee-3p-230-v-16-a-3p-h07rn-f-3g25-15-m-61483","status":"publish","type":"product","link":"https:\/\/as-schwabe.de\/pl\/produkt\/adapter-cee-wtyk-ip44-na-gniazdo-katowe-cee-3p-230-v-16-a-3p-h07rn-f-3g25-15-m-61483\/","title":{"rendered":"Przed\u0142u\u017cacz adapter CEE 230 V, 16 A, 3P, wtyczka z uziemieniem na gniazdo k\u0105towe CEE 3P 1,5 m H07RN-F 3G2,5 CZA IP44 | 61483"},"content":{"rendered":"<p>Przed\u0142u\u017cacz adapter CEE 230 V, 16 A, 3P o d\u0142ugo\u015bci 1,5 m to niezawodne rozwi\u0105zanie do zasilania urz\u0105dze\u0144 elektrycznych w warunkach zewn\u0119trznych. Wyposa\u017cony w wtyczk\u0119 IP44 oraz gniazdo k\u0105towe CEE, zapewnia bezpieczne po\u0142\u0105czenie w trudnych warunkach atmosferycznych. Jego maksymalne obci\u0105\u017cenie wynosi 230 V, 16 A, co pozwala na pod\u0142\u0105czenie urz\u0105dze\u0144 o mocy do 3500 W. W zestawie znajduje si\u0119 praktyczna ta\u015bma Velcro z metalowym uszkiem, umo\u017cliwiaj\u0105ca wygodne zawieszanie przed\u0142u\u017cacza. Dzi\u0119ki zastosowaniu elastycznego kabla H07RN-F 3G2,5, przed\u0142u\u017cacz cechuje si\u0119 wysok\u0105 odporno\u015bci\u0105 na uszkodzenia mechaniczne i warunki zewn\u0119trzne, co czyni go idealnym wyborem do zastosowa\u0144 w ogrodzie, na placach budowy czy podczas imprez plenerowych.<\/p>","protected":false},"excerpt":{"rendered":"<div class=\"icons\" style=\"display: flex; flex-wrap: wrap; gap: 5px; align-items: center; margin-top: 10px;\"><img decoding=\"async\" src=\"https:\/\/as-schwabe.de\/wp-content\/uploads\/ikony\/znak_CE.png\" alt=\"\" width=\"50\" height=\"50\" \/><img decoding=\"async\" src=\"https:\/\/as-schwabe.de\/wp-content\/uploads\/ikony\/znak_IP44.png\" alt=\"\" width=\"50\" height=\"50\" \/><img decoding=\"async\" src=\"https:\/\/as-schwabe.de\/wp-content\/uploads\/ikony\/znak_Z.png\" alt=\"\" width=\"50\" height=\"50\" \/><img loading=\"lazy\" decoding=\"async\" src=\"https:\/\/as-schwabe.de\/wp-content\/uploads\/ikony\/znak_D.png\" alt=\"\" width=\"50\" height=\"50\" \/><img loading=\"lazy\" decoding=\"async\" src=\"https:\/\/as-schwabe.de\/wp-content\/uploads\/ikony\/znak_DE.png\" alt=\"\" width=\"50\" height=\"40\" \/><\/div>\n<ul>\n<li>z bardzo wytrzyma\u0142ym neoprenowym przewodem klasy H07 <\/li>\n<li>zawiera opaski kablowe Velcro na rzepy z metalowym uszkiem do zawieszania <\/li>\n<li>IP44: chroniony przed cia\u0142ami obcymi i bryzgami wody <\/li>\n<li>1x wtyczka z uziemieniem 230 V, 16 A <\/li>\n<li>1x gniazdo k\u0105towe CEE z klapk\u0105 uchyln\u0105 230 V, 16 A, 3P i dodatkowo 1x gniazdo z uziemieniem i z klapk\u0105 uchyln\u0105 230 V, 16 A <\/li>\n<li>zawiera opaski kablowe Velcro na rzepy z metalowym uszkiem do zawieszania<\/li>\n<\/ul>","protected":false},"featured_media":31500,"template":"","meta":{"inline_featured_image":false},"genre":[509],"product_cat":[515,576],"product_tag":[],"class_list":{"0":"post-32603","1":"product","2":"type-product","3":"status-publish","4":"has-post-thumbnail","6":"product_brand-as-schwabe-pl","7":"product_cat-kemping-i-caravaning-pl","8":"product_cat-adaptery-pl","10":"first","11":"instock","12":"shipping-taxable","13":"product-type-simple"},"aioseo_notices":[],"_links":{"self":[{"href":"https:\/\/as-schwabe.de\/pl\/wp-json\/wp\/v2\/product\/32603","targetHints":{"allow":["GET"]}}],"collection":[{"href":"https:\/\/as-schwabe.de\/pl\/wp-json\/wp\/v2\/product"}],"about":[{"href":"https:\/\/as-schwabe.de\/pl\/wp-json\/wp\/v2\/types\/product"}],"version-history":[{"count":0,"href":"https:\/\/as-schwabe.de\/pl\/wp-json\/wp\/v2\/product\/32603\/revisions"}],"wp:featuredmedia":[{"embeddable":true,"href":"https:\/\/as-schwabe.de\/pl\/wp-json\/wp\/v2\/media\/31500"}],"wp:attachment":[{"href":"https:\/\/as-schwabe.de\/pl\/wp-json\/wp\/v2\/media?parent=32603"}],"wp:term":[{"taxonomy":"product_brand","embeddable":true,"href":"https:\/\/as-schwabe.de\/pl\/wp-json\/wp\/v2\/genre?post=32603"},{"taxonomy":"product_cat","embeddable":true,"href":"https:\/\/as-schwabe.de\/pl\/wp-json\/wp\/v2\/product_cat?post=32603"},{"taxonomy":"product_tag","embeddable":true,"href":"https:\/\/as-schwabe.de\/pl\/wp-json\/wp\/v2\/product_tag?post=32603"}],"curies":[{"name":"wp","href":"https:\/\/api.w.org\/{rel}","templated":true}]}}