{"id":32602,"date":"2025-09-26T23:34:33","date_gmt":"2025-09-26T23:34:33","guid":{"rendered":"https:\/\/as-schwabe.de\/produkt\/wtyczka-katowa-cee-230-v-16-a-3p-61481\/"},"modified":"2025-10-23T00:18:02","modified_gmt":"2025-10-23T00:18:02","slug":"wtyczka-katowa-cee-230-v-16-a-3p-61481","status":"publish","type":"product","link":"https:\/\/as-schwabe.de\/pl\/produkt\/wtyczka-katowa-cee-230-v-16-a-3p-61481\/","title":{"rendered":"Wtyczka k\u0105towa CEE 230 V, 16 A, 3P | 61481"},"content":{"rendered":"<p>Wtyczka k\u0105towa CEE 230 V, 16 A, 3P z klas\u0105 szczelno\u015bci IP44 to niezawodne rozwi\u0105zanie przeznaczone do u\u017cytku na zewn\u0105trz, idealne dla r\u00f3\u017cnych zastosowa\u0144 przemys\u0142owych i budowlanych. Dzi\u0119ki konstrukcji ochraniaj\u0105cej przed wod\u0105 oraz py\u0142em, zapewnia bezpiecze\u0144stwo i stabilno\u015b\u0107 w trudnych warunkach atmosferycznych. Oferuje wydajno\u015b\u0107 pr\u0105dow\u0105 do 16 A oraz tr\u00f3jfazowe po\u0142\u0105czenie, co czyni j\u0105 doskona\u0142ym wyborem dla urz\u0105dze\u0144 wymagaj\u0105cych wi\u0119kszej mocy. Kompaktowy design wtyczki pozwala na \u0142atw\u0105 instalacj\u0119 i pod\u0142\u0105czenie, co zwi\u0119ksza wygod\u0119 u\u017cytkowania. Inwestuj\u0105c w t\u0119 wtyczk\u0119, u\u017cytkownik zyskuje pewno\u015b\u0107 wysokiej jako\u015bci oraz trwa\u0142o\u015bci produktu, co przek\u0142ada si\u0119 na d\u0142ugotrwa\u0142e i bezproblemowe u\u017cytkowanie.<\/p>","protected":false},"excerpt":{"rendered":"<div class=\"icons\" style=\"display: flex; flex-wrap: wrap; gap: 5px; align-items: center; margin-top: 10px;\"><img decoding=\"async\" src=\"https:\/\/as-schwabe.de\/wp-content\/uploads\/ikony\/znak_CE.png\" alt=\"\" width=\"50\" height=\"50\" \/><img decoding=\"async\" src=\"https:\/\/as-schwabe.de\/wp-content\/uploads\/ikony\/znak_IP44.png\" alt=\"\" width=\"50\" height=\"50\" \/><img decoding=\"async\" src=\"https:\/\/as-schwabe.de\/wp-content\/uploads\/ikony\/znak_Z.png\" alt=\"\" width=\"50\" height=\"50\" \/><\/div>\n<ul>\n<li>wysokiej jako\u015bci wtyczki z odporn\u0105 na uderzenia obudow\u0105 <\/li>\n<li>po\u0142\u0105czenie kablowe do 3G2,5 <\/li>\n<li>IP44: chroniony przed cia\u0142ami obcymi i bryzgami wody <\/li>\n<li>wtyczka k\u0105towa CEE 230 V, 16 A, 3P<\/li>\n<\/ul>","protected":false},"featured_media":31499,"template":"","meta":{"inline_featured_image":false},"genre":[509],"product_cat":[515,575],"product_tag":[],"class_list":{"0":"post-32602","1":"product","2":"type-product","3":"status-publish","4":"has-post-thumbnail","6":"product_brand-as-schwabe-pl","7":"product_cat-kemping-i-caravaning-pl","8":"product_cat-wtyczki-i-gniazda-cee-kemping-i-caravaning-pl","10":"first","11":"instock","12":"shipping-taxable","13":"product-type-simple"},"aioseo_notices":[],"_links":{"self":[{"href":"https:\/\/as-schwabe.de\/pl\/wp-json\/wp\/v2\/product\/32602","targetHints":{"allow":["GET"]}}],"collection":[{"href":"https:\/\/as-schwabe.de\/pl\/wp-json\/wp\/v2\/product"}],"about":[{"href":"https:\/\/as-schwabe.de\/pl\/wp-json\/wp\/v2\/types\/product"}],"version-history":[{"count":0,"href":"https:\/\/as-schwabe.de\/pl\/wp-json\/wp\/v2\/product\/32602\/revisions"}],"wp:featuredmedia":[{"embeddable":true,"href":"https:\/\/as-schwabe.de\/pl\/wp-json\/wp\/v2\/media\/31499"}],"wp:attachment":[{"href":"https:\/\/as-schwabe.de\/pl\/wp-json\/wp\/v2\/media?parent=32602"}],"wp:term":[{"taxonomy":"product_brand","embeddable":true,"href":"https:\/\/as-schwabe.de\/pl\/wp-json\/wp\/v2\/genre?post=32602"},{"taxonomy":"product_cat","embeddable":true,"href":"https:\/\/as-schwabe.de\/pl\/wp-json\/wp\/v2\/product_cat?post=32602"},{"taxonomy":"product_tag","embeddable":true,"href":"https:\/\/as-schwabe.de\/pl\/wp-json\/wp\/v2\/product_tag?post=32602"}],"curies":[{"name":"wp","href":"https:\/\/api.w.org\/{rel}","templated":true}]}}