{"id":32601,"date":"2025-09-26T23:34:32","date_gmt":"2025-09-26T23:34:32","guid":{"rendered":"https:\/\/as-schwabe.de\/produkt\/wtyczka-do-wbudowania-cee-230-v-16-a-3p-przesuwana-pokrywa-bia-61480\/"},"modified":"2025-10-23T00:18:01","modified_gmt":"2025-10-23T00:18:01","slug":"wtyczka-do-wbudowania-cee-230-v-16-a-3p-przesuwana-pokrywa-bia-61480","status":"publish","type":"product","link":"https:\/\/as-schwabe.de\/pl\/produkt\/wtyczka-do-wbudowania-cee-230-v-16-a-3p-przesuwana-pokrywa-bia-61480\/","title":{"rendered":"Wtyczka do wbudowania CEE 230 V, 16 A, 3P BIA IP44 | 61480"},"content":{"rendered":"<p>Wtyczka do wbudowania CEE 230 V, 16 A, 3P to niezawodne rozwi\u0105zanie przeznaczone do zasilania przyczep kempingowych oraz innych urz\u0105dze\u0144 wymagaj\u0105cych niezawodnego \u017ar\u00f3d\u0142a energii elektrycznej na zewn\u0105trz. Oferuje solidn\u0105 konstrukcj\u0119, kt\u00f3ra zapewnia bezpiecze\u0144stwo u\u017cytkowania dzi\u0119ki klasie ochrony IP44, co czyni j\u0105 odporn\u0105 na kurz i wilgo\u0107. Przesuwana pokrywa umo\u017cliwia \u0142atwe zamkni\u0119cie gniazda, chroni\u0105c je przed niekorzystnymi warunkami atmosferycznymi, gdy nie jest u\u017cywana. Szary kolor wtyczki wkomponowuje si\u0119 w r\u00f3\u017cnorodne otoczenia, a standardowe po\u0142\u0105czenie u\u0142atwia integracj\u0119 z innymi elementami systemu zasilania. Dzi\u0119ki tej wtyczce, ka\u017cdy u\u017cytkownik zyskuje pewno\u015b\u0107, \u017ce jego urz\u0105dzenia s\u0105 zasilane w spos\u00f3b stabilny i bezpieczny, nawet w trudnych warunkach zewn\u0119trznych.<\/p>","protected":false},"excerpt":{"rendered":"<div class=\"icons\" style=\"display: flex; flex-wrap: wrap; gap: 5px; align-items: center; margin-top: 10px;\"><img decoding=\"async\" src=\"https:\/\/as-schwabe.de\/wp-content\/uploads\/ikony\/znak_CE.png\" alt=\"\" width=\"50\" height=\"50\" \/><img decoding=\"async\" src=\"https:\/\/as-schwabe.de\/wp-content\/uploads\/ikony\/znak_IP44.png\" alt=\"\" width=\"50\" height=\"50\" \/><img decoding=\"async\" src=\"https:\/\/as-schwabe.de\/wp-content\/uploads\/ikony\/znak_Z.png\" alt=\"\" width=\"50\" height=\"50\" \/><img loading=\"lazy\" decoding=\"async\" src=\"https:\/\/as-schwabe.de\/wp-content\/uploads\/ikony\/znak_DE.png\" alt=\"\" width=\"50\" height=\"40\" \/><\/div>\n<ul>\n<li>wysokiej jako\u015bci z\u0142\u0105cza zasilaj\u0105ce do samodzielnego monta\u017cu <\/li>\n<li>CEE 230 V, 16 A, 3P <\/li>\n<li>IP44: chroniony przed cia\u0142ami obcymi i bryzgami wody <\/li>\n<li>wtyczka CEE 230 V, 16 A, 3P z przesuwan\u0105 os\u0142on\u0105 <\/li>\n<li>wymiary ko\u0142nierza wys. x szer. w mm (zamkni\u0119te): 112 x 100 <\/li>\n<li>wymiary wys. x szer. w mm (otwarte): 227 x 100 <\/li>\n<li>rozstaw otwor\u00f3w wys. x szer. w mm: 74\/66 x 105 <\/li>\n<li>g\u0142\u0119boko\u015b\u0107 monta\u017cu w mm: 119<\/li>\n<\/ul>","protected":false},"featured_media":31495,"template":"","meta":{"inline_featured_image":false},"genre":[509],"product_cat":[515,577],"product_tag":[],"class_list":{"0":"post-32601","1":"product","2":"type-product","3":"status-publish","4":"has-post-thumbnail","6":"product_brand-as-schwabe-pl","7":"product_cat-kemping-i-caravaning-pl","8":"product_cat-wtyczki-cee-do-wbudowania-pl","10":"first","11":"instock","12":"shipping-taxable","13":"product-type-simple"},"aioseo_notices":[],"_links":{"self":[{"href":"https:\/\/as-schwabe.de\/pl\/wp-json\/wp\/v2\/product\/32601","targetHints":{"allow":["GET"]}}],"collection":[{"href":"https:\/\/as-schwabe.de\/pl\/wp-json\/wp\/v2\/product"}],"about":[{"href":"https:\/\/as-schwabe.de\/pl\/wp-json\/wp\/v2\/types\/product"}],"version-history":[{"count":0,"href":"https:\/\/as-schwabe.de\/pl\/wp-json\/wp\/v2\/product\/32601\/revisions"}],"wp:featuredmedia":[{"embeddable":true,"href":"https:\/\/as-schwabe.de\/pl\/wp-json\/wp\/v2\/media\/31495"}],"wp:attachment":[{"href":"https:\/\/as-schwabe.de\/pl\/wp-json\/wp\/v2\/media?parent=32601"}],"wp:term":[{"taxonomy":"product_brand","embeddable":true,"href":"https:\/\/as-schwabe.de\/pl\/wp-json\/wp\/v2\/genre?post=32601"},{"taxonomy":"product_cat","embeddable":true,"href":"https:\/\/as-schwabe.de\/pl\/wp-json\/wp\/v2\/product_cat?post=32601"},{"taxonomy":"product_tag","embeddable":true,"href":"https:\/\/as-schwabe.de\/pl\/wp-json\/wp\/v2\/product_tag?post=32601"}],"curies":[{"name":"wp","href":"https:\/\/api.w.org\/{rel}","templated":true}]}}