{"id":32596,"date":"2025-09-26T23:34:27","date_gmt":"2025-09-26T23:34:27","guid":{"rendered":"https:\/\/as-schwabe.de\/produkt\/gniazdo-dodatkowe-samochodowe-13-pin-61474\/"},"modified":"2025-10-23T00:17:59","modified_gmt":"2025-10-23T00:17:59","slug":"gniazdo-dodatkowe-samochodowe-13-pin-61474","status":"publish","type":"product","link":"https:\/\/as-schwabe.de\/pl\/produkt\/gniazdo-dodatkowe-samochodowe-13-pin-61474\/","title":{"rendered":"Gniazdo samochodowe do przykr\u0119cenia z klapk\u0105 13 pin | 61474"},"content":{"rendered":"<p>Gniazdo samochodowe 13 pin, przeznaczone do przykr\u0119cenia, to idealne rozwi\u0105zanie do zastosowa\u0144 zewn\u0119trznych, oferuj\u0105ce nie tylko funkcjonalno\u015b\u0107, ale i trwa\u0142o\u015b\u0107. Urz\u0105dzenie jest przystosowane do napi\u0119cia 12 V DC i charakteryzuje si\u0119 klas\u0105 ochrony IP44, co zapewnia odporno\u015b\u0107 na wilgo\u0107 oraz py\u0142. Uchwyt z uchyln\u0105 klapk\u0105 u\u0142atwia korzystanie z gniazda i chroni je przed zabrudzeniami, co w znaczny spos\u00f3b zwi\u0119ksza jego \u017cywotno\u015b\u0107. Dzi\u0119ki prostemu monta\u017cowi i solidnemu wykonaniu, gniazdo to jest idealnym wyborem dla w\u0142a\u015bcicieli przyczep, samochod\u00f3w dostawczych oraz innych pojazd\u00f3w wykorzystywanych w trudnych warunkach. Wybieraj\u0105c nasze gniazdo, inwestuj\u0105 Pa\u0144stwo w niezawodno\u015b\u0107 i komfort u\u017cytkowania.<\/p>","protected":false},"excerpt":{"rendered":"<div class=\"icons\" style=\"display: flex; flex-wrap: wrap; gap: 5px; align-items: center; margin-top: 10px;\"><img decoding=\"async\" src=\"https:\/\/as-schwabe.de\/wp-content\/uploads\/ikony\/znak_CE.png\" alt=\"\" width=\"50\" height=\"50\" \/><img decoding=\"async\" src=\"https:\/\/as-schwabe.de\/wp-content\/uploads\/ikony\/znak_IP44.png\" alt=\"\" width=\"50\" height=\"50\" \/><img decoding=\"async\" src=\"https:\/\/as-schwabe.de\/wp-content\/uploads\/ikony\/znak_Z.png\" alt=\"\" width=\"50\" height=\"50\" \/><\/div>\n<ul>\n<li>adapter okr\u0105g\u0142y, z uchyln\u0105 klapk\u0105 i stykiem tylnego \u015bwiat\u0142a przeciwmgielnego <\/li>\n<li>do przykr\u0119cenia<\/li>\n<\/ul>","protected":false},"featured_media":31476,"template":"","meta":{"inline_featured_image":false},"genre":[509],"product_cat":[515],"product_tag":[],"class_list":{"0":"post-32596","1":"product","2":"type-product","3":"status-publish","4":"has-post-thumbnail","6":"product_brand-as-schwabe-pl","7":"product_cat-kemping-i-caravaning-pl","9":"first","10":"instock","11":"shipping-taxable","12":"product-type-simple"},"aioseo_notices":[],"_links":{"self":[{"href":"https:\/\/as-schwabe.de\/pl\/wp-json\/wp\/v2\/product\/32596","targetHints":{"allow":["GET"]}}],"collection":[{"href":"https:\/\/as-schwabe.de\/pl\/wp-json\/wp\/v2\/product"}],"about":[{"href":"https:\/\/as-schwabe.de\/pl\/wp-json\/wp\/v2\/types\/product"}],"version-history":[{"count":0,"href":"https:\/\/as-schwabe.de\/pl\/wp-json\/wp\/v2\/product\/32596\/revisions"}],"wp:featuredmedia":[{"embeddable":true,"href":"https:\/\/as-schwabe.de\/pl\/wp-json\/wp\/v2\/media\/31476"}],"wp:attachment":[{"href":"https:\/\/as-schwabe.de\/pl\/wp-json\/wp\/v2\/media?parent=32596"}],"wp:term":[{"taxonomy":"product_brand","embeddable":true,"href":"https:\/\/as-schwabe.de\/pl\/wp-json\/wp\/v2\/genre?post=32596"},{"taxonomy":"product_cat","embeddable":true,"href":"https:\/\/as-schwabe.de\/pl\/wp-json\/wp\/v2\/product_cat?post=32596"},{"taxonomy":"product_tag","embeddable":true,"href":"https:\/\/as-schwabe.de\/pl\/wp-json\/wp\/v2\/product_tag?post=32596"}],"curies":[{"name":"wp","href":"https:\/\/api.w.org\/{rel}","templated":true}]}}