{"id":32594,"date":"2025-09-26T23:34:26","date_gmt":"2025-09-26T23:34:26","guid":{"rendered":"https:\/\/as-schwabe.de\/produkt\/caravan-tester-do-zlacz-samochodowych-w-zestawie-61468\/"},"modified":"2025-10-23T00:17:56","modified_gmt":"2025-10-23T00:17:56","slug":"caravan-tester-do-zlacz-samochodowych-w-zestawie-61468","status":"publish","type":"product","link":"https:\/\/as-schwabe.de\/pl\/produkt\/caravan-tester-do-zlacz-samochodowych-w-zestawie-61468\/","title":{"rendered":"Karawan Tester do z\u0142\u0105cz samochodowych w zestawie | 61468"},"content":{"rendered":"<p>Karawan Tester do z\u0142\u0105cz samochodowych to niezast\u0105pione narz\u0119dzie dla ka\u017cdego u\u017cytkownika pojazd\u00f3w kempingowych oraz przyczep. W sk\u0142ad zestawu wchodzi tester z wtyczk\u0105 i gniazdem 7-pin, a tak\u017ce adaptery umo\u017cliwiaj\u0105ce konwersj\u0119 mi\u0119dzy z\u0142\u0105czem 7-pin a 13-pin. Urz\u0105dzenie, zasilane bateri\u0105 9 V (brak w zestawie), umo\u017cliwia \u0142atwe i szybkie diagnozowanie wad po\u0142\u0105cze\u0144, kt\u00f3re sygnalizowane s\u0105 przez diody LED. Dzi\u0119ki prostocie obs\u0142ugi oraz wszechstronno\u015bci, Karawan Tester zapewnia komfort i bezpiecze\u0144stwo podczas korzystania z instalacji elektrycznych w pojazdach, co czyni go nieocenionym akcesorium dla ka\u017cdego kierowcy.<\/p>","protected":false},"excerpt":{"rendered":"<div class=\"icons\" style=\"display: flex; flex-wrap: wrap; gap: 5px; align-items: center; margin-top: 10px;\"><img decoding=\"async\" src=\"https:\/\/as-schwabe.de\/wp-content\/uploads\/ikony\/znak_CE.png\" alt=\"\" width=\"50\" height=\"50\" \/><img decoding=\"async\" src=\"https:\/\/as-schwabe.de\/wp-content\/uploads\/ikony\/znak_Z.png\" alt=\"\" width=\"50\" height=\"50\" \/><\/div>\n<ul>\n<li>zestaw sk\u0142adaj\u0105cy si\u0119 z: <\/li>\n<li>Karawan Tester z wtyczk\u0105 7-pinow\u0105 i gniazdem 7-pinowym <\/li>\n<li>adapter 13-pin na 7-pin <\/li>\n<li>adapter 7-pin na 13-pin <\/li>\n<li>tester o\u015bwietlenia i kabli do przyczep i pojazd\u00f3w holowanych <\/li>\n<li>por\u0119czne urz\u0105dzenie testowe do wykrywania uszkodze\u0144 kablowych <\/li>\n<li>wadliwe kolory kabli s\u0105 sygnalizowane diodami LED <\/li>\n<li>mo\u017cna testowa\u0107 wszystkie gniazda i wtyczki 7-pinowe i 13-pinowe <\/li>\n<li>dzia\u0142a z bateri\u0105 9 V (brak w zestawie)<\/li>\n<\/ul>","protected":false},"featured_media":31473,"template":"","meta":{"inline_featured_image":false},"genre":[509],"product_cat":[515],"product_tag":[],"class_list":{"0":"post-32594","1":"product","2":"type-product","3":"status-publish","4":"has-post-thumbnail","6":"product_brand-as-schwabe-pl","7":"product_cat-kemping-i-caravaning-pl","9":"first","10":"instock","11":"shipping-taxable","12":"product-type-simple"},"aioseo_notices":[],"_links":{"self":[{"href":"https:\/\/as-schwabe.de\/pl\/wp-json\/wp\/v2\/product\/32594","targetHints":{"allow":["GET"]}}],"collection":[{"href":"https:\/\/as-schwabe.de\/pl\/wp-json\/wp\/v2\/product"}],"about":[{"href":"https:\/\/as-schwabe.de\/pl\/wp-json\/wp\/v2\/types\/product"}],"version-history":[{"count":0,"href":"https:\/\/as-schwabe.de\/pl\/wp-json\/wp\/v2\/product\/32594\/revisions"}],"wp:featuredmedia":[{"embeddable":true,"href":"https:\/\/as-schwabe.de\/pl\/wp-json\/wp\/v2\/media\/31473"}],"wp:attachment":[{"href":"https:\/\/as-schwabe.de\/pl\/wp-json\/wp\/v2\/media?parent=32594"}],"wp:term":[{"taxonomy":"product_brand","embeddable":true,"href":"https:\/\/as-schwabe.de\/pl\/wp-json\/wp\/v2\/genre?post=32594"},{"taxonomy":"product_cat","embeddable":true,"href":"https:\/\/as-schwabe.de\/pl\/wp-json\/wp\/v2\/product_cat?post=32594"},{"taxonomy":"product_tag","embeddable":true,"href":"https:\/\/as-schwabe.de\/pl\/wp-json\/wp\/v2\/product_tag?post=32594"}],"curies":[{"name":"wp","href":"https:\/\/api.w.org\/{rel}","templated":true}]}}