{"id":32593,"date":"2025-09-26T23:34:25","date_gmt":"2025-09-26T23:34:25","guid":{"rendered":"https:\/\/as-schwabe.de\/produkt\/gniazdo-tablicowe-2x-usb-12-v-dc-bia-61464\/"},"modified":"2025-10-23T00:17:56","modified_gmt":"2025-10-23T00:17:56","slug":"gniazdo-tablicowe-2x-usb-12-v-dc-bia-61464","status":"publish","type":"product","link":"https:\/\/as-schwabe.de\/pl\/produkt\/gniazdo-tablicowe-2x-usb-12-v-dc-bia-61464\/","title":{"rendered":"Gniazdo tablicowe BIA 2x USB 12 V DC IP20 | 61464"},"content":{"rendered":"<p>Gniazdo tablicowe z dwoma portami USB to idealne rozwi\u0105zanie dla os\u00f3b poszukuj\u0105cych funkcjonalno\u015bci i wygody w zasilaniu urz\u0105dze\u0144 mobilnych oraz elektroniki. Zasilane napi\u0119ciem 12 V DC, oferuje wyj\u015bcie 2x USB o nat\u0119\u017ceniu 2,1 A, co pozwala na szybkie \u0142adowanie dw\u00f3ch urz\u0105dze\u0144 jednocze\u015bnie. W zestawie znajduj\u0105 si\u0119 przewody przy\u0142\u0105czeniowe z zarobionymi ko\u0144c\u00f3wkami oraz bezpiecznikiem na linii &#8222;+&#8220;, co zapewnia \u0142atwy i bezpieczny monta\u017c. Gniazdo spe\u0142nia norm\u0119 IP20, co oznacza, \u017ce jest przeznaczone do u\u017cytku wewn\u0105trz pomieszcze\u0144, a jego elegancki bia\u0142y kolor wpisuje si\u0119 w nowoczesne wn\u0119trza. Wybieraj\u0105c ten produkt, u\u017cytkownik zyskuje nie tylko estetyk\u0119, ale tak\u017ce wysok\u0105 funkcjonalno\u015b\u0107 w codziennym u\u017cytkowaniu.<\/p>","protected":false},"excerpt":{"rendered":"<div class=\"icons\" style=\"display: flex; flex-wrap: wrap; gap: 5px; align-items: center; margin-top: 10px;\"><img decoding=\"async\" src=\"https:\/\/as-schwabe.de\/wp-content\/uploads\/ikony\/znak_CE.png\" alt=\"\" width=\"50\" height=\"50\" \/><img decoding=\"async\" src=\"https:\/\/as-schwabe.de\/wp-content\/uploads\/ikony\/znak_IP20.png\" alt=\"\" width=\"50\" height=\"50\" \/><img decoding=\"async\" src=\"https:\/\/as-schwabe.de\/wp-content\/uploads\/ikony\/znak_Z.png\" alt=\"\" width=\"50\" height=\"50\" \/><img loading=\"lazy\" decoding=\"async\" src=\"https:\/\/as-schwabe.de\/wp-content\/uploads\/ikony\/znak_D.png\" alt=\"\" width=\"50\" height=\"50\" \/><\/div>\n<ul>\n<li>2 port USB 1x 5 V, 1 A i 1x 5 V, 2,1 A <\/li>\n<li>wymiary ko\u0142nierza wys. x szer. w mm: 43 x 46 <\/li>\n<li>rozstaw otwor\u00f3w w mm: 34 <\/li>\n<li>g\u0142\u0119boko\u015b\u0107 monta\u017cu w mm: 34 <\/li>\n<li>IP20: nadaje si\u0119 do u\u017cytku w pomieszczeniach zamkni\u0119tych<\/li>\n<\/ul>","protected":false},"featured_media":31472,"template":"","meta":{"inline_featured_image":false},"genre":[509],"product_cat":[515,550],"product_tag":[],"class_list":{"0":"post-32593","1":"product","2":"type-product","3":"status-publish","4":"has-post-thumbnail","6":"product_brand-as-schwabe-pl","7":"product_cat-kemping-i-caravaning-pl","8":"product_cat-gniazda-tablicowe-cee-do-wbudowania-pl","10":"first","11":"instock","12":"shipping-taxable","13":"product-type-simple"},"aioseo_notices":[],"_links":{"self":[{"href":"https:\/\/as-schwabe.de\/pl\/wp-json\/wp\/v2\/product\/32593","targetHints":{"allow":["GET"]}}],"collection":[{"href":"https:\/\/as-schwabe.de\/pl\/wp-json\/wp\/v2\/product"}],"about":[{"href":"https:\/\/as-schwabe.de\/pl\/wp-json\/wp\/v2\/types\/product"}],"version-history":[{"count":0,"href":"https:\/\/as-schwabe.de\/pl\/wp-json\/wp\/v2\/product\/32593\/revisions"}],"wp:featuredmedia":[{"embeddable":true,"href":"https:\/\/as-schwabe.de\/pl\/wp-json\/wp\/v2\/media\/31472"}],"wp:attachment":[{"href":"https:\/\/as-schwabe.de\/pl\/wp-json\/wp\/v2\/media?parent=32593"}],"wp:term":[{"taxonomy":"product_brand","embeddable":true,"href":"https:\/\/as-schwabe.de\/pl\/wp-json\/wp\/v2\/genre?post=32593"},{"taxonomy":"product_cat","embeddable":true,"href":"https:\/\/as-schwabe.de\/pl\/wp-json\/wp\/v2\/product_cat?post=32593"},{"taxonomy":"product_tag","embeddable":true,"href":"https:\/\/as-schwabe.de\/pl\/wp-json\/wp\/v2\/product_tag?post=32593"}],"curies":[{"name":"wp","href":"https:\/\/api.w.org\/{rel}","templated":true}]}}